{"id":755,"date":"2025-12-09T09:28:29","date_gmt":"2025-12-09T08:28:29","guid":{"rendered":"https:\/\/pmk.click.si\/product\/vel-rerum\/"},"modified":"2025-12-10T14:37:53","modified_gmt":"2025-12-10T13:37:53","slug":"magneti","status":"publish","type":"product","link":"https:\/\/pokrajinskimuzejkoper.si\/it\/product\/magneti\/","title":{"rendered":"Magneti"},"content":{"rendered":"<p>3 magneti raffiguranti la statua di Atteone<\/p>\n<p><em>Una statua in bronzo di Atteone del I secolo d.C. sarebbe stata rinvenuta nel 1975 accanto all'ostello per studenti in via Cankarjeva a Capodistria. La statua di Atteone faceva probabilmente parte di un carro romano.\u00a0<\/em><\/p>","protected":false},"excerpt":{"rendered":"<p>3 magneti z upodobitvijo kipca Aktajona Bronast kipec Aktajona iz 1. stoletja na\u0161ega \u0161tetja, naj bi bil leta 1975 najden ob Dija\u0161kem domu na Cankarjevi ulici v Kopru. Kipec Aktajona je bil verjetno del rimskega voza.\u00a0<\/p>","protected":false},"featured_media":1116,"template":"","meta":{"_acf_changed":false,"inline_featured_image":false,"_monsterinsights_skip_tracking":false,"_monsterinsights_sitenote_active":false,"_monsterinsights_sitenote_note":"","_monsterinsights_sitenote_category":0},"product_brand":[],"product_cat":[15],"product_tag":[],"class_list":{"0":"post-755","1":"product","2":"type-product","3":"status-publish","4":"has-post-thumbnail","6":"product_cat-spominki","8":"first","9":"instock","10":"taxable","11":"shipping-taxable","12":"purchasable","13":"product-type-simple"},"acf":[],"aioseo_notices":[],"_links":{"self":[{"href":"https:\/\/pokrajinskimuzejkoper.si\/it\/wp-json\/wp\/v2\/product\/755","targetHints":{"allow":["GET"]}}],"collection":[{"href":"https:\/\/pokrajinskimuzejkoper.si\/it\/wp-json\/wp\/v2\/product"}],"about":[{"href":"https:\/\/pokrajinskimuzejkoper.si\/it\/wp-json\/wp\/v2\/types\/product"}],"wp:featuredmedia":[{"embeddable":true,"href":"https:\/\/pokrajinskimuzejkoper.si\/it\/wp-json\/wp\/v2\/media\/1116"}],"wp:attachment":[{"href":"https:\/\/pokrajinskimuzejkoper.si\/it\/wp-json\/wp\/v2\/media?parent=755"}],"wp:term":[{"taxonomy":"product_brand","embeddable":true,"href":"https:\/\/pokrajinskimuzejkoper.si\/it\/wp-json\/wp\/v2\/product_brand?post=755"},{"taxonomy":"product_cat","embeddable":true,"href":"https:\/\/pokrajinskimuzejkoper.si\/it\/wp-json\/wp\/v2\/product_cat?post=755"},{"taxonomy":"product_tag","embeddable":true,"href":"https:\/\/pokrajinskimuzejkoper.si\/it\/wp-json\/wp\/v2\/product_tag?post=755"}],"curies":[{"name":"wp","href":"https:\/\/api.w.org\/{rel}","templated":true}]}}