{"id":883,"date":"2025-12-09T12:41:20","date_gmt":"2025-12-09T11:41:20","guid":{"rendered":"https:\/\/pmk.click.si\/?page_id=883"},"modified":"2026-01-06T10:43:30","modified_gmt":"2026-01-06T09:43:30","slug":"svetilnik","status":"publish","type":"page","link":"https:\/\/pokrajinskimuzejkoper.si\/it\/izobrazevanje\/svetilnik\/","title":{"rendered":"Rivista Svetilnik"},"content":{"rendered":"<div data-elementor-type=\"wp-page\" data-elementor-id=\"883\" class=\"elementor elementor-883\" data-elementor-post-type=\"page\">\n\t\t\t\t<div class=\"elementor-element elementor-element-de37c6a e-flex e-con-boxed e-con e-parent\" data-id=\"de37c6a\" data-element_type=\"container\" data-e-type=\"container\" data-settings=\"{&quot;background_background&quot;:&quot;classic&quot;}\">\n\t\t\t\t\t<div class=\"e-con-inner\">\n\t\t\t\t<div class=\"elementor-element elementor-element-0ed8cb7 elementor-widget elementor-widget-heading\" data-id=\"0ed8cb7\" data-element_type=\"widget\" data-e-type=\"widget\" data-widget_type=\"heading.default\">\n\t\t\t\t\t<h1 class=\"elementor-heading-title elementor-size-default\">Rivista Svetilnik<\/h1>\t\t\t\t<\/div>\n\t\t\t\t\t<\/div>\n\t\t\t\t<\/div>\n\t\t<div class=\"elementor-element elementor-element-8b98527 e-flex e-con-boxed e-con e-parent\" data-id=\"8b98527\" data-element_type=\"container\" data-e-type=\"container\" data-settings=\"{&quot;background_background&quot;:&quot;gradient&quot;}\">\n\t\t\t\t\t<div class=\"e-con-inner\">\n\t\t\t\t<div class=\"elementor-element elementor-element-411aeee elementor-widget elementor-widget-eael-breadcrumbs\" data-id=\"411aeee\" data-element_type=\"widget\" data-e-type=\"widget\" data-widget_type=\"eael-breadcrumbs.default\">\n\t\t\t\t<div class=\"elementor-widget-container\">\n\t\t\t\t\t\t\t<div class=\"eael-breadcrumbs\">\n\t\t\t<div class=\"eael-breadcrumbs__content\"><a href=\"https:\/\/pokrajinskimuzejkoper.si\/it\">Home<\/a> <span class=\"eael-breadcrumb-separator\"><svg aria-hidden=\"true\" class=\"e-font-icon-svg e-fas-angle-right\" viewbox=\"0 0 256 512\" xmlns=\"http:\/\/www.w3.org\/2000\/svg\"><path d=\"M224.3 273l-136 136c-9.4 9.4-24.6 9.4-33.9 0l-22.6-22.6c-9.4-9.4-9.4-24.6 0-33.9l96.4-96.4-96.4-96.4c-9.4-9.4-9.4-24.6 0-33.9L54.3 103c9.4-9.4 24.6-9.4 33.9 0l136 136c9.5 9.4 9.5 24.6.1 34z\"><\/path><\/svg><\/span> <span class = \"eael-current\">Pagina<\/span><\/div>\t\t<\/div>\n\t\t\t\t\t\t<\/div>\n\t\t\t\t<\/div>\n\t\t\t\t<div class=\"elementor-element elementor-element-8d6bd08 elementor-share-buttons--view-icon elementor-share-buttons--shape-circle elementor-share-buttons--color-custom elementor-share-buttons--skin-gradient elementor-grid-0 elementor-widget elementor-widget-share-buttons\" data-id=\"8d6bd08\" data-element_type=\"widget\" data-e-type=\"widget\" data-widget_type=\"share-buttons.default\">\n\t\t\t\t\t\t\t<div class=\"elementor-grid\" role=\"list\">\n\t\t\t\t\t\t\t\t<div class=\"elementor-grid-item\" role=\"listitem\">\n\t\t\t\t\t\t<div class=\"elementor-share-btn elementor-share-btn_facebook\" role=\"button\" tabindex=\"0\" aria-label=\"Share on facebook\" data-no-translation-aria-label=\"\">\n\t\t\t\t\t\t\t\t\t\t\t\t\t\t\t<span class=\"elementor-share-btn__icon\">\n\t\t\t\t\t\t\t\t<svg aria-hidden=\"true\" class=\"e-font-icon-svg e-fab-facebook\" viewbox=\"0 0 512 512\" xmlns=\"http:\/\/www.w3.org\/2000\/svg\"><path d=\"M504 256C504 119 393 8 256 8S8 119 8 256c0 123.78 90.69 226.38 209.25 245V327.69h-63V256h63v-54.64c0-62.15 37-96.48 93.67-96.48 27.14 0 55.52 4.84 55.52 4.84v61h-31.28c-30.8 0-40.41 19.12-40.41 38.73V256h68.78l-11 71.69h-57.78V501C413.31 482.38 504 379.78 504 256z\"><\/path><\/svg>\t\t\t\t\t\t\t<\/span>\n\t\t\t\t\t\t\t\t\t\t\t\t\t\t\t\t\t\t\t\t<\/div>\n\t\t\t\t\t<\/div>\n\t\t\t\t\t\t\t\t\t<div class=\"elementor-grid-item\" role=\"listitem\">\n\t\t\t\t\t\t<div class=\"elementor-share-btn elementor-share-btn_x-twitter\" role=\"button\" tabindex=\"0\" aria-label=\"Share on x-twitter\" data-no-translation-aria-label=\"\">\n\t\t\t\t\t\t\t\t\t\t\t\t\t\t\t<span class=\"elementor-share-btn__icon\">\n\t\t\t\t\t\t\t\t<svg aria-hidden=\"true\" class=\"e-font-icon-svg e-fab-x-twitter\" viewbox=\"0 0 512 512\" xmlns=\"http:\/\/www.w3.org\/2000\/svg\"><path d=\"M389.2 48h70.6L305.6 224.2 487 464H345L233.7 318.6 106.5 464H35.8L200.7 275.5 26.8 48H172.4L272.9 180.9 389.2 48zM364.4 421.8h39.1L151.1 88h-42L364.4 421.8z\"><\/path><\/svg>\t\t\t\t\t\t\t<\/span>\n\t\t\t\t\t\t\t\t\t\t\t\t\t\t\t\t\t\t\t\t<\/div>\n\t\t\t\t\t<\/div>\n\t\t\t\t\t\t\t\t\t<div class=\"elementor-grid-item\" role=\"listitem\">\n\t\t\t\t\t\t<div class=\"elementor-share-btn elementor-share-btn_linkedin\" role=\"button\" tabindex=\"0\" aria-label=\"Share on linkedin\" data-no-translation-aria-label=\"\">\n\t\t\t\t\t\t\t\t\t\t\t\t\t\t\t<span class=\"elementor-share-btn__icon\">\n\t\t\t\t\t\t\t\t<svg aria-hidden=\"true\" class=\"e-font-icon-svg e-fab-linkedin\" viewbox=\"0 0 448 512\" xmlns=\"http:\/\/www.w3.org\/2000\/svg\"><path d=\"M416 32H31.9C14.3 32 0 46.5 0 64.3v383.4C0 465.5 14.3 480 31.9 480H416c17.6 0 32-14.5 32-32.3V64.3c0-17.8-14.4-32.3-32-32.3zM135.4 416H69V202.2h66.5V416zm-33.2-243c-21.3 0-38.5-17.3-38.5-38.5S80.9 96 102.2 96c21.2 0 38.5 17.3 38.5 38.5 0 21.3-17.2 38.5-38.5 38.5zm282.1 243h-66.4V312c0-24.8-.5-56.7-34.5-56.7-34.6 0-39.9 27-39.9 54.9V416h-66.4V202.2h63.7v29.2h.9c8.9-16.8 30.6-34.5 62.9-34.5 67.2 0 79.7 44.3 79.7 101.9V416z\"><\/path><\/svg>\t\t\t\t\t\t\t<\/span>\n\t\t\t\t\t\t\t\t\t\t\t\t\t\t\t\t\t\t\t\t<\/div>\n\t\t\t\t\t<\/div>\n\t\t\t\t\t\t\t\t\t<div class=\"elementor-grid-item\" role=\"listitem\">\n\t\t\t\t\t\t<div class=\"elementor-share-btn elementor-share-btn_email\" role=\"button\" tabindex=\"0\" aria-label=\"Share on email\" data-no-translation-aria-label=\"\">\n\t\t\t\t\t\t\t\t\t\t\t\t\t\t\t<span class=\"elementor-share-btn__icon\">\n\t\t\t\t\t\t\t\t<svg aria-hidden=\"true\" class=\"e-font-icon-svg e-fas-envelope\" viewbox=\"0 0 512 512\" xmlns=\"http:\/\/www.w3.org\/2000\/svg\"><path d=\"M502.3 190.8c3.9-3.1 9.7-.2 9.7 4.7V400c0 26.5-21.5 48-48 48H48c-26.5 0-48-21.5-48-48V195.6c0-5 5.7-7.8 9.7-4.7 22.4 17.4 52.1 39.5 154.1 113.6 21.1 15.4 56.7 47.8 92.2 47.6 35.7.3 72-32.8 92.3-47.6 102-74.1 131.6-96.3 154-113.7zM256 320c23.2.4 56.6-29.2 73.4-41.4 132.7-96.3 142.8-104.7 173.4-128.7 5.8-4.5 9.2-11.5 9.2-18.9v-19c0-26.5-21.5-48-48-48H48C21.5 64 0 85.5 0 112v19c0 7.4 3.4 14.3 9.2 18.9 30.6 23.9 40.7 32.4 173.4 128.7 16.8 12.2 50.2 41.8 73.4 41.4z\"><\/path><\/svg>\t\t\t\t\t\t\t<\/span>\n\t\t\t\t\t\t\t\t\t\t\t\t\t\t\t\t\t\t\t\t<\/div>\n\t\t\t\t\t<\/div>\n\t\t\t\t\t\t<\/div>\n\t\t\t\t\t\t<\/div>\n\t\t\t\t\t<\/div>\n\t\t\t\t<\/div>\n\t\t<div class=\"elementor-element elementor-element-c896c30 e-flex e-con-boxed e-con e-parent\" data-id=\"c896c30\" data-element_type=\"container\" data-e-type=\"container\">\n\t\t\t\t\t<div class=\"e-con-inner\">\n\t\t\t\t<div class=\"elementor-element elementor-element-ce72959 elementor-widget elementor-widget-text-editor\" data-id=\"ce72959\" data-element_type=\"widget\" data-e-type=\"widget\" data-widget_type=\"text-editor.default\">\n\t\t\t\t\t\t\t\t\t<p><strong>Svetilnik (Il faro) \u00e8 il giornale per bambini con contenuti culturali <\/strong><\/p><p>Si tratta di una rivista gratuita, un progetto congiunto di diverse istituzioni culturali costiere, che presenta agli scolari i contenuti culturali delle tre citt\u00e0 costiere e dell'entroterra attraverso brevi articoli, enigmi, quiz, pagine da colorare e altri divertenti compiti.<\/p><p>Il Museo regionale di Capodistria presenta le sue collezioni nella sezione Tesori museali.<\/p>\t\t\t\t\t\t\t\t<\/div>\n\t\t\t\t<div class=\"elementor-element elementor-element-e483fcf elementor-widget elementor-widget-heading\" data-id=\"e483fcf\" data-element_type=\"widget\" data-e-type=\"widget\" data-widget_type=\"heading.default\">\n\t\t\t\t\t<h2 class=\"elementor-heading-title elementor-size-default\">Numeri attuali di Svetilnik<\/h2>\t\t\t\t<\/div>\n\t\t\t\t<div class=\"elementor-element elementor-element-831cd47 elementor-widget elementor-widget-text-editor\" data-id=\"831cd47\" data-element_type=\"widget\" data-e-type=\"widget\" data-widget_type=\"text-editor.default\">\n\t\t\t\t\t\t\t\t\t<p>Clicca sull'immagine e leggi.<\/p>\t\t\t\t\t\t\t\t<\/div>\n\t\t<div class=\"elementor-element elementor-element-8ada7bb e-con-full e-flex e-con e-child\" data-id=\"8ada7bb\" data-element_type=\"container\" data-e-type=\"container\">\n\t\t\t\t<div class=\"elementor-element elementor-element-5a0d03b elementor-widget elementor-widget-image\" data-id=\"5a0d03b\" data-element_type=\"widget\" data-e-type=\"widget\" data-widget_type=\"image.default\">\n\t\t\t\t\t\t\t\t\t\t\t\t<figure class=\"wp-caption\">\n\t\t\t\t\t\t\t\t\t\t\t<a href=\"\/wp-content\/uploads\/2025\/12\/Svetilnik_maj_2021.pdf\" target=\"_blank\">\n\t\t\t\t\t\t\t<img fetchpriority=\"high\" decoding=\"async\" width=\"800\" height=\"796\" src=\"https:\/\/pokrajinskimuzejkoper.si\/wp-content\/uploads\/2025\/12\/svetilnik-maj-2021.jpg\" class=\"attachment-large size-large wp-image-1361\" alt=\"\" srcset=\"https:\/\/pokrajinskimuzejkoper.si\/wp-content\/uploads\/2025\/12\/svetilnik-maj-2021.jpg 800w, https:\/\/pokrajinskimuzejkoper.si\/wp-content\/uploads\/2025\/12\/svetilnik-maj-2021-300x300.jpg 300w, https:\/\/pokrajinskimuzejkoper.si\/wp-content\/uploads\/2025\/12\/svetilnik-maj-2021-150x150.jpg 150w, https:\/\/pokrajinskimuzejkoper.si\/wp-content\/uploads\/2025\/12\/svetilnik-maj-2021-768x764.jpg 768w, https:\/\/pokrajinskimuzejkoper.si\/wp-content\/uploads\/2025\/12\/svetilnik-maj-2021-600x597.jpg 600w, https:\/\/pokrajinskimuzejkoper.si\/wp-content\/uploads\/2025\/12\/svetilnik-maj-2021-100x100.jpg 100w\" sizes=\"(max-width: 800px) 100vw, 800px\" \/>\t\t\t\t\t\t\t\t<\/a>\n\t\t\t\t\t\t\t\t\t\t\t<figcaption class=\"widget-image-caption wp-caption-text\">Maggio 2021<\/figcaption>\n\t\t\t\t\t\t\t\t\t\t<\/figure>\n\t\t\t\t\t\t\t\t\t<\/div>\n\t\t\t\t<div class=\"elementor-element elementor-element-8694775 elementor-widget elementor-widget-image\" data-id=\"8694775\" data-element_type=\"widget\" data-e-type=\"widget\" data-widget_type=\"image.default\">\n\t\t\t\t\t\t\t\t\t\t\t\t<figure class=\"wp-caption\">\n\t\t\t\t\t\t\t\t\t\t\t<a href=\"\/wp-content\/uploads\/2025\/12\/Svetilnik_december_2020.pdf\" target=\"_blank\">\n\t\t\t\t\t\t\t<img decoding=\"async\" width=\"800\" height=\"799\" src=\"https:\/\/pokrajinskimuzejkoper.si\/wp-content\/uploads\/2025\/12\/svetilnik-december-2020.jpg\" class=\"attachment-large size-large wp-image-1362\" alt=\"\" srcset=\"https:\/\/pokrajinskimuzejkoper.si\/wp-content\/uploads\/2025\/12\/svetilnik-december-2020.jpg 800w, https:\/\/pokrajinskimuzejkoper.si\/wp-content\/uploads\/2025\/12\/svetilnik-december-2020-300x300.jpg 300w, https:\/\/pokrajinskimuzejkoper.si\/wp-content\/uploads\/2025\/12\/svetilnik-december-2020-150x150.jpg 150w, https:\/\/pokrajinskimuzejkoper.si\/wp-content\/uploads\/2025\/12\/svetilnik-december-2020-768x767.jpg 768w, https:\/\/pokrajinskimuzejkoper.si\/wp-content\/uploads\/2025\/12\/svetilnik-december-2020-600x599.jpg 600w, https:\/\/pokrajinskimuzejkoper.si\/wp-content\/uploads\/2025\/12\/svetilnik-december-2020-100x100.jpg 100w\" sizes=\"(max-width: 800px) 100vw, 800px\" \/>\t\t\t\t\t\t\t\t<\/a>\n\t\t\t\t\t\t\t\t\t\t\t<figcaption class=\"widget-image-caption wp-caption-text\">Dicembre 2020<\/figcaption>\n\t\t\t\t\t\t\t\t\t\t<\/figure>\n\t\t\t\t\t\t\t\t\t<\/div>\n\t\t\t\t<div class=\"elementor-element elementor-element-ade2c6b elementor-widget elementor-widget-image\" data-id=\"ade2c6b\" data-element_type=\"widget\" data-e-type=\"widget\" data-widget_type=\"image.default\">\n\t\t\t\t\t\t\t\t\t\t\t\t<figure class=\"wp-caption\">\n\t\t\t\t\t\t\t\t\t\t\t<a href=\"\/wp-content\/uploads\/2025\/12\/Svetilnik_julij_2020.pdf\" target=\"_blank\">\n\t\t\t\t\t\t\t<img decoding=\"async\" width=\"800\" height=\"805\" src=\"https:\/\/pokrajinskimuzejkoper.si\/wp-content\/uploads\/2025\/12\/svetilnik-julij-2020.jpg\" class=\"attachment-large size-large wp-image-1363\" alt=\"\" srcset=\"https:\/\/pokrajinskimuzejkoper.si\/wp-content\/uploads\/2025\/12\/svetilnik-julij-2020.jpg 800w, https:\/\/pokrajinskimuzejkoper.si\/wp-content\/uploads\/2025\/12\/svetilnik-julij-2020-298x300.jpg 298w, https:\/\/pokrajinskimuzejkoper.si\/wp-content\/uploads\/2025\/12\/svetilnik-julij-2020-150x150.jpg 150w, https:\/\/pokrajinskimuzejkoper.si\/wp-content\/uploads\/2025\/12\/svetilnik-julij-2020-768x773.jpg 768w, https:\/\/pokrajinskimuzejkoper.si\/wp-content\/uploads\/2025\/12\/svetilnik-julij-2020-600x604.jpg 600w, https:\/\/pokrajinskimuzejkoper.si\/wp-content\/uploads\/2025\/12\/svetilnik-julij-2020-100x100.jpg 100w\" sizes=\"(max-width: 800px) 100vw, 800px\" \/>\t\t\t\t\t\t\t\t<\/a>\n\t\t\t\t\t\t\t\t\t\t\t<figcaption class=\"widget-image-caption wp-caption-text\">Luglio 2020<\/figcaption>\n\t\t\t\t\t\t\t\t\t\t<\/figure>\n\t\t\t\t\t\t\t\t\t<\/div>\n\t\t\t\t<div class=\"elementor-element elementor-element-746b50b elementor-widget elementor-widget-image\" data-id=\"746b50b\" data-element_type=\"widget\" data-e-type=\"widget\" data-widget_type=\"image.default\">\n\t\t\t\t\t\t\t\t\t\t\t\t<figure class=\"wp-caption\">\n\t\t\t\t\t\t\t\t\t\t\t<a href=\"\/wp-content\/uploads\/2025\/12\/Svetilnik_april_2020.pdf\" target=\"_blank\">\n\t\t\t\t\t\t\t<img loading=\"lazy\" decoding=\"async\" width=\"800\" height=\"806\" src=\"https:\/\/pokrajinskimuzejkoper.si\/wp-content\/uploads\/2025\/12\/svetilnik-april-2020-1017x1024.jpg\" class=\"attachment-large size-large wp-image-1364\" alt=\"\" srcset=\"https:\/\/pokrajinskimuzejkoper.si\/wp-content\/uploads\/2025\/12\/svetilnik-april-2020-1017x1024.jpg 1017w, https:\/\/pokrajinskimuzejkoper.si\/wp-content\/uploads\/2025\/12\/svetilnik-april-2020-298x300.jpg 298w, https:\/\/pokrajinskimuzejkoper.si\/wp-content\/uploads\/2025\/12\/svetilnik-april-2020-150x150.jpg 150w, https:\/\/pokrajinskimuzejkoper.si\/wp-content\/uploads\/2025\/12\/svetilnik-april-2020-768x773.jpg 768w, https:\/\/pokrajinskimuzejkoper.si\/wp-content\/uploads\/2025\/12\/svetilnik-april-2020-600x604.jpg 600w, https:\/\/pokrajinskimuzejkoper.si\/wp-content\/uploads\/2025\/12\/svetilnik-april-2020-100x100.jpg 100w, https:\/\/pokrajinskimuzejkoper.si\/wp-content\/uploads\/2025\/12\/svetilnik-april-2020.jpg 1489w\" sizes=\"(max-width: 800px) 100vw, 800px\" \/>\t\t\t\t\t\t\t\t<\/a>\n\t\t\t\t\t\t\t\t\t\t\t<figcaption class=\"widget-image-caption wp-caption-text\">Aprile 2020<\/figcaption>\n\t\t\t\t\t\t\t\t\t\t<\/figure>\n\t\t\t\t\t\t\t\t\t<\/div>\n\t\t\t\t<\/div>\n\t\t\t\t\t<\/div>\n\t\t\t\t<\/div>\n\t\t\t\t<\/div>","protected":false},"excerpt":{"rendered":"<p>Svetilnik Domov Stran Svetilnik je \u010dasopis za otroke s kulturnimi vsebinami. Skupni projekt ve\u010d obalnih kulturnih ustanov je brezpla\u010dna revija, ki skozi kraj\u0161e \u010dlanke, uganke, kvize, pobarvanke in druge zabavne naloge predstavlja \u0161olarjem kulturne vsebine treh obalnih mest in zaledja. Pokrajinski muzej Koper svoje zbirke predstavlja v rubriki Muzejski zakladi. Aktualne izdaje Svetilnika Klikni na [&hellip;]<\/p>\n","protected":false},"author":1,"featured_media":0,"parent":627,"menu_order":0,"comment_status":"closed","ping_status":"closed","template":"","meta":{"_acf_changed":false,"inline_featured_image":false,"_monsterinsights_skip_tracking":false,"_monsterinsights_sitenote_active":false,"_monsterinsights_sitenote_note":"","_monsterinsights_sitenote_category":0,"footnotes":""},"class_list":["post-883","page","type-page","status-publish","hentry"],"acf":[],"aioseo_notices":[],"_links":{"self":[{"href":"https:\/\/pokrajinskimuzejkoper.si\/it\/wp-json\/wp\/v2\/pages\/883","targetHints":{"allow":["GET"]}}],"collection":[{"href":"https:\/\/pokrajinskimuzejkoper.si\/it\/wp-json\/wp\/v2\/pages"}],"about":[{"href":"https:\/\/pokrajinskimuzejkoper.si\/it\/wp-json\/wp\/v2\/types\/page"}],"author":[{"embeddable":true,"href":"https:\/\/pokrajinskimuzejkoper.si\/it\/wp-json\/wp\/v2\/users\/1"}],"replies":[{"embeddable":true,"href":"https:\/\/pokrajinskimuzejkoper.si\/it\/wp-json\/wp\/v2\/comments?post=883"}],"version-history":[{"count":16,"href":"https:\/\/pokrajinskimuzejkoper.si\/it\/wp-json\/wp\/v2\/pages\/883\/revisions"}],"predecessor-version":[{"id":2199,"href":"https:\/\/pokrajinskimuzejkoper.si\/it\/wp-json\/wp\/v2\/pages\/883\/revisions\/2199"}],"up":[{"embeddable":true,"href":"https:\/\/pokrajinskimuzejkoper.si\/it\/wp-json\/wp\/v2\/pages\/627"}],"wp:attachment":[{"href":"https:\/\/pokrajinskimuzejkoper.si\/it\/wp-json\/wp\/v2\/media?parent=883"}],"curies":[{"name":"wp","href":"https:\/\/api.w.org\/{rel}","templated":true}]}}