{"id":879,"date":"2025-12-09T12:40:03","date_gmt":"2025-12-09T11:40:03","guid":{"rendered":"https:\/\/pmk.click.si\/?page_id=879"},"modified":"2025-12-22T15:52:07","modified_gmt":"2025-12-22T14:52:07","slug":"zabavni-izzivi","status":"publish","type":"page","link":"https:\/\/pokrajinskimuzejkoper.si\/it\/izobrazevanje\/zabavni-izzivi\/","title":{"rendered":"Divertimento"},"content":{"rendered":"<div data-elementor-type=\"wp-page\" data-elementor-id=\"879\" class=\"elementor elementor-879\" data-elementor-post-type=\"page\">\n\t\t\t\t<div class=\"elementor-element elementor-element-261135c e-flex e-con-boxed e-con e-parent\" data-id=\"261135c\" data-element_type=\"container\" data-e-type=\"container\" data-settings=\"{&quot;background_background&quot;:&quot;classic&quot;}\">\n\t\t\t\t\t<div class=\"e-con-inner\">\n\t\t\t\t<div class=\"elementor-element elementor-element-6e89d4b elementor-widget elementor-widget-heading\" data-id=\"6e89d4b\" data-element_type=\"widget\" data-e-type=\"widget\" data-widget_type=\"heading.default\">\n\t\t\t\t\t<h1 class=\"elementor-heading-title elementor-size-default\">Divertimento<\/h1>\t\t\t\t<\/div>\n\t\t\t\t<div class=\"elementor-element elementor-element-158d835 elementor-absolute elementor-widget elementor-widget-image\" data-id=\"158d835\" data-element_type=\"widget\" data-e-type=\"widget\" data-settings=\"{&quot;_position&quot;:&quot;absolute&quot;}\" data-widget_type=\"image.default\">\n\t\t\t\t\t\t\t\t\t\t\t\t\t\t\t<img fetchpriority=\"high\" decoding=\"async\" width=\"800\" height=\"800\" src=\"https:\/\/pokrajinskimuzejkoper.si\/wp-content\/uploads\/2025\/12\/kuzek-igraj-se.png\" class=\"attachment-large size-large wp-image-1502\" alt=\"\" srcset=\"https:\/\/pokrajinskimuzejkoper.si\/wp-content\/uploads\/2025\/12\/kuzek-igraj-se.png 800w, https:\/\/pokrajinskimuzejkoper.si\/wp-content\/uploads\/2025\/12\/kuzek-igraj-se-300x300.png 300w, https:\/\/pokrajinskimuzejkoper.si\/wp-content\/uploads\/2025\/12\/kuzek-igraj-se-150x150.png 150w, https:\/\/pokrajinskimuzejkoper.si\/wp-content\/uploads\/2025\/12\/kuzek-igraj-se-768x768.png 768w, https:\/\/pokrajinskimuzejkoper.si\/wp-content\/uploads\/2025\/12\/kuzek-igraj-se-600x600.png 600w, https:\/\/pokrajinskimuzejkoper.si\/wp-content\/uploads\/2025\/12\/kuzek-igraj-se-100x100.png 100w\" sizes=\"(max-width: 800px) 100vw, 800px\" \/>\t\t\t\t\t\t\t\t\t\t\t\t\t\t\t<\/div>\n\t\t\t\t\t<\/div>\n\t\t\t\t<\/div>\n\t\t<div class=\"elementor-element elementor-element-ed8fd56 e-flex e-con-boxed e-con e-parent\" data-id=\"ed8fd56\" data-element_type=\"container\" data-e-type=\"container\" data-settings=\"{&quot;background_background&quot;:&quot;gradient&quot;}\">\n\t\t\t\t\t<div class=\"e-con-inner\">\n\t\t\t\t<div class=\"elementor-element elementor-element-865d30b elementor-widget elementor-widget-eael-breadcrumbs\" data-id=\"865d30b\" data-element_type=\"widget\" data-e-type=\"widget\" data-widget_type=\"eael-breadcrumbs.default\">\n\t\t\t\t<div class=\"elementor-widget-container\">\n\t\t\t\t\t\t\t<div class=\"eael-breadcrumbs\">\n\t\t\t<div class=\"eael-breadcrumbs__content\"><a href=\"https:\/\/pokrajinskimuzejkoper.si\/it\">Home<\/a> <span class=\"eael-breadcrumb-separator\"><svg aria-hidden=\"true\" class=\"e-font-icon-svg e-fas-angle-right\" viewbox=\"0 0 256 512\" xmlns=\"http:\/\/www.w3.org\/2000\/svg\"><path d=\"M224.3 273l-136 136c-9.4 9.4-24.6 9.4-33.9 0l-22.6-22.6c-9.4-9.4-9.4-24.6 0-33.9l96.4-96.4-96.4-96.4c-9.4-9.4-9.4-24.6 0-33.9L54.3 103c9.4-9.4 24.6-9.4 33.9 0l136 136c9.5 9.4 9.5 24.6.1 34z\"><\/path><\/svg><\/span> <span class = \"eael-current\">Pagina<\/span><\/div>\t\t<\/div>\n\t\t\t\t\t\t<\/div>\n\t\t\t\t<\/div>\n\t\t\t\t<div class=\"elementor-element elementor-element-9b6195e elementor-share-buttons--view-icon elementor-share-buttons--shape-circle elementor-share-buttons--color-custom elementor-share-buttons--skin-gradient elementor-grid-0 elementor-widget elementor-widget-share-buttons\" data-id=\"9b6195e\" data-element_type=\"widget\" data-e-type=\"widget\" data-widget_type=\"share-buttons.default\">\n\t\t\t\t\t\t\t<div class=\"elementor-grid\" role=\"list\">\n\t\t\t\t\t\t\t\t<div class=\"elementor-grid-item\" role=\"listitem\">\n\t\t\t\t\t\t<div class=\"elementor-share-btn elementor-share-btn_facebook\" role=\"button\" tabindex=\"0\" aria-label=\"Share on facebook\">\n\t\t\t\t\t\t\t\t\t\t\t\t\t\t\t<span class=\"elementor-share-btn__icon\">\n\t\t\t\t\t\t\t\t<svg aria-hidden=\"true\" class=\"e-font-icon-svg e-fab-facebook\" viewbox=\"0 0 512 512\" xmlns=\"http:\/\/www.w3.org\/2000\/svg\"><path d=\"M504 256C504 119 393 8 256 8S8 119 8 256c0 123.78 90.69 226.38 209.25 245V327.69h-63V256h63v-54.64c0-62.15 37-96.48 93.67-96.48 27.14 0 55.52 4.84 55.52 4.84v61h-31.28c-30.8 0-40.41 19.12-40.41 38.73V256h68.78l-11 71.69h-57.78V501C413.31 482.38 504 379.78 504 256z\"><\/path><\/svg>\t\t\t\t\t\t\t<\/span>\n\t\t\t\t\t\t\t\t\t\t\t\t\t\t\t\t\t\t\t\t<\/div>\n\t\t\t\t\t<\/div>\n\t\t\t\t\t\t\t\t\t<div class=\"elementor-grid-item\" role=\"listitem\">\n\t\t\t\t\t\t<div class=\"elementor-share-btn elementor-share-btn_x-twitter\" role=\"button\" tabindex=\"0\" aria-label=\"Share on x-twitter\">\n\t\t\t\t\t\t\t\t\t\t\t\t\t\t\t<span class=\"elementor-share-btn__icon\">\n\t\t\t\t\t\t\t\t<svg aria-hidden=\"true\" class=\"e-font-icon-svg e-fab-x-twitter\" viewbox=\"0 0 512 512\" xmlns=\"http:\/\/www.w3.org\/2000\/svg\"><path d=\"M389.2 48h70.6L305.6 224.2 487 464H345L233.7 318.6 106.5 464H35.8L200.7 275.5 26.8 48H172.4L272.9 180.9 389.2 48zM364.4 421.8h39.1L151.1 88h-42L364.4 421.8z\"><\/path><\/svg>\t\t\t\t\t\t\t<\/span>\n\t\t\t\t\t\t\t\t\t\t\t\t\t\t\t\t\t\t\t\t<\/div>\n\t\t\t\t\t<\/div>\n\t\t\t\t\t\t\t\t\t<div class=\"elementor-grid-item\" role=\"listitem\">\n\t\t\t\t\t\t<div class=\"elementor-share-btn elementor-share-btn_linkedin\" role=\"button\" tabindex=\"0\" aria-label=\"Share on linkedin\">\n\t\t\t\t\t\t\t\t\t\t\t\t\t\t\t<span class=\"elementor-share-btn__icon\">\n\t\t\t\t\t\t\t\t<svg aria-hidden=\"true\" class=\"e-font-icon-svg e-fab-linkedin\" viewbox=\"0 0 448 512\" xmlns=\"http:\/\/www.w3.org\/2000\/svg\"><path d=\"M416 32H31.9C14.3 32 0 46.5 0 64.3v383.4C0 465.5 14.3 480 31.9 480H416c17.6 0 32-14.5 32-32.3V64.3c0-17.8-14.4-32.3-32-32.3zM135.4 416H69V202.2h66.5V416zm-33.2-243c-21.3 0-38.5-17.3-38.5-38.5S80.9 96 102.2 96c21.2 0 38.5 17.3 38.5 38.5 0 21.3-17.2 38.5-38.5 38.5zm282.1 243h-66.4V312c0-24.8-.5-56.7-34.5-56.7-34.6 0-39.9 27-39.9 54.9V416h-66.4V202.2h63.7v29.2h.9c8.9-16.8 30.6-34.5 62.9-34.5 67.2 0 79.7 44.3 79.7 101.9V416z\"><\/path><\/svg>\t\t\t\t\t\t\t<\/span>\n\t\t\t\t\t\t\t\t\t\t\t\t\t\t\t\t\t\t\t\t<\/div>\n\t\t\t\t\t<\/div>\n\t\t\t\t\t\t\t\t\t<div class=\"elementor-grid-item\" role=\"listitem\">\n\t\t\t\t\t\t<div class=\"elementor-share-btn elementor-share-btn_email\" role=\"button\" tabindex=\"0\" aria-label=\"Share on email\">\n\t\t\t\t\t\t\t\t\t\t\t\t\t\t\t<span class=\"elementor-share-btn__icon\">\n\t\t\t\t\t\t\t\t<svg aria-hidden=\"true\" class=\"e-font-icon-svg e-fas-envelope\" viewbox=\"0 0 512 512\" xmlns=\"http:\/\/www.w3.org\/2000\/svg\"><path d=\"M502.3 190.8c3.9-3.1 9.7-.2 9.7 4.7V400c0 26.5-21.5 48-48 48H48c-26.5 0-48-21.5-48-48V195.6c0-5 5.7-7.8 9.7-4.7 22.4 17.4 52.1 39.5 154.1 113.6 21.1 15.4 56.7 47.8 92.2 47.6 35.7.3 72-32.8 92.3-47.6 102-74.1 131.6-96.3 154-113.7zM256 320c23.2.4 56.6-29.2 73.4-41.4 132.7-96.3 142.8-104.7 173.4-128.7 5.8-4.5 9.2-11.5 9.2-18.9v-19c0-26.5-21.5-48-48-48H48C21.5 64 0 85.5 0 112v19c0 7.4 3.4 14.3 9.2 18.9 30.6 23.9 40.7 32.4 173.4 128.7 16.8 12.2 50.2 41.8 73.4 41.4z\"><\/path><\/svg>\t\t\t\t\t\t\t<\/span>\n\t\t\t\t\t\t\t\t\t\t\t\t\t\t\t\t\t\t\t\t<\/div>\n\t\t\t\t\t<\/div>\n\t\t\t\t\t\t<\/div>\n\t\t\t\t\t\t<\/div>\n\t\t\t\t\t<\/div>\n\t\t\t\t<\/div>\n\t\t<div class=\"elementor-element elementor-element-f417118 e-flex e-con-boxed e-con e-parent\" data-id=\"f417118\" data-element_type=\"container\" data-e-type=\"container\">\n\t\t\t\t\t<div class=\"e-con-inner\">\n\t\t<div class=\"elementor-element elementor-element-b6b75d2 e-con-full e-flex e-con e-child\" data-id=\"b6b75d2\" data-element_type=\"container\" data-e-type=\"container\" data-settings=\"{&quot;background_background&quot;:&quot;classic&quot;}\">\n\t\t<a class=\"eael-wrapper-link-97a46cf --eael-wrapper-link-tag\" href=\"https:\/\/kviz.pokrajinskimuzejkoper.si\/Ali%20si%20muzejoljubec_sl\"><\/a><div data-eael-wrapper-link=\"eael-wrapper-link-97a46cf\" class=\"elementor-element elementor-element-97a46cf e-con-full e-flex e-con e-child\" data-id=\"97a46cf\" data-element_type=\"container\" data-e-type=\"container\" data-settings=\"{&quot;background_background&quot;:&quot;classic&quot;}\">\n\t\t\t\t<div class=\"elementor-element elementor-element-6634808 elementor-widget elementor-widget-image\" data-id=\"6634808\" data-element_type=\"widget\" data-e-type=\"widget\" data-widget_type=\"image.default\">\n\t\t\t\t\t\t\t\t\t\t\t\t\t\t\t<img decoding=\"async\" width=\"800\" height=\"534\" src=\"https:\/\/pokrajinskimuzejkoper.si\/wp-content\/uploads\/2025\/12\/muzejoljubec.jpg\" class=\"attachment-large size-large wp-image-1507\" alt=\"\" srcset=\"https:\/\/pokrajinskimuzejkoper.si\/wp-content\/uploads\/2025\/12\/muzejoljubec.jpg 800w, https:\/\/pokrajinskimuzejkoper.si\/wp-content\/uploads\/2025\/12\/muzejoljubec-300x200.jpg 300w, https:\/\/pokrajinskimuzejkoper.si\/wp-content\/uploads\/2025\/12\/muzejoljubec-768x513.jpg 768w, https:\/\/pokrajinskimuzejkoper.si\/wp-content\/uploads\/2025\/12\/muzejoljubec-600x401.jpg 600w\" sizes=\"(max-width: 800px) 100vw, 800px\" \/>\t\t\t\t\t\t\t\t\t\t\t\t\t\t\t<\/div>\n\t\t\t\t<div class=\"elementor-element elementor-element-34bdf18 elementor-widget elementor-widget-heading\" data-id=\"34bdf18\" data-element_type=\"widget\" data-e-type=\"widget\" data-widget_type=\"heading.default\">\n\t\t\t\t\t<h3 class=\"elementor-heading-title elementor-size-default\">Ami i musei?<\/h3>\t\t\t\t<\/div>\n\t\t\t\t<\/div>\n\t\t<a class=\"eael-wrapper-link-b12ef1c --eael-wrapper-link-tag\" href=\"https:\/\/kviz.pokrajinskimuzejkoper.si\/Koliko%20pozna%C5%A1%20Pokrajinski%20muzej%20Koper_sl\"><\/a><div data-eael-wrapper-link=\"eael-wrapper-link-b12ef1c\" class=\"elementor-element elementor-element-b12ef1c e-con-full e-flex e-con e-child\" data-id=\"b12ef1c\" data-element_type=\"container\" data-e-type=\"container\" data-settings=\"{&quot;background_background&quot;:&quot;classic&quot;}\">\n\t\t\t\t<div class=\"elementor-element elementor-element-854afa0 elementor-widget elementor-widget-image\" data-id=\"854afa0\" data-element_type=\"widget\" data-e-type=\"widget\" data-widget_type=\"image.default\">\n\t\t\t\t\t\t\t\t\t\t\t\t\t\t\t<img decoding=\"async\" width=\"800\" height=\"534\" src=\"https:\/\/pokrajinskimuzejkoper.si\/wp-content\/uploads\/2025\/12\/koliko-poznas-pmk.jpg\" class=\"attachment-large size-large wp-image-1508\" alt=\"\" srcset=\"https:\/\/pokrajinskimuzejkoper.si\/wp-content\/uploads\/2025\/12\/koliko-poznas-pmk.jpg 800w, https:\/\/pokrajinskimuzejkoper.si\/wp-content\/uploads\/2025\/12\/koliko-poznas-pmk-300x200.jpg 300w, https:\/\/pokrajinskimuzejkoper.si\/wp-content\/uploads\/2025\/12\/koliko-poznas-pmk-768x513.jpg 768w, https:\/\/pokrajinskimuzejkoper.si\/wp-content\/uploads\/2025\/12\/koliko-poznas-pmk-600x401.jpg 600w\" sizes=\"(max-width: 800px) 100vw, 800px\" \/>\t\t\t\t\t\t\t\t\t\t\t\t\t\t\t<\/div>\n\t\t\t\t<div class=\"elementor-element elementor-element-5ba82ad elementor-widget elementor-widget-heading\" data-id=\"5ba82ad\" data-element_type=\"widget\" data-e-type=\"widget\" data-widget_type=\"heading.default\">\n\t\t\t\t\t<h3 class=\"elementor-heading-title elementor-size-default\">Quanto conosci il Museo Regionale di Capodistria?<\/h3>\t\t\t\t<\/div>\n\t\t\t\t<\/div>\n\t\t<a class=\"eael-wrapper-link-4db7572 --eael-wrapper-link-tag\" href=\"https:\/\/kviz.pokrajinskimuzejkoper.si\/Uganke%20in%20zanke%20ugledne%20Rimljanke_sl\"><\/a><div data-eael-wrapper-link=\"eael-wrapper-link-4db7572\" class=\"elementor-element elementor-element-4db7572 e-con-full e-flex e-con e-child\" data-id=\"4db7572\" data-element_type=\"container\" data-e-type=\"container\" data-settings=\"{&quot;background_background&quot;:&quot;classic&quot;}\">\n\t\t\t\t<div class=\"elementor-element elementor-element-60a2f6e elementor-widget elementor-widget-image\" data-id=\"60a2f6e\" data-element_type=\"widget\" data-e-type=\"widget\" data-widget_type=\"image.default\">\n\t\t\t\t\t\t\t\t\t\t\t\t\t\t\t<img loading=\"lazy\" decoding=\"async\" width=\"800\" height=\"535\" src=\"https:\/\/pokrajinskimuzejkoper.si\/wp-content\/uploads\/2025\/12\/uganke.jpg\" class=\"attachment-large size-large wp-image-1509\" alt=\"\" srcset=\"https:\/\/pokrajinskimuzejkoper.si\/wp-content\/uploads\/2025\/12\/uganke.jpg 800w, https:\/\/pokrajinskimuzejkoper.si\/wp-content\/uploads\/2025\/12\/uganke-300x201.jpg 300w, https:\/\/pokrajinskimuzejkoper.si\/wp-content\/uploads\/2025\/12\/uganke-768x514.jpg 768w, https:\/\/pokrajinskimuzejkoper.si\/wp-content\/uploads\/2025\/12\/uganke-600x401.jpg 600w\" sizes=\"(max-width: 800px) 100vw, 800px\" \/>\t\t\t\t\t\t\t\t\t\t\t\t\t\t\t<\/div>\n\t\t\t\t<div class=\"elementor-element elementor-element-80fe575 elementor-widget elementor-widget-heading\" data-id=\"80fe575\" data-element_type=\"widget\" data-e-type=\"widget\" data-widget_type=\"heading.default\">\n\t\t\t\t\t<h3 class=\"elementor-heading-title elementor-size-default\">Dalla classica Roma indovinelli e antichi tranelli<\/h3>\t\t\t\t<\/div>\n\t\t\t\t<\/div>\n\t\t<a class=\"eael-wrapper-link-53d8556 --eael-wrapper-link-tag\" href=\"https:\/\/kviz.pokrajinskimuzejkoper.si\/*Srce%20Kopra*_sl\"><\/a><div data-eael-wrapper-link=\"eael-wrapper-link-53d8556\" class=\"elementor-element elementor-element-53d8556 e-con-full e-flex e-con e-child\" data-id=\"53d8556\" data-element_type=\"container\" data-e-type=\"container\" data-settings=\"{&quot;background_background&quot;:&quot;classic&quot;}\">\n\t\t\t\t<div class=\"elementor-element elementor-element-55fb2b0 elementor-widget elementor-widget-image\" data-id=\"55fb2b0\" data-element_type=\"widget\" data-e-type=\"widget\" data-widget_type=\"image.default\">\n\t\t\t\t\t\t\t\t\t\t\t\t\t\t\t<img loading=\"lazy\" decoding=\"async\" width=\"800\" height=\"534\" src=\"https:\/\/pokrajinskimuzejkoper.si\/wp-content\/uploads\/2025\/12\/srce-kopra.jpg\" class=\"attachment-large size-large wp-image-1510\" alt=\"\" srcset=\"https:\/\/pokrajinskimuzejkoper.si\/wp-content\/uploads\/2025\/12\/srce-kopra.jpg 800w, https:\/\/pokrajinskimuzejkoper.si\/wp-content\/uploads\/2025\/12\/srce-kopra-300x200.jpg 300w, https:\/\/pokrajinskimuzejkoper.si\/wp-content\/uploads\/2025\/12\/srce-kopra-768x513.jpg 768w, https:\/\/pokrajinskimuzejkoper.si\/wp-content\/uploads\/2025\/12\/srce-kopra-600x401.jpg 600w\" sizes=\"(max-width: 800px) 100vw, 800px\" \/>\t\t\t\t\t\t\t\t\t\t\t\t\t\t\t<\/div>\n\t\t\t\t<div class=\"elementor-element elementor-element-fb1507f elementor-widget elementor-widget-heading\" data-id=\"fb1507f\" data-element_type=\"widget\" data-e-type=\"widget\" data-widget_type=\"heading.default\">\n\t\t\t\t\t<h3 class=\"elementor-heading-title elementor-size-default\">Il cuore di Capodistria<\/h3>\t\t\t\t<\/div>\n\t\t\t\t<\/div>\n\t\t\t\t<\/div>\n\t\t<div class=\"elementor-element elementor-element-8bbe975 e-con-full e-flex e-con e-child\" data-id=\"8bbe975\" data-element_type=\"container\" data-e-type=\"container\" data-settings=\"{&quot;background_background&quot;:&quot;classic&quot;}\">\n\t\t<a class=\"eael-wrapper-link-c0c1b92 --eael-wrapper-link-tag\" href=\"https:\/\/kviz.pokrajinskimuzejkoper.si\/Ali%20pozna%C5%A1%20Carpaccia_sl\"><\/a><div data-eael-wrapper-link=\"eael-wrapper-link-c0c1b92\" class=\"elementor-element elementor-element-c0c1b92 e-con-full e-flex e-con e-child\" data-id=\"c0c1b92\" data-element_type=\"container\" data-e-type=\"container\" data-settings=\"{&quot;background_background&quot;:&quot;classic&quot;}\">\n\t\t\t\t<div class=\"elementor-element elementor-element-97bea3b elementor-widget elementor-widget-image\" data-id=\"97bea3b\" data-element_type=\"widget\" data-e-type=\"widget\" data-widget_type=\"image.default\">\n\t\t\t\t\t\t\t\t\t\t\t\t\t\t\t<img loading=\"lazy\" decoding=\"async\" width=\"800\" height=\"534\" src=\"https:\/\/pokrajinskimuzejkoper.si\/wp-content\/uploads\/2025\/12\/carpaccio.jpg\" class=\"attachment-large size-large wp-image-1511\" alt=\"\" srcset=\"https:\/\/pokrajinskimuzejkoper.si\/wp-content\/uploads\/2025\/12\/carpaccio.jpg 800w, https:\/\/pokrajinskimuzejkoper.si\/wp-content\/uploads\/2025\/12\/carpaccio-300x200.jpg 300w, https:\/\/pokrajinskimuzejkoper.si\/wp-content\/uploads\/2025\/12\/carpaccio-768x513.jpg 768w, https:\/\/pokrajinskimuzejkoper.si\/wp-content\/uploads\/2025\/12\/carpaccio-600x401.jpg 600w\" sizes=\"(max-width: 800px) 100vw, 800px\" \/>\t\t\t\t\t\t\t\t\t\t\t\t\t\t\t<\/div>\n\t\t\t\t<div class=\"elementor-element elementor-element-6ec47c7 elementor-widget elementor-widget-heading\" data-id=\"6ec47c7\" data-element_type=\"widget\" data-e-type=\"widget\" data-widget_type=\"heading.default\">\n\t\t\t\t\t<h3 class=\"elementor-heading-title elementor-size-default\">Conosci Carpaccio?<\/h3>\t\t\t\t<\/div>\n\t\t\t\t<\/div>\n\t\t<a class=\"eael-wrapper-link-95dc12d --eael-wrapper-link-tag\" href=\"https:\/\/mizica.pokrajinskimuzejkoper.si\/\"><\/a><div data-eael-wrapper-link=\"eael-wrapper-link-95dc12d\" class=\"elementor-element elementor-element-95dc12d e-con-full e-flex e-con e-child\" data-id=\"95dc12d\" data-element_type=\"container\" data-e-type=\"container\" data-settings=\"{&quot;background_background&quot;:&quot;classic&quot;}\">\n\t\t\t\t<div class=\"elementor-element elementor-element-5ce06d4 elementor-widget elementor-widget-image\" data-id=\"5ce06d4\" data-element_type=\"widget\" data-e-type=\"widget\" data-widget_type=\"image.default\">\n\t\t\t\t\t\t\t\t\t\t\t\t\t\t\t<img loading=\"lazy\" decoding=\"async\" width=\"800\" height=\"533\" src=\"https:\/\/pokrajinskimuzejkoper.si\/wp-content\/uploads\/2025\/12\/mizica-pogrni-se.jpg\" class=\"attachment-large size-large wp-image-1512\" alt=\"\" srcset=\"https:\/\/pokrajinskimuzejkoper.si\/wp-content\/uploads\/2025\/12\/mizica-pogrni-se.jpg 802w, https:\/\/pokrajinskimuzejkoper.si\/wp-content\/uploads\/2025\/12\/mizica-pogrni-se-300x200.jpg 300w, https:\/\/pokrajinskimuzejkoper.si\/wp-content\/uploads\/2025\/12\/mizica-pogrni-se-768x511.jpg 768w, https:\/\/pokrajinskimuzejkoper.si\/wp-content\/uploads\/2025\/12\/mizica-pogrni-se-600x400.jpg 600w\" sizes=\"(max-width: 800px) 100vw, 800px\" \/>\t\t\t\t\t\t\t\t\t\t\t\t\t\t\t<\/div>\n\t\t\t\t<div class=\"elementor-element elementor-element-9ff09ea elementor-widget elementor-widget-heading\" data-id=\"9ff09ea\" data-element_type=\"widget\" data-e-type=\"widget\" data-widget_type=\"heading.default\">\n\t\t\t\t\t<h3 class=\"elementor-heading-title elementor-size-default\">Tavola, apparecchiati!<\/h3>\t\t\t\t<\/div>\n\t\t\t\t<\/div>\n\t\t<a class=\"eael-wrapper-link-4bebe91 --eael-wrapper-link-tag\" href=\"https:\/\/game.oblecinoso.si\/\"><\/a><div data-eael-wrapper-link=\"eael-wrapper-link-4bebe91\" class=\"elementor-element elementor-element-4bebe91 e-con-full e-flex e-con e-child\" data-id=\"4bebe91\" data-element_type=\"container\" data-e-type=\"container\" data-settings=\"{&quot;background_background&quot;:&quot;classic&quot;}\">\n\t\t\t\t<div class=\"elementor-element elementor-element-80eef6a elementor-widget elementor-widget-image\" data-id=\"80eef6a\" data-element_type=\"widget\" data-e-type=\"widget\" data-widget_type=\"image.default\">\n\t\t\t\t\t\t\t\t\t\t\t\t\t\t\t<img loading=\"lazy\" decoding=\"async\" width=\"800\" height=\"533\" src=\"https:\/\/pokrajinskimuzejkoper.si\/wp-content\/uploads\/2025\/12\/obleci-noso.jpg\" class=\"attachment-large size-large wp-image-1513\" alt=\"\" srcset=\"https:\/\/pokrajinskimuzejkoper.si\/wp-content\/uploads\/2025\/12\/obleci-noso.jpg 802w, https:\/\/pokrajinskimuzejkoper.si\/wp-content\/uploads\/2025\/12\/obleci-noso-300x200.jpg 300w, https:\/\/pokrajinskimuzejkoper.si\/wp-content\/uploads\/2025\/12\/obleci-noso-768x511.jpg 768w, https:\/\/pokrajinskimuzejkoper.si\/wp-content\/uploads\/2025\/12\/obleci-noso-600x400.jpg 600w\" sizes=\"(max-width: 800px) 100vw, 800px\" \/>\t\t\t\t\t\t\t\t\t\t\t\t\t\t\t<\/div>\n\t\t\t\t<div class=\"elementor-element elementor-element-d4c9323 elementor-widget elementor-widget-heading\" data-id=\"d4c9323\" data-element_type=\"widget\" data-e-type=\"widget\" data-widget_type=\"heading.default\">\n\t\t\t\t\t<h3 class=\"elementor-heading-title elementor-size-default\">Indossa il tuo costume<\/h3>\t\t\t\t<\/div>\n\t\t\t\t<\/div>\n\t\t<a class=\"eael-wrapper-link-aeb687f --eael-wrapper-link-tag\" href=\"\/it\/izobrazevanje\/zabavni-izzivi\/fritaja-zeliscna-omleta\/\"><\/a><div data-eael-wrapper-link=\"eael-wrapper-link-aeb687f\" class=\"elementor-element elementor-element-aeb687f e-con-full e-flex e-con e-child\" data-id=\"aeb687f\" data-element_type=\"container\" data-e-type=\"container\" data-settings=\"{&quot;background_background&quot;:&quot;classic&quot;}\">\n\t\t\t\t<div class=\"elementor-element elementor-element-007e0ef elementor-widget elementor-widget-image\" data-id=\"007e0ef\" data-element_type=\"widget\" data-e-type=\"widget\" data-widget_type=\"image.default\">\n\t\t\t\t\t\t\t\t\t\t\t\t\t\t\t<img loading=\"lazy\" decoding=\"async\" width=\"800\" height=\"533\" src=\"https:\/\/pokrajinskimuzejkoper.si\/wp-content\/uploads\/2025\/12\/fritaja.jpg\" class=\"attachment-large size-large wp-image-1514\" alt=\"\" srcset=\"https:\/\/pokrajinskimuzejkoper.si\/wp-content\/uploads\/2025\/12\/fritaja.jpg 801w, https:\/\/pokrajinskimuzejkoper.si\/wp-content\/uploads\/2025\/12\/fritaja-300x200.jpg 300w, https:\/\/pokrajinskimuzejkoper.si\/wp-content\/uploads\/2025\/12\/fritaja-768x512.jpg 768w, https:\/\/pokrajinskimuzejkoper.si\/wp-content\/uploads\/2025\/12\/fritaja-600x400.jpg 600w\" sizes=\"(max-width: 800px) 100vw, 800px\" \/>\t\t\t\t\t\t\t\t\t\t\t\t\t\t\t<\/div>\n\t\t\t\t<div class=\"elementor-element elementor-element-6eafa98 elementor-widget elementor-widget-heading\" data-id=\"6eafa98\" data-element_type=\"widget\" data-e-type=\"widget\" data-widget_type=\"heading.default\">\n\t\t\t\t\t<h3 class=\"elementor-heading-title elementor-size-default\">Fritaja - omelette alle erbe aromatiche (erbe per ovi)<\/h3>\t\t\t\t<\/div>\n\t\t\t\t<\/div>\n\t\t\t\t<\/div>\n\t\t\t\t\t<\/div>\n\t\t\t\t<\/div>\n\t\t\t\t<\/div>","protected":false},"excerpt":{"rendered":"<p>Zabavni izzivi Domov Stran Ali si muzejoljubec? Koliko pozna\u0161 Pokrajinski Muzej Koper? Uganke in zanke ugledne Rimljanke Srce Kopra Ali pozna\u0161 Carpaccia? Mizica, pogrni se! Obleci svojo no\u0161o Fritaja &#8211; zeli\u0161\u010dna omleta<\/p>","protected":false},"author":1,"featured_media":0,"parent":627,"menu_order":0,"comment_status":"closed","ping_status":"closed","template":"","meta":{"_acf_changed":false,"inline_featured_image":false,"_monsterinsights_skip_tracking":false,"_monsterinsights_sitenote_active":false,"_monsterinsights_sitenote_note":"","_monsterinsights_sitenote_category":0,"footnotes":""},"class_list":["post-879","page","type-page","status-publish","hentry"],"acf":[],"aioseo_notices":[],"_links":{"self":[{"href":"https:\/\/pokrajinskimuzejkoper.si\/it\/wp-json\/wp\/v2\/pages\/879","targetHints":{"allow":["GET"]}}],"collection":[{"href":"https:\/\/pokrajinskimuzejkoper.si\/it\/wp-json\/wp\/v2\/pages"}],"about":[{"href":"https:\/\/pokrajinskimuzejkoper.si\/it\/wp-json\/wp\/v2\/types\/page"}],"author":[{"embeddable":true,"href":"https:\/\/pokrajinskimuzejkoper.si\/it\/wp-json\/wp\/v2\/users\/1"}],"replies":[{"embeddable":true,"href":"https:\/\/pokrajinskimuzejkoper.si\/it\/wp-json\/wp\/v2\/comments?post=879"}],"version-history":[{"count":22,"href":"https:\/\/pokrajinskimuzejkoper.si\/it\/wp-json\/wp\/v2\/pages\/879\/revisions"}],"predecessor-version":[{"id":2188,"href":"https:\/\/pokrajinskimuzejkoper.si\/it\/wp-json\/wp\/v2\/pages\/879\/revisions\/2188"}],"up":[{"embeddable":true,"href":"https:\/\/pokrajinskimuzejkoper.si\/it\/wp-json\/wp\/v2\/pages\/627"}],"wp:attachment":[{"href":"https:\/\/pokrajinskimuzejkoper.si\/it\/wp-json\/wp\/v2\/media?parent=879"}],"curies":[{"name":"wp","href":"https:\/\/api.w.org\/{rel}","templated":true}]}}