{"id":493,"date":"2025-12-04T15:53:05","date_gmt":"2025-12-04T14:53:05","guid":{"rendered":"https:\/\/pmk.click.si\/?page_id=493"},"modified":"2026-01-06T14:52:33","modified_gmt":"2026-01-06T13:52:33","slug":"cenik-uporabe-prostorov-javne-kulturne-infrastrukture","status":"publish","type":"page","link":"https:\/\/pokrajinskimuzejkoper.si\/it\/informacije\/cenik-uporabe-prostorov-javne-kulturne-infrastrukture\/","title":{"rendered":"Listino prezzi per l'utilizzo delle infrastrutture culturali pubbliche"},"content":{"rendered":"<div data-elementor-type=\"wp-page\" data-elementor-id=\"493\" class=\"elementor elementor-493\" data-elementor-post-type=\"page\">\n\t\t\t\t<div class=\"elementor-element elementor-element-721ec79 e-flex e-con-boxed e-con e-parent\" data-id=\"721ec79\" data-element_type=\"container\" data-e-type=\"container\" data-settings=\"{&quot;background_background&quot;:&quot;classic&quot;}\">\n\t\t\t\t\t<div class=\"e-con-inner\">\n\t\t\t\t<div class=\"elementor-element elementor-element-21dbd9b elementor-widget elementor-widget-heading\" data-id=\"21dbd9b\" data-element_type=\"widget\" data-e-type=\"widget\" data-widget_type=\"heading.default\">\n\t\t\t\t\t<h1 class=\"elementor-heading-title elementor-size-default\">Listino prezzi per l'utilizzo delle infrastrutture culturali pubbliche<\/h1>\t\t\t\t<\/div>\n\t\t\t\t\t<\/div>\n\t\t\t\t<\/div>\n\t\t<div class=\"elementor-element elementor-element-0612ebc e-flex e-con-boxed e-con e-parent\" data-id=\"0612ebc\" data-element_type=\"container\" data-e-type=\"container\" data-settings=\"{&quot;background_background&quot;:&quot;gradient&quot;}\">\n\t\t\t\t\t<div class=\"e-con-inner\">\n\t\t\t\t<div class=\"elementor-element elementor-element-b8582ef elementor-widget elementor-widget-eael-breadcrumbs\" data-id=\"b8582ef\" data-element_type=\"widget\" data-e-type=\"widget\" data-widget_type=\"eael-breadcrumbs.default\">\n\t\t\t\t<div class=\"elementor-widget-container\">\n\t\t\t\t\t\t\t<div class=\"eael-breadcrumbs\">\n\t\t\t<div class=\"eael-breadcrumbs__content\"><a href=\"https:\/\/pokrajinskimuzejkoper.si\/it\">Home<\/a> <span class=\"eael-breadcrumb-separator\"><svg aria-hidden=\"true\" class=\"e-font-icon-svg e-fas-angle-right\" viewbox=\"0 0 256 512\" xmlns=\"http:\/\/www.w3.org\/2000\/svg\"><path d=\"M224.3 273l-136 136c-9.4 9.4-24.6 9.4-33.9 0l-22.6-22.6c-9.4-9.4-9.4-24.6 0-33.9l96.4-96.4-96.4-96.4c-9.4-9.4-9.4-24.6 0-33.9L54.3 103c9.4-9.4 24.6-9.4 33.9 0l136 136c9.5 9.4 9.5 24.6.1 34z\"><\/path><\/svg><\/span> <span class = \"eael-current\">Pagina<\/span><\/div>\t\t<\/div>\n\t\t\t\t\t\t<\/div>\n\t\t\t\t<\/div>\n\t\t\t\t<div class=\"elementor-element elementor-element-0d4eb56 elementor-share-buttons--view-icon elementor-share-buttons--shape-circle elementor-share-buttons--color-custom elementor-share-buttons--skin-gradient elementor-grid-0 elementor-widget elementor-widget-share-buttons\" data-id=\"0d4eb56\" data-element_type=\"widget\" data-e-type=\"widget\" data-widget_type=\"share-buttons.default\">\n\t\t\t\t\t\t\t<div class=\"elementor-grid\" role=\"list\">\n\t\t\t\t\t\t\t\t<div class=\"elementor-grid-item\" role=\"listitem\">\n\t\t\t\t\t\t<div class=\"elementor-share-btn elementor-share-btn_facebook\" role=\"button\" tabindex=\"0\" aria-label=\"Share on facebook\" data-no-translation-aria-label=\"\">\n\t\t\t\t\t\t\t\t\t\t\t\t\t\t\t<span class=\"elementor-share-btn__icon\">\n\t\t\t\t\t\t\t\t<svg aria-hidden=\"true\" class=\"e-font-icon-svg e-fab-facebook\" viewbox=\"0 0 512 512\" xmlns=\"http:\/\/www.w3.org\/2000\/svg\"><path d=\"M504 256C504 119 393 8 256 8S8 119 8 256c0 123.78 90.69 226.38 209.25 245V327.69h-63V256h63v-54.64c0-62.15 37-96.48 93.67-96.48 27.14 0 55.52 4.84 55.52 4.84v61h-31.28c-30.8 0-40.41 19.12-40.41 38.73V256h68.78l-11 71.69h-57.78V501C413.31 482.38 504 379.78 504 256z\"><\/path><\/svg>\t\t\t\t\t\t\t<\/span>\n\t\t\t\t\t\t\t\t\t\t\t\t\t\t\t\t\t\t\t\t<\/div>\n\t\t\t\t\t<\/div>\n\t\t\t\t\t\t\t\t\t<div class=\"elementor-grid-item\" role=\"listitem\">\n\t\t\t\t\t\t<div class=\"elementor-share-btn elementor-share-btn_x-twitter\" role=\"button\" tabindex=\"0\" aria-label=\"Share on x-twitter\" data-no-translation-aria-label=\"\">\n\t\t\t\t\t\t\t\t\t\t\t\t\t\t\t<span class=\"elementor-share-btn__icon\">\n\t\t\t\t\t\t\t\t<svg aria-hidden=\"true\" class=\"e-font-icon-svg e-fab-x-twitter\" viewbox=\"0 0 512 512\" xmlns=\"http:\/\/www.w3.org\/2000\/svg\"><path d=\"M389.2 48h70.6L305.6 224.2 487 464H345L233.7 318.6 106.5 464H35.8L200.7 275.5 26.8 48H172.4L272.9 180.9 389.2 48zM364.4 421.8h39.1L151.1 88h-42L364.4 421.8z\"><\/path><\/svg>\t\t\t\t\t\t\t<\/span>\n\t\t\t\t\t\t\t\t\t\t\t\t\t\t\t\t\t\t\t\t<\/div>\n\t\t\t\t\t<\/div>\n\t\t\t\t\t\t\t\t\t<div class=\"elementor-grid-item\" role=\"listitem\">\n\t\t\t\t\t\t<div class=\"elementor-share-btn elementor-share-btn_linkedin\" role=\"button\" tabindex=\"0\" aria-label=\"Share on linkedin\" data-no-translation-aria-label=\"\">\n\t\t\t\t\t\t\t\t\t\t\t\t\t\t\t<span class=\"elementor-share-btn__icon\">\n\t\t\t\t\t\t\t\t<svg aria-hidden=\"true\" class=\"e-font-icon-svg e-fab-linkedin\" viewbox=\"0 0 448 512\" xmlns=\"http:\/\/www.w3.org\/2000\/svg\"><path d=\"M416 32H31.9C14.3 32 0 46.5 0 64.3v383.4C0 465.5 14.3 480 31.9 480H416c17.6 0 32-14.5 32-32.3V64.3c0-17.8-14.4-32.3-32-32.3zM135.4 416H69V202.2h66.5V416zm-33.2-243c-21.3 0-38.5-17.3-38.5-38.5S80.9 96 102.2 96c21.2 0 38.5 17.3 38.5 38.5 0 21.3-17.2 38.5-38.5 38.5zm282.1 243h-66.4V312c0-24.8-.5-56.7-34.5-56.7-34.6 0-39.9 27-39.9 54.9V416h-66.4V202.2h63.7v29.2h.9c8.9-16.8 30.6-34.5 62.9-34.5 67.2 0 79.7 44.3 79.7 101.9V416z\"><\/path><\/svg>\t\t\t\t\t\t\t<\/span>\n\t\t\t\t\t\t\t\t\t\t\t\t\t\t\t\t\t\t\t\t<\/div>\n\t\t\t\t\t<\/div>\n\t\t\t\t\t\t\t\t\t<div class=\"elementor-grid-item\" role=\"listitem\">\n\t\t\t\t\t\t<div class=\"elementor-share-btn elementor-share-btn_email\" role=\"button\" tabindex=\"0\" aria-label=\"Share on email\" data-no-translation-aria-label=\"\">\n\t\t\t\t\t\t\t\t\t\t\t\t\t\t\t<span class=\"elementor-share-btn__icon\">\n\t\t\t\t\t\t\t\t<svg aria-hidden=\"true\" class=\"e-font-icon-svg e-fas-envelope\" viewbox=\"0 0 512 512\" xmlns=\"http:\/\/www.w3.org\/2000\/svg\"><path d=\"M502.3 190.8c3.9-3.1 9.7-.2 9.7 4.7V400c0 26.5-21.5 48-48 48H48c-26.5 0-48-21.5-48-48V195.6c0-5 5.7-7.8 9.7-4.7 22.4 17.4 52.1 39.5 154.1 113.6 21.1 15.4 56.7 47.8 92.2 47.6 35.7.3 72-32.8 92.3-47.6 102-74.1 131.6-96.3 154-113.7zM256 320c23.2.4 56.6-29.2 73.4-41.4 132.7-96.3 142.8-104.7 173.4-128.7 5.8-4.5 9.2-11.5 9.2-18.9v-19c0-26.5-21.5-48-48-48H48C21.5 64 0 85.5 0 112v19c0 7.4 3.4 14.3 9.2 18.9 30.6 23.9 40.7 32.4 173.4 128.7 16.8 12.2 50.2 41.8 73.4 41.4z\"><\/path><\/svg>\t\t\t\t\t\t\t<\/span>\n\t\t\t\t\t\t\t\t\t\t\t\t\t\t\t\t\t\t\t\t<\/div>\n\t\t\t\t\t<\/div>\n\t\t\t\t\t\t<\/div>\n\t\t\t\t\t\t<\/div>\n\t\t\t\t\t<\/div>\n\t\t\t\t<\/div>\n\t\t<div class=\"elementor-element elementor-element-1eeb1b5 e-flex e-con-boxed e-con e-parent\" data-id=\"1eeb1b5\" data-element_type=\"container\" data-e-type=\"container\">\n\t\t\t\t\t<div class=\"e-con-inner\">\n\t\t\t\t<div class=\"elementor-element elementor-element-62f8975 elementor-widget elementor-widget-text-editor\" data-id=\"62f8975\" data-element_type=\"widget\" data-e-type=\"widget\" data-widget_type=\"text-editor.default\">\n\t\t\t\t\t\t\t\t\t<p><strong>COMPUTO DEI COSTI SUPPLEMENTARI REALI PER L\u2019UTILIZZO DI SPAZI AFFERENTI A INFRASTRUTTURE CULTURALI PUBBLICHE A SCOPO DI SVOLGIMENTO EVENTI<\/strong><\/p><p>Il Museo regionale di Capodistria, ai sensi della Legge sulla realizzazione dell\u2019interesse pubblico nel settore della cultura (ZUJIK), consente l\u2019utilizzo di spazi propri per lo svolgimento di programmi culturali di interesse pubblico e progetti culturali.<\/p><p>Enti pubblici, fondazioni pubbliche o agenzie pubbliche del settore culturale nonch\u00e9 altri operatori culturali hanno facolt\u00e0 di utilizzare gli spazi del Museo regionale di Capodistria per lo svolgimento di programmi culturali di interesse pubblico ovvero di progetti a carattere culturale, come da contratto regolarmente sottoscritto e restando inteso che sono tenuti a versare un corrispettivo di importo pari ai costi supplementari reali derivanti dall\u2019utilizzo degli spazi in questione.<\/p><p>In conformit\u00e0 all\u2019art. 2 della Legge sulla realizzazione dell\u2019interesse pubblico nel settore della cultura (ZUJIK) si intende:<\/p><ul><li>per \u201cinteresse pubblico nel settore della cultura\u201d l\u2019interesse a creare, trasmettere e tutelare beni culturali a livello nazionale e locale creando le condizioni affinch\u00e9 ci\u00f2 avvenga (di seguito: interesse pubblico nel settore della cultura);<\/li><li>per \u201cbene culturale\u201d un prodotto o servizio culturale teso al soddisfacimento di bisogni umani in ambito culturale;<\/li><li>per \u201cbene culturale pubblico\u201d un bene culturale fornito nell\u2019interesse pubblico dallo Stato ovvero da una comunit\u00e0 locale nell\u2019esercizio del servizio pubblico oppure sotto forma di sostegno a singoli progetti di carattere culturale;<\/li><li>per \u201cprogramma culturale pubblico\u201d l\u2019attivit\u00e0 culturale svolta da operatori diversi da enti o istituti pubblici e fornita\/finanziata dallo Stato ovvero da una comunit\u00e0 locale secondo modalit\u00e0 analoghe a quelle adottate da enti o istituti pubblici;<\/li><li>per \u201cprogetto culturale\u201d una singola attivit\u00e0 svolta da operatori culturali (pubblicazione di un libro, restauro ovvero ripristino di un monumento, spettacolo teatrale, concerto, borsa di studio ecc.) finanziata dallo Stato ovvero da una comunit\u00e0 locale.<\/li><\/ul><p>Verranno addebitati i seguenti costi supplementari:<\/p><ul><li>costi di pulizia;<\/li><li>costi per l\u2019ulteriore riscaldamento degli spazi o una loro particolare climatizzazione:<\/li><li>costi relativi alla fornitura di energia elettrica per le necessit\u00e0 dell\u2019evento;<\/li><li>costi relativi alla fornitura idrica contestualmente al singolo evento;<\/li><li>costi dei diritti d\u2019uso relativi alle attrezzature per lo svolgimento del singolo evento;<\/li><li>costi specifici per il ripristino ex ante di attrezzature e spazi danneggiati a causa dell\u2019evento;<\/li><li>costi di infrastruttura per lo svolgimento del singolo evento;<\/li><li>altri costi variabili dovuti allo svolgimento dell\u2019evento (es. costi di vendita dei biglietti, commissioni pos per transazioni elettroniche, costi di promozione speciale, altro) ove concordati da committente e prestatore.<\/li><\/ul><p>Il Museo provvede a redigere un computo di previsione per singola occasione d\u2019uso, acconsentendo a darne visione. D\u2019accordo con il Comune-fondatore e stante il manifestato interesse pubblico, il Museo pu\u00f2 fornire i propri spazi a un corrispettivo ridotto o a titolo gratuito, laddove la decisione in merito spetta al Direttore sulla scorta dei criteri predisposti.<\/p><p><strong>PROSPETTO INFORMATIVO DEI COSTI SUPPLEMENTARI REALI PER L\u2019UTILIZZO DI SPAZI AFFERENTI AL MUSEO REGIONALE DI CAPODISTRIA AI SENSI DELL\u2019ART. 75 DELLA LEGGE SULLA REALIZZAZIONE DELL\u2019INTERESSE PUBBLICO NEL SETTORE DELLA CULTURA (ZUJIK)<\/strong><\/p><table border=\"0\" cellspacing=\"0\" cellpadding=\"0\"><tbody><tr><td valign=\"bottom\" width=\"83%\"><p><strong>SPAZI PER LO SVOLGIMENTO DI PROGRAMMI CULTURALI<\/strong><\/p><\/td><td valign=\"bottom\" width=\"16%\"><p align=\"right\"><strong>COSTI SUPPLEMENTARI REALI PER SINGOLO EVENTO<\/strong><\/p><\/td><\/tr><tr><td valign=\"bottom\" nowrap=\"nowrap\" width=\"83%\">SALONE PRINCIPALE<\/td><td valign=\"bottom\" nowrap=\"nowrap\" width=\"16%\"><p align=\"right\">259,10<\/p><\/td><\/tr><tr><td valign=\"bottom\" nowrap=\"nowrap\" width=\"83%\">ATRIO<\/td><td valign=\"bottom\" nowrap=\"nowrap\" width=\"16%\"><p align=\"right\">101,00<\/p><\/td><\/tr><tr><td valign=\"bottom\" nowrap=\"nowrap\" width=\"83%\">GIARDINI (2) DEL PALAZZO<\/td><td valign=\"bottom\" nowrap=\"nowrap\" width=\"16%\"><p align=\"right\">240,20<\/p><\/td><\/tr><tr><td valign=\"bottom\" nowrap=\"nowrap\" width=\"83%\">COLLEZIONE ETNOLOGICA, PIAZZA GRAMSCI 4, CAPODISTRIA<\/td><td valign=\"bottom\" nowrap=\"nowrap\" width=\"16%\"><p align=\"right\">272,40<\/p><\/td><\/tr><tr><td valign=\"bottom\" nowrap=\"nowrap\" width=\"83%\">GALLERIA MUSEALE, VIA KIDRI\u010c 23\/A, CAPODISTRIA<\/td><td valign=\"bottom\" nowrap=\"nowrap\" width=\"16%\"><p align=\"right\">126,40<\/p><\/td><\/tr><tr><td valign=\"bottom\" nowrap=\"nowrap\" width=\"83%\">\u00a0<\/td><td valign=\"bottom\" nowrap=\"nowrap\" width=\"16%\">\u00a0<\/td><\/tr><tr><td valign=\"bottom\" width=\"83%\"><p><strong>SPAZI PER ATTIVIT\u00c0 AUSILIARIE IN SEDE DI SVOLGIMENTO DI PROGRAMMI CULTURALI<\/strong><\/p><\/td><td valign=\"bottom\" width=\"16%\"><p align=\"right\"><strong>COSTI ORARI REALI<\/strong><\/p><\/td><\/tr><tr><td valign=\"bottom\" nowrap=\"nowrap\" width=\"83%\">SALONE PRINCIPALE \u2013 utilizzo di spazio adiacente, utilizzo per altri scopi, ricevimenti<\/td><td valign=\"bottom\" nowrap=\"nowrap\" width=\"16%\"><p align=\"right\">43,20<\/p><\/td><\/tr><tr><td valign=\"bottom\" nowrap=\"nowrap\" width=\"83%\">ATRIO \u2013 utilizzo di spazio adiacente, utilizzo per altri scopi, ricevimenti<\/td><td valign=\"bottom\" nowrap=\"nowrap\" width=\"16%\"><p align=\"right\">43,20<\/p><\/td><\/tr><tr><td valign=\"bottom\" nowrap=\"nowrap\" width=\"83%\">GIARDINO (AREA RIALZATA) \u2013 utilizzo del guardaroba, utilizzo per altri scopi<\/td><td valign=\"bottom\" nowrap=\"nowrap\" width=\"16%\"><p align=\"right\">26,80<\/p><\/td><\/tr><tr><td valign=\"bottom\" nowrap=\"nowrap\" width=\"83%\">COLLEZIONE ETNOLOGICA, PIAZZA GRAMSCI 4, CAPODISTRIA \u2013 utilizzo per altri scopi<\/td><td valign=\"bottom\" nowrap=\"nowrap\" width=\"16%\"><p align=\"right\">60,00<\/p><\/td><\/tr><tr><td valign=\"bottom\" nowrap=\"nowrap\" width=\"83%\">LAPIDARIO \u2013 noleggio dell\u2019impianto audio<\/td><td valign=\"bottom\" nowrap=\"nowrap\" width=\"16%\"><p align=\"right\">8,00<\/p><\/td><\/tr><tr><td valign=\"bottom\" nowrap=\"nowrap\" width=\"83%\">GALLERIA MUSEALE, VIA KIDRI\u010c 23\/A, CAPODISTRIA \u2013 utilizzo per altri scopi<\/td><td valign=\"bottom\" nowrap=\"nowrap\" width=\"16%\"><p align=\"right\">30,00<\/p><\/td><\/tr><tr><td valign=\"bottom\" nowrap=\"nowrap\" width=\"83%\">\u00a0<\/td><td valign=\"bottom\" nowrap=\"nowrap\" width=\"16%\">\u00a0<\/td><\/tr><tr><td valign=\"bottom\" nowrap=\"nowrap\" width=\"83%\"><p><strong>COSTO DEL PERSONALE<\/strong><\/p><\/td><td valign=\"bottom\" nowrap=\"nowrap\" width=\"16%\"><p align=\"center\"><strong>\u00a0<\/strong><\/p><\/td><\/tr><tr><td valign=\"bottom\" nowrap=\"nowrap\" width=\"83%\">Lavoro notturno<\/td><td valign=\"bottom\" nowrap=\"nowrap\" width=\"16%\"><p align=\"right\">Maggiorazione del 40%<\/p><\/td><\/tr><tr><td valign=\"bottom\" nowrap=\"nowrap\" width=\"83%\">Lavoro di domenica<\/td><td valign=\"bottom\" nowrap=\"nowrap\" width=\"16%\"><p align=\"right\">Maggiorazione del 90%<\/p><\/td><\/tr><tr><td valign=\"bottom\" nowrap=\"nowrap\" width=\"83%\">Lavoro festivo<\/td><td valign=\"bottom\" nowrap=\"nowrap\" width=\"16%\"><p align=\"right\">Maggiorazione del 120%<\/p><\/td><\/tr><\/tbody><\/table><p><em>* Si computano i costi supplementari reali che insorgono in 1 ora di utilizzo degli spazi, inclusivi di elettricit\u00e0, acqua, raccolta rifiuti, riscaldamento\/climatizzazione, detersivi, carta igienica, carta asciugamani ecc.<\/em><\/p><p><em>** I costi supplementari per lavoro di sabato, domenica o festivo si computano in base alla retribuzione oraria dei dipendenti museali.<\/em><\/p><p><em>Il Museo regionale di Capodistria si configura come partita IVA atipica ovvero come soggetto con partita IVA attivata per le operazioni intra UE. I prezzi riportati non recano indicazione dell\u2019IVA e sono da intendersi come prezzi lordi.<\/em><\/p>\t\t\t\t\t\t\t\t<\/div>\n\t\t<div class=\"elementor-element elementor-element-e28450b e-con-full e-flex e-con e-child\" data-id=\"e28450b\" data-element_type=\"container\" data-e-type=\"container\">\n\t\t\t\t<div class=\"elementor-element elementor-element-0fdfa45 elementor-align-left elementor-widget elementor-widget-button\" data-id=\"0fdfa45\" data-element_type=\"widget\" data-e-type=\"widget\" data-widget_type=\"button.default\">\n\t\t\t\t\t\t\t\t\t\t<a class=\"elementor-button elementor-button-link elementor-size-sm\" href=\"\/wp-content\/uploads\/2025\/12\/Cenik_SLO_23.9.2024.pdf\" target=\"_blank\">\n\t\t\t\t\t\t<span class=\"elementor-button-content-wrapper\">\n\t\t\t\t\t\t<span class=\"elementor-button-icon\">\n\t\t\t\t<svg aria-hidden=\"true\" class=\"e-font-icon-svg e-fas-file-pdf\" viewbox=\"0 0 384 512\" xmlns=\"http:\/\/www.w3.org\/2000\/svg\"><path d=\"M181.9 256.1c-5-16-4.9-46.9-2-46.9 8.4 0 7.6 36.9 2 46.9zm-1.7 47.2c-7.7 20.2-17.3 43.3-28.4 62.7 18.3-7 39-17.2 62.9-21.9-12.7-9.6-24.9-23.4-34.5-40.8zM86.1 428.1c0 .8 13.2-5.4 34.9-40.2-6.7 6.3-29.1 24.5-34.9 40.2zM248 160h136v328c0 13.3-10.7 24-24 24H24c-13.3 0-24-10.7-24-24V24C0 10.7 10.7 0 24 0h200v136c0 13.2 10.8 24 24 24zm-8 171.8c-20-12.2-33.3-29-42.7-53.8 4.5-18.5 11.6-46.6 6.2-64.2-4.7-29.4-42.4-26.5-47.8-6.8-5 18.3-.4 44.1 8.1 77-11.6 27.6-28.7 64.6-40.8 85.8-.1 0-.1.1-.2.1-27.1 13.9-73.6 44.5-54.5 68 5.6 6.9 16 10 21.5 10 17.9 0 35.7-18 61.1-61.8 25.8-8.5 54.1-19.1 79-23.2 21.7 11.8 47.1 19.5 64 19.5 29.2 0 31.2-32 19.7-43.4-13.9-13.6-54.3-9.7-73.6-7.2zM377 105L279 7c-4.5-4.5-10.6-7-17-7h-6v128h128v-6.1c0-6.3-2.5-12.4-7-16.9zm-74.1 255.3c4.1-2.7-2.5-11.9-42.8-9 37.1 15.8 42.8 9 42.8 9z\"><\/path><\/svg>\t\t\t<\/span>\n\t\t\t\t\t\t\t\t\t<span class=\"elementor-button-text\">Listino prezzi SLO<\/span>\n\t\t\t\t\t<\/span>\n\t\t\t\t\t<\/a>\n\t\t\t\t\t\t\t\t<\/div>\n\t\t\t\t<div class=\"elementor-element elementor-element-27bdfb9 elementor-align-left elementor-widget elementor-widget-button\" data-id=\"27bdfb9\" data-element_type=\"widget\" data-e-type=\"widget\" data-widget_type=\"button.default\">\n\t\t\t\t\t\t\t\t\t\t<a class=\"elementor-button elementor-button-link elementor-size-sm\" href=\"\/wp-content\/uploads\/2025\/12\/Cenik_IT_23.9.2024.pdf\" target=\"_blank\">\n\t\t\t\t\t\t<span class=\"elementor-button-content-wrapper\">\n\t\t\t\t\t\t<span class=\"elementor-button-icon\">\n\t\t\t\t<svg aria-hidden=\"true\" class=\"e-font-icon-svg e-fas-file-pdf\" viewbox=\"0 0 384 512\" xmlns=\"http:\/\/www.w3.org\/2000\/svg\"><path d=\"M181.9 256.1c-5-16-4.9-46.9-2-46.9 8.4 0 7.6 36.9 2 46.9zm-1.7 47.2c-7.7 20.2-17.3 43.3-28.4 62.7 18.3-7 39-17.2 62.9-21.9-12.7-9.6-24.9-23.4-34.5-40.8zM86.1 428.1c0 .8 13.2-5.4 34.9-40.2-6.7 6.3-29.1 24.5-34.9 40.2zM248 160h136v328c0 13.3-10.7 24-24 24H24c-13.3 0-24-10.7-24-24V24C0 10.7 10.7 0 24 0h200v136c0 13.2 10.8 24 24 24zm-8 171.8c-20-12.2-33.3-29-42.7-53.8 4.5-18.5 11.6-46.6 6.2-64.2-4.7-29.4-42.4-26.5-47.8-6.8-5 18.3-.4 44.1 8.1 77-11.6 27.6-28.7 64.6-40.8 85.8-.1 0-.1.1-.2.1-27.1 13.9-73.6 44.5-54.5 68 5.6 6.9 16 10 21.5 10 17.9 0 35.7-18 61.1-61.8 25.8-8.5 54.1-19.1 79-23.2 21.7 11.8 47.1 19.5 64 19.5 29.2 0 31.2-32 19.7-43.4-13.9-13.6-54.3-9.7-73.6-7.2zM377 105L279 7c-4.5-4.5-10.6-7-17-7h-6v128h128v-6.1c0-6.3-2.5-12.4-7-16.9zm-74.1 255.3c4.1-2.7-2.5-11.9-42.8-9 37.1 15.8 42.8 9 42.8 9z\"><\/path><\/svg>\t\t\t<\/span>\n\t\t\t\t\t\t\t\t\t<span class=\"elementor-button-text\">Listino prezzi IT<\/span>\n\t\t\t\t\t<\/span>\n\t\t\t\t\t<\/a>\n\t\t\t\t\t\t\t\t<\/div>\n\t\t\t\t<\/div>\n\t\t\t\t\t<\/div>\n\t\t\t\t<\/div>\n\t\t\t\t<\/div>","protected":false},"excerpt":{"rendered":"<p>Cenik uporabe prostorov javne kulturne infrastrukture Domov Stran OBRA\u010cUN DEJANSKIH DODATNIH STRO\u0160KOV UPORABE PRI VKLJU\u010cEVANJU DOGODKOV\u00a0 V PROSTORE JAVNE KULTURNE INFRASTRUKTURE Pokrajinski muzej Koper v skladu z Zakonom o uresni\u010devanju javnega interesa za kulturo (ZUJIK), omogo\u010da uporabo prostorov za izvedbo javnih kulturnih programov in kulturnih projektov. Javni zavodi, javni skladi ali javne agencije s podro\u010dja [&hellip;]<\/p>\n","protected":false},"author":1,"featured_media":0,"parent":81,"menu_order":0,"comment_status":"closed","ping_status":"closed","template":"","meta":{"_acf_changed":false,"inline_featured_image":false,"_monsterinsights_skip_tracking":false,"_monsterinsights_sitenote_active":false,"_monsterinsights_sitenote_note":"","_monsterinsights_sitenote_category":0,"footnotes":""},"class_list":["post-493","page","type-page","status-publish","hentry"],"acf":[],"aioseo_notices":[],"_links":{"self":[{"href":"https:\/\/pokrajinskimuzejkoper.si\/it\/wp-json\/wp\/v2\/pages\/493","targetHints":{"allow":["GET"]}}],"collection":[{"href":"https:\/\/pokrajinskimuzejkoper.si\/it\/wp-json\/wp\/v2\/pages"}],"about":[{"href":"https:\/\/pokrajinskimuzejkoper.si\/it\/wp-json\/wp\/v2\/types\/page"}],"author":[{"embeddable":true,"href":"https:\/\/pokrajinskimuzejkoper.si\/it\/wp-json\/wp\/v2\/users\/1"}],"replies":[{"embeddable":true,"href":"https:\/\/pokrajinskimuzejkoper.si\/it\/wp-json\/wp\/v2\/comments?post=493"}],"version-history":[{"count":26,"href":"https:\/\/pokrajinskimuzejkoper.si\/it\/wp-json\/wp\/v2\/pages\/493\/revisions"}],"predecessor-version":[{"id":2248,"href":"https:\/\/pokrajinskimuzejkoper.si\/it\/wp-json\/wp\/v2\/pages\/493\/revisions\/2248"}],"up":[{"embeddable":true,"href":"https:\/\/pokrajinskimuzejkoper.si\/it\/wp-json\/wp\/v2\/pages\/81"}],"wp:attachment":[{"href":"https:\/\/pokrajinskimuzejkoper.si\/it\/wp-json\/wp\/v2\/media?parent=493"}],"curies":[{"name":"wp","href":"https:\/\/api.w.org\/{rel}","templated":true}]}}