{"id":2451,"date":"2026-02-12T13:27:37","date_gmt":"2026-02-12T12:27:37","guid":{"rendered":"https:\/\/pokrajinskimuzejkoper.si\/?page_id=2451"},"modified":"2026-02-12T14:14:53","modified_gmt":"2026-02-12T13:14:53","slug":"placilo-in-dostava","status":"publish","type":"page","link":"https:\/\/pokrajinskimuzejkoper.si\/it\/placilo-in-dostava\/","title":{"rendered":"Pagamento e consegno"},"content":{"rendered":"<div data-elementor-type=\"wp-page\" data-elementor-id=\"2451\" class=\"elementor elementor-2451\" data-elementor-post-type=\"page\">\n\t\t\t\t<div class=\"elementor-element elementor-element-aabdcd9 e-flex e-con-boxed e-con e-parent\" data-id=\"aabdcd9\" data-element_type=\"container\" data-e-type=\"container\">\n\t\t\t\t\t<div class=\"e-con-inner\">\n\t\t\t\t<div class=\"elementor-element elementor-element-4e1399b elementor-widget elementor-widget-text-editor\" data-id=\"4e1399b\" data-element_type=\"widget\" data-e-type=\"widget\" data-widget_type=\"text-editor.default\">\n\t\t\t\t\t\t\t\t\t<p>Pokrajinski muzej Koper si prizadeva za najhitrej\u0161o mo\u017eno dostavo naro\u010denega blaga. <strong>Dostavo izvajamo v sodelovanju s Po\u0161to Slovenije<\/strong>.<\/p><p>Dobavni rok je naveden ob vsakem posameznem izdelku posebej in za\u010dne te\u010di naslednji delovni dan po potrditvi naro\u010dila. Sobote, nedelje in prazniki se ne \u0161tejejo v \u010das dobave. Pokrajinski muzej Koper si pridr\u017euje pravico do dobave delnih po\u0161iljk.<\/p><p>V primeru, da Pokrajinski muzej Koper zaradi nepredvidljivih okoli\u0161\u010din (izrednih vremenskih okoli\u0161\u010din, zamude po\u0161tnih storitev, zamude zaradi posledic nalezljive bolezni Covid-19, in podobno) naro\u010denih izdelkov ne bo moglo dobaviti v predvidenem dobavnem roku, bo kupca o tem obvestilo preko elektronske po\u0161te ali telefona ter mu ponudilo nov dobavni rok. Kupec ima v tem primeru pravico do brezpla\u010dnega odstopa od pogodbe.<\/p><p><strong><br \/>Na\u010dini pla\u010dila:<br \/><\/strong><\/p><ul><li><strong>Pla\u010dilo z ban\u010dnim nakazilom oz. po predra\u010dunu<\/strong> \u2013 po zaklju\u010dku naro\u010dila kupec prek elektronske po\u0161te prejme potrditev naro\u010dila ter podatke za pla\u010dilo. Pod sklic kupec vpi\u0161e \u0161tevilko naro\u010dila. Naro\u010dilo je potrebno pla\u010dati najkasneje v treh (3) dneh od prejema elektronske po\u0161te s podatki o pla\u010dilu. V nasprotnem primeru bo Pokrajinski muzej Koper kup\u010devo naro\u010dilo preklical. Rok za pripravo naro\u010dila za\u010dne te\u010di, ko Pokrajinski muzej Koper prejme nakazilo na teko\u010di ra\u010dun.<\/li><\/ul><p><strong>\u00a0<\/strong><\/p>\t\t\t\t\t\t\t\t<\/div>\n\t\t\t\t\t<\/div>\n\t\t\t\t<\/div>\n\t\t\t\t<\/div>","protected":false},"excerpt":{"rendered":"<p>Pokrajinski muzej Koper si prizadeva za najhitrej\u0161o mo\u017eno dostavo naro\u010denega blaga. Dostavo izvajamo v sodelovanju s Po\u0161to Slovenije. Dobavni rok je naveden ob vsakem posameznem izdelku posebej in za\u010dne te\u010di naslednji delovni dan po potrditvi naro\u010dila. Sobote, nedelje in prazniki se ne \u0161tejejo v \u010das dobave. Pokrajinski muzej Koper si pridr\u017euje pravico do dobave delnih [&hellip;]<\/p>\n","protected":false},"author":1,"featured_media":0,"parent":0,"menu_order":0,"comment_status":"closed","ping_status":"closed","template":"","meta":{"_acf_changed":false,"inline_featured_image":false,"_monsterinsights_skip_tracking":false,"_monsterinsights_sitenote_active":false,"_monsterinsights_sitenote_note":"","_monsterinsights_sitenote_category":0,"footnotes":""},"class_list":["post-2451","page","type-page","status-publish","hentry"],"acf":[],"aioseo_notices":[],"_links":{"self":[{"href":"https:\/\/pokrajinskimuzejkoper.si\/it\/wp-json\/wp\/v2\/pages\/2451","targetHints":{"allow":["GET"]}}],"collection":[{"href":"https:\/\/pokrajinskimuzejkoper.si\/it\/wp-json\/wp\/v2\/pages"}],"about":[{"href":"https:\/\/pokrajinskimuzejkoper.si\/it\/wp-json\/wp\/v2\/types\/page"}],"author":[{"embeddable":true,"href":"https:\/\/pokrajinskimuzejkoper.si\/it\/wp-json\/wp\/v2\/users\/1"}],"replies":[{"embeddable":true,"href":"https:\/\/pokrajinskimuzejkoper.si\/it\/wp-json\/wp\/v2\/comments?post=2451"}],"version-history":[{"count":13,"href":"https:\/\/pokrajinskimuzejkoper.si\/it\/wp-json\/wp\/v2\/pages\/2451\/revisions"}],"predecessor-version":[{"id":2465,"href":"https:\/\/pokrajinskimuzejkoper.si\/it\/wp-json\/wp\/v2\/pages\/2451\/revisions\/2465"}],"wp:attachment":[{"href":"https:\/\/pokrajinskimuzejkoper.si\/it\/wp-json\/wp\/v2\/media?parent=2451"}],"curies":[{"name":"wp","href":"https:\/\/api.w.org\/{rel}","templated":true}]}}