{"id":2415,"date":"2026-02-12T09:57:59","date_gmt":"2026-02-12T08:57:59","guid":{"rendered":"https:\/\/pokrajinskimuzejkoper.si\/?page_id=2415"},"modified":"2026-02-12T12:48:29","modified_gmt":"2026-02-12T11:48:29","slug":"politika-zasebnosti","status":"publish","type":"page","link":"https:\/\/pokrajinskimuzejkoper.si\/it\/politika-zasebnosti\/","title":{"rendered":"Politica sulla riservatezza"},"content":{"rendered":"<div data-elementor-type=\"wp-page\" data-elementor-id=\"2415\" class=\"elementor elementor-2415\" data-elementor-post-type=\"page\">\n\t\t\t\t<div class=\"elementor-element elementor-element-d5bce78 e-flex e-con-boxed e-con e-parent\" data-id=\"d5bce78\" data-element_type=\"container\" data-e-type=\"container\">\n\t\t\t\t\t<div class=\"e-con-inner\">\n\t\t\t\t<div class=\"elementor-element elementor-element-74abd8a elementor-widget elementor-widget-text-editor\" data-id=\"74abd8a\" data-element_type=\"widget\" data-e-type=\"widget\" data-widget_type=\"text-editor.default\">\n\t\t\t\t\t\t\t\t\t<h3>Izjava o obveznosti obve\u0161\u010danja<\/h3><p>Varstvo va\u0161ih osebnih podatkov je za nas zelo pomembno. Va\u0161e podatke obdelujemo izklju\u010dno na podlagi zakonskih dolo\u010db (Splo\u0161na uredba o varstvu podatkov \u2013 Uredba (EU) 2016\/679, Zakon o spremembi zakona o varstvu podatkov 2018, Zakon o telekomunikacijah 2003). V pri\u010dujo\u010dih informacijah o varstvu podatkov vas obve\u0161\u010damo o pomembnih vidikih obdelave podatkov v okviru na\u0161e spletne strani.<\/p><h3><br \/>Va\u0161i podatki<\/h3><p><strong>Zajemanje in obdelava va\u0161ih podatkov<\/strong><\/p><p>Obdelava osebnih podatkov, ki jih prostovoljno posredujete na\u0161im slu\u017ebam in portalu, je potrebna za obdelavo va\u0161ih povpra\u0161evanj, naro\u010dil in pro\u0161enj, pripravo in sklepanje pogodb ter za po\u0161iljanje e-novic.<\/p><p><strong>Posredovanje podatkov<\/strong><br \/>Va\u0161e podatke znotraj\u00a0<em>Pokrajinskega muzeja Koper<\/em>\u00a0posredujemo le, \u010de to slu\u017ei izpolnitvi va\u0161e zahteve ali va\u0161emu interesu. Varujemo zaupnost va\u0161ih podatkov in le-teh ne bomo prodali, dali v najem ali na voljo tretjim osebam.<\/p><p>Posredovanje dr\u017eavnim ustanovam in organom se izvede le v okviru obvezne nacionalne zakonodaje.<\/p><h3><br \/>E-novice<\/h3><p>Preko na\u0161e spletne strani se lahko naro\u010dite na na\u0161e e-novice (newsletter).<\/p><p>Zato potrebujemo va\u0161e ime, e-naslov in va\u0161o izjavo, da se strinjate s prejemanjem e-novic. Naro\u010danje lahko kadar koli prekli\u010dete. Odjavo po\u0161ljite na naslov:\u00a0<a href=\"mailto:info@elastomeri.si\">info@elastomeri.si<\/a>. Po prejemu odjave bodo va\u0161i podatki, povezani s po\u0161iljanjem e-novic, nemudoma izbrisani.<\/p><h3><br \/>Va\u0161e pravice<\/h3><p>Na\u010deloma vam pripadajo pravice do informacije, popravka, izbrisa, omejitve, prenosa podatkov, preklica in ugovora. \u010ce menite, da je obdelava Va\u0161ih podatkov v nasprotju z zakonom o varstvu podatkov ali so bile sicer na kakr\u0161en koli na\u010din kr\u0161ene va\u0161e pravice s podro\u010dja varstva podatkov, se lahko prito\u017eite pri nadzornem organu.<\/p><p>Imate pravico, da od\u00a0<em>Pokrajinskega muzeja Koper<\/em>\u00a0zahtevate informacije o osebnih podatkih, ki smo jih shranili o vas. Poleg tega imate pravico zahtevati, da se podatki popravijo, izbri\u0161ejo, da se njihova obdelava omeji ali ustavi in da se shranjeni podatki v primerni obliki posredujejo vam ali z va\u0161e strani imenovani tretji osebi.<\/p><p>\u010ce va\u0161e zahteve ni mogo\u010de obdelati oz. ne bo obdelana v roku enega meseca po prejetju, imate pravico podati prito\u017ebo pri nadzornemu organu. Pristojni nadzorni organ je Informacijski poobla\u0161\u010denec Republike Slovenije.<\/p><p>Svoje zahteve lahko po po\u0161ti ali po e-po\u0161ti po\u0161ljete na naslednje naslove:<\/p><p><em>Pokrajinski muzej Koper,<\/em><br \/><em>Kidri\u010deva ulica 19, <\/em><br \/><em>6000 Koper<\/em><\/p><p>Prosimo, da navedete va\u0161e kontaktne podatke, ime spletne strani ali vsakokratne storitve ter podroben opis va\u0161e zahteve oz. \u017eelje glede varstva podatkov.<\/p><p>Prosimo za razumevanje, da zaradi va\u0161e varnosti pred poizvedovanjem ali zahtevki s strani nepoobla\u0161\u010denih tretjih oseb, podajamo informacije izklju\u010dno pisno na po\u0161tni naslov, ki je bil z va\u0161e strani naveden na zadevnih portalih.<\/p>\t\t\t\t\t\t\t\t<\/div>\n\t\t\t\t\t<\/div>\n\t\t\t\t<\/div>\n\t\t\t\t<\/div>","protected":false},"excerpt":{"rendered":"<p>Izjava o obveznosti obve\u0161\u010danja Varstvo va\u0161ih osebnih podatkov je za nas zelo pomembno. Va\u0161e podatke obdelujemo izklju\u010dno na podlagi zakonskih dolo\u010db (Splo\u0161na uredba o varstvu podatkov \u2013 Uredba (EU) 2016\/679, Zakon o spremembi zakona o varstvu podatkov 2018, Zakon o telekomunikacijah 2003). V pri\u010dujo\u010dih informacijah o varstvu podatkov vas obve\u0161\u010damo o pomembnih vidikih obdelave podatkov [&hellip;]<\/p>\n","protected":false},"author":1,"featured_media":0,"parent":0,"menu_order":0,"comment_status":"closed","ping_status":"closed","template":"","meta":{"_acf_changed":false,"inline_featured_image":false,"_monsterinsights_skip_tracking":false,"_monsterinsights_sitenote_active":false,"_monsterinsights_sitenote_note":"","_monsterinsights_sitenote_category":0,"footnotes":""},"class_list":["post-2415","page","type-page","status-publish","hentry"],"acf":[],"aioseo_notices":[],"_links":{"self":[{"href":"https:\/\/pokrajinskimuzejkoper.si\/it\/wp-json\/wp\/v2\/pages\/2415","targetHints":{"allow":["GET"]}}],"collection":[{"href":"https:\/\/pokrajinskimuzejkoper.si\/it\/wp-json\/wp\/v2\/pages"}],"about":[{"href":"https:\/\/pokrajinskimuzejkoper.si\/it\/wp-json\/wp\/v2\/types\/page"}],"author":[{"embeddable":true,"href":"https:\/\/pokrajinskimuzejkoper.si\/it\/wp-json\/wp\/v2\/users\/1"}],"replies":[{"embeddable":true,"href":"https:\/\/pokrajinskimuzejkoper.si\/it\/wp-json\/wp\/v2\/comments?post=2415"}],"version-history":[{"count":4,"href":"https:\/\/pokrajinskimuzejkoper.si\/it\/wp-json\/wp\/v2\/pages\/2415\/revisions"}],"predecessor-version":[{"id":2438,"href":"https:\/\/pokrajinskimuzejkoper.si\/it\/wp-json\/wp\/v2\/pages\/2415\/revisions\/2438"}],"wp:attachment":[{"href":"https:\/\/pokrajinskimuzejkoper.si\/it\/wp-json\/wp\/v2\/media?parent=2415"}],"curies":[{"name":"wp","href":"https:\/\/api.w.org\/{rel}","templated":true}]}}