{"id":2413,"date":"2026-02-12T09:57:20","date_gmt":"2026-02-12T08:57:20","guid":{"rendered":"https:\/\/pokrajinskimuzejkoper.si\/?page_id=2413"},"modified":"2026-02-12T11:26:32","modified_gmt":"2026-02-12T10:26:32","slug":"pravno-obvestilo","status":"publish","type":"page","link":"https:\/\/pokrajinskimuzejkoper.si\/it\/pravno-obvestilo\/","title":{"rendered":"Avviso"},"content":{"rendered":"<div data-elementor-type=\"wp-page\" data-elementor-id=\"2413\" class=\"elementor elementor-2413\" data-elementor-post-type=\"page\">\n\t\t\t\t<div class=\"elementor-element elementor-element-6ef9d54 e-flex e-con-boxed e-con e-parent\" data-id=\"6ef9d54\" data-element_type=\"container\" data-e-type=\"container\">\n\t\t\t\t\t<div class=\"e-con-inner\">\n\t\t\t\t<div class=\"elementor-element elementor-element-5d76d12 elementor-widget elementor-widget-text-editor\" data-id=\"5d76d12\" data-element_type=\"widget\" data-e-type=\"widget\" data-widget_type=\"text-editor.default\">\n\t\t\t\t\t\t\t\t\t<p>Predmet tega obvestila je spletna stran na naslovu\u00a0<a href=\"https:\/\/pokrajinskimuzajkoper.si\">https:\/\/pokrajinskimuzajkoper.si<\/a>.<\/p><p>Vse vsebine na tej spletni strani so last Pokrajinskega muzeja Koper in so informativne narave.\u00a0<\/p><p>V Pokrajinskem muzeju Koper smo na\u0161e spletno mesto oblikovali z namenom omogo\u010diti splo\u0161ne informacije o podjetju in novice s poslovnega sveta.<\/p><p>Vstop v katerokoli podro\u010dje spletnega mesta Pokrajinski muzej Koper pomeni, da se strinjate z vsemi omejitvami in pogoji, navedenimi tukaj. \u010ce se z njimi ne strinjate, vas prosimo, da na te strani ne vstopate. Svetujemo vam, da obi\u0161\u010dete na\u0161o stran in ponovno pregledate veljavne pogoje uporabe, saj so ti pravno obvezujo\u010di.<\/p><p>Uradne, pravno-formalne informacije o podjetju ter o poslovanju podjetja se lahko razlikujejo od informacij na spletnem mestu podjetja.<\/p><h4><strong><br \/>Omejitev odgovornosti<\/strong><\/h4><p>Pokrajinski muzej Koper se bo po najbolj\u0161ih mo\u010deh trudil zagotavljati najbolj to\u010dne in najnovej\u0161e podatke na svojih straneh, vendar uporabnike spletnih strani opozarja, da so besedila informativnega zna\u010daja, zato ne jam\u010di in ne prevzema nobene odgovornosti za njihovo to\u010dnost in celovitost strani. Vsi obiskovalci objavljeno vsebino uporabljajo na lastno odgovornost. Pokrajinski muzej Koper si pridr\u017euje pravico, da kadarkoli, brez obvestila spremeni, dodaja ali odstrani vsebino teh spletnih strani.<\/p><p>Niti Pokrajinski muzej Koper niti katerakoli druga pravna ali fizi\u010dna oseba, ki je sodelovala pri nastanku in izdelavi teh spletnih strani, ni odgovorna za ob\u010dasno nedelovanje strani, za morebitno neto\u010dnost informacij in tudi ne za morebitno \u0161kodo, nastalo zaradi uporabe neto\u010dnih ali nepopolnih informacij, zato ne odgovarja za nobeno \u0161kodo ali neprijetnosti, ki bi izhajale iz obstoja spletnih strani, iz dostopa do in\/ali uporabe in\/ali nezmo\u017enosti uporabe informacij na teh spletnih straneh in\/ali za kakr\u0161ne koli napake ali pomanjkljivosti v njihovi vsebini, ne glede na to, ali so bili obve\u0161\u010deni o mo\u017enosti take \u0161kode.<\/p><p>Na spletni strani Pokrajinski muzej Koper so tudi povezave na druge spletne strani, reference in partnerje, ki niso povezani z nami. Pokrajinski muzej Koper ne more jam\u010diti za to\u010dnost vsebin na teh straneh, prav tako ne prejemati ali posredovati prito\u017eb v zvezi z njimi, in ne prevzema nobene odgovornosti za za\u0161\u010dito podatkov na teh spletnih straneh.<\/p><h4>\u00a0<\/h4><h4><strong>Avtorske pravice<\/strong><\/h4><p>Vse informacije in podobe, objavljene na spletnem mestu (besedila, fotografije, skice, zemljevidi in na\u010drti, ra\u010dunalni\u0161ki programi) so predmet avtorske za\u0161\u010dite po Zakonu o avtorski in sorodnih pravicah (Uradni list RS, \u0161t. 21\/1995 s spremembami). Uporabljajo se lahko izklju\u010dno za izobra\u017eevalne in nekomercialne namene, pri \u010demer se morajo ohraniti tudi vsa navedena opozorila o avtorski ali drugih pravicah in se ne smejo prepisovati, razmno\u017eevati ali kako druga\u010de raz\u0161irjati v komercialne namene. Na vsaki reprodukciji (kopiranje, reprodukcija, objava, prenos) mora biti kot vir naveden Pokrajinski muzej Koper.<\/p><p>Pokrajinski muzej Koper si pridr\u017euje pravico, da kadar koli in kakor koli, delno ali v celoti spremeni, dodaja ali odstrani vsebine, objavljene na tej spletni strani, ne glede na razlog ter brez predhodnega opozorila. Vsi uporabniki vso objavljeno vsebino uporabljajo na lastno odgovornost.<\/p><h4>\u00a0<\/h4><h4><strong>Varovanje zasebnosti<\/strong><\/h4><p>Pokrajinski muzej Koper se zavezuje, da bo varoval zaupnost osebnih podatkov uporabnikov spletnega mesta. Zbrane podatke bomo uporabili izklju\u010dno za izbolj\u0161anje uporabe spletnega mesta in za namene, za katere jih bodo dali uporabniki spletnega mesta. Osebnih podatkov in kontaktnih informacij ne bomo uporabljali za druge namene ter jih ne bomo brez izrecnega dovoljenja uporabnika spletnega mesta razkrili tretjim strankam. Storili bomo vse, da va\u0161e osebne podatke za\u0161\u010ditimo pred kakr\u0161nimikoli kr\u0161itvami in zlorabami.<\/p>\t\t\t\t\t\t\t\t<\/div>\n\t\t\t\t\t<\/div>\n\t\t\t\t<\/div>\n\t\t\t\t<\/div>","protected":false},"excerpt":{"rendered":"<p>Predmet tega obvestila je spletna stran na naslovu\u00a0https:\/\/pokrajinskimuzajkoper.si. Vse vsebine na tej spletni strani so last Pokrajinskega muzeja Koper in so informativne narave.\u00a0 V Pokrajinskem muzeju Koper smo na\u0161e spletno mesto oblikovali z namenom omogo\u010diti splo\u0161ne informacije o podjetju in novice s poslovnega sveta. Vstop v katerokoli podro\u010dje spletnega mesta Pokrajinski muzej Koper pomeni, da [&hellip;]<\/p>\n","protected":false},"author":1,"featured_media":0,"parent":0,"menu_order":0,"comment_status":"closed","ping_status":"closed","template":"","meta":{"_acf_changed":false,"inline_featured_image":false,"_monsterinsights_skip_tracking":false,"_monsterinsights_sitenote_active":false,"_monsterinsights_sitenote_note":"","_monsterinsights_sitenote_category":0,"footnotes":""},"class_list":["post-2413","page","type-page","status-publish","hentry"],"acf":[],"aioseo_notices":[],"_links":{"self":[{"href":"https:\/\/pokrajinskimuzejkoper.si\/it\/wp-json\/wp\/v2\/pages\/2413","targetHints":{"allow":["GET"]}}],"collection":[{"href":"https:\/\/pokrajinskimuzejkoper.si\/it\/wp-json\/wp\/v2\/pages"}],"about":[{"href":"https:\/\/pokrajinskimuzejkoper.si\/it\/wp-json\/wp\/v2\/types\/page"}],"author":[{"embeddable":true,"href":"https:\/\/pokrajinskimuzejkoper.si\/it\/wp-json\/wp\/v2\/users\/1"}],"replies":[{"embeddable":true,"href":"https:\/\/pokrajinskimuzejkoper.si\/it\/wp-json\/wp\/v2\/comments?post=2413"}],"version-history":[{"count":10,"href":"https:\/\/pokrajinskimuzejkoper.si\/it\/wp-json\/wp\/v2\/pages\/2413\/revisions"}],"predecessor-version":[{"id":2431,"href":"https:\/\/pokrajinskimuzejkoper.si\/it\/wp-json\/wp\/v2\/pages\/2413\/revisions\/2431"}],"wp:attachment":[{"href":"https:\/\/pokrajinskimuzejkoper.si\/it\/wp-json\/wp\/v2\/media?parent=2413"}],"curies":[{"name":"wp","href":"https:\/\/api.w.org\/{rel}","templated":true}]}}