{"id":15,"date":"2026-02-12T12:54:17","date_gmt":"2026-02-12T11:54:17","guid":{"rendered":"https:\/\/pmk.click.si\/?page_id=15"},"modified":"2026-02-12T13:02:52","modified_gmt":"2026-02-12T12:02:52","slug":"vracila","status":"publish","type":"page","link":"https:\/\/pokrajinskimuzejkoper.si\/it\/vracila\/","title":{"rendered":"Ritorno dei prodotti"},"content":{"rendered":"<div data-elementor-type=\"wp-page\" data-elementor-id=\"15\" class=\"elementor elementor-15\" data-elementor-post-type=\"page\">\n\t\t\t\t<div class=\"elementor-element elementor-element-e422165 e-flex e-con-boxed e-con e-parent\" data-id=\"e422165\" data-element_type=\"container\" data-e-type=\"container\">\n\t\t\t\t\t<div class=\"e-con-inner\">\n\t\t\t\t<div class=\"elementor-element elementor-element-3d983ac elementor-widget elementor-widget-text-editor\" data-id=\"3d983ac\" data-element_type=\"widget\" data-e-type=\"widget\" data-widget_type=\"text-editor.default\">\n\t\t\t\t\t\t\t\t\t<p>Pri pogodbah, sklenjenih prek spletne trgovine, ima kupec pravico, da v 14 dneh Pokrajinskemu muzeju Koper sporo\u010di, da odstopa od pogodbe, ne da bi mu bilo treba navesti razlog za svojo odlo\u010ditev. Edini stro\u0161ek, ki bremeni potro\u0161nika v zvezi z odstopom od pogodbe, je neposreden stro\u0161ek vra\u010dila blaga.<\/p><p>Kupec nima pravice do odstopa pri pogodbah za blago:<\/p><ul><li>ki je bilo izdelano po natan\u010dnih navodilih potro\u0161nika (prilagojeno njegovim osebnim potrebam),<\/li><li>ki zaradi svoje narave ni primerno za vra\u010dilo,<\/li><li>ki ima vidne sledi uporabe ali monta\u017ee izdelka,<\/li><li>ki je vrnjeno nelo\u010dljivo in pome\u0161ano z drugimi predmeti.<\/li><\/ul><p><br \/>\u010ce je kupec blago \u017ee prejel in od pogodbe odstopi, mora blago nepo\u0161kodovano in v nespremenjeni koli\u010dini vrniti podjetju v 14 dneh po tem, ko podjetje obvesti o svojem odstopu od pogodbe. Blago oziroma izdelek mora kupec vrniti v originalni, nepo\u0161kodovani embala\u017ei, da se izogne zmanj\u0161anju vra\u010dila kupnine. Ob vra\u010dilu mora kupec po\u0161iljki prilo\u017eiti kopijo originalnega ra\u010duna in morebitno drugo pripadajo\u010do dokumentacijo. Embala\u017ea izdelka mora biti nepo\u0161kodovana.<\/p><p>Kupec odgovarja za zmanj\u0161anje vrednosti izdelka, \u010de je zmanj\u0161anje vrednosti posledica ravnanja, ki ni nujno potrebno za ugotovitev narave, lastnosti in delovanja blaga.<\/p><p>Vra\u010dilo pla\u010dil bo Pokrajinskemu muzeju Koper opravil najkasneje v 14 dneh po prejemu odstopa od pogodbe. Pokrajinski muzej Koper si pridr\u017euje pravico zadr\u017eati vra\u010dilo prejetih pla\u010dil do prevzema vrnjenega blaga ali dokler ne predlo\u017eite dokazila, da ste blago poslali nazaj. Prejeto kupnino bo podjetje vrnilo z enakim pla\u010dilnim sredstvom, kot ga je kupec uporabil ob nakupu, razen \u010de ni izrecno zahteval uporabo drugega pla\u010dilnega sredstva.<\/p><p>Rok za uveljavljanje pravice do odstopa od pogodbe te\u010de pri dobavi blaga od dneva, ko je kupec sprejel blago, pri opravljanju storitev pa z dnem sklenitve pogodbe ali z dnem, ko je podjetje izpolnilo to obveznost.<\/p><p>Odstop od pogodbe kupec uresni\u010di tako, da po\u0161lje nedvoumno izjavo o odstopu od pogodbe preko elektronske po\u0161te na\u00a0<a href=\"mailto:info@pokrajinskimuzejkoper.si\">info@pokrajinskimuzejkoper.si<\/a>.\u00a0\u0160teje se, da je kupec podal odstopno izjavo pravo\u010dasno, \u010de jo po\u0161lje v roku, dolo\u010denem za odstop od pogodbe.<\/p><p><strong>Naslov za vra\u010dilo blaga po po\u0161ti:<br \/><\/strong>Pokrajinski muzej Koper,<br \/>Kidri\u010deva ulica 19,<br \/>6000 Koper<\/p>\t\t\t\t\t\t\t\t<\/div>\n\t\t\t\t\t<\/div>\n\t\t\t\t<\/div>\n\t\t\t\t<\/div>","protected":false},"excerpt":{"rendered":"<p>Pri pogodbah, sklenjenih prek spletne trgovine, ima kupec pravico, da v 14 dneh Pokrajinskemu muzeju Koper sporo\u010di, da odstopa od pogodbe, ne da bi mu bilo treba navesti razlog za svojo odlo\u010ditev. Edini stro\u0161ek, ki bremeni potro\u0161nika v zvezi z odstopom od pogodbe, je neposreden stro\u0161ek vra\u010dila blaga. Kupec nima pravice do odstopa pri pogodbah [&hellip;]<\/p>\n","protected":false},"author":1,"featured_media":0,"parent":0,"menu_order":0,"comment_status":"closed","ping_status":"closed","template":"","meta":{"_acf_changed":false,"inline_featured_image":false,"_monsterinsights_skip_tracking":false,"_monsterinsights_sitenote_active":false,"_monsterinsights_sitenote_note":"","_monsterinsights_sitenote_category":0,"footnotes":""},"class_list":["post-15","page","type-page","status-publish","hentry"],"acf":[],"aioseo_notices":[],"_links":{"self":[{"href":"https:\/\/pokrajinskimuzejkoper.si\/it\/wp-json\/wp\/v2\/pages\/15","targetHints":{"allow":["GET"]}}],"collection":[{"href":"https:\/\/pokrajinskimuzejkoper.si\/it\/wp-json\/wp\/v2\/pages"}],"about":[{"href":"https:\/\/pokrajinskimuzejkoper.si\/it\/wp-json\/wp\/v2\/types\/page"}],"author":[{"embeddable":true,"href":"https:\/\/pokrajinskimuzejkoper.si\/it\/wp-json\/wp\/v2\/users\/1"}],"replies":[{"embeddable":true,"href":"https:\/\/pokrajinskimuzejkoper.si\/it\/wp-json\/wp\/v2\/comments?post=15"}],"version-history":[{"count":4,"href":"https:\/\/pokrajinskimuzejkoper.si\/it\/wp-json\/wp\/v2\/pages\/15\/revisions"}],"predecessor-version":[{"id":2443,"href":"https:\/\/pokrajinskimuzejkoper.si\/it\/wp-json\/wp\/v2\/pages\/15\/revisions\/2443"}],"wp:attachment":[{"href":"https:\/\/pokrajinskimuzejkoper.si\/it\/wp-json\/wp\/v2\/media?parent=15"}],"curies":[{"name":"wp","href":"https:\/\/api.w.org\/{rel}","templated":true}]}}