{"id":761,"date":"2025-12-09T09:28:31","date_gmt":"2025-12-09T08:28:31","guid":{"rendered":"https:\/\/pmk.click.si\/product\/repellat\/"},"modified":"2025-12-10T14:21:06","modified_gmt":"2025-12-10T13:21:06","slug":"kuzek","status":"publish","type":"product","link":"https:\/\/pokrajinskimuzejkoper.si\/en\/product\/kuzek\/","title":{"rendered":"Kashler Hound"},"content":{"rendered":"<p>Statuette of a Kasler hound.<\/p>\n<p><em>A bronze statuette of a dog was excavated at the prehistoric hilltop fortified settlement of Ka\u0161telir above Kortami. It is associated with a sacred space and a connection to human passage to the afterlife.<\/em><\/p>","protected":false},"excerpt":{"rendered":"<p>Kipec ka\u0161lerskega goni\u010da. Bronast kipec psa je bil izkopan na prazgodovinski vi\u0161inski utrjeni naselbini Ka\u0161telir nad Kortami. Povezujemo ga s sveti\u0161\u010dnim prostorom in povezavo s \u010dlove\u0161kim prehodom v onostranstvo.<\/p>","protected":false},"featured_media":1107,"template":"","meta":{"_acf_changed":false,"inline_featured_image":false,"_monsterinsights_skip_tracking":false,"_monsterinsights_sitenote_active":false,"_monsterinsights_sitenote_note":"","_monsterinsights_sitenote_category":0},"product_brand":[],"product_cat":[15],"product_tag":[],"class_list":{"0":"post-761","1":"product","2":"type-product","3":"status-publish","4":"has-post-thumbnail","6":"product_cat-spominki","8":"first","9":"instock","10":"taxable","11":"shipping-taxable","12":"purchasable","13":"product-type-simple"},"acf":[],"aioseo_notices":[],"_links":{"self":[{"href":"https:\/\/pokrajinskimuzejkoper.si\/en\/wp-json\/wp\/v2\/product\/761","targetHints":{"allow":["GET"]}}],"collection":[{"href":"https:\/\/pokrajinskimuzejkoper.si\/en\/wp-json\/wp\/v2\/product"}],"about":[{"href":"https:\/\/pokrajinskimuzejkoper.si\/en\/wp-json\/wp\/v2\/types\/product"}],"wp:featuredmedia":[{"embeddable":true,"href":"https:\/\/pokrajinskimuzejkoper.si\/en\/wp-json\/wp\/v2\/media\/1107"}],"wp:attachment":[{"href":"https:\/\/pokrajinskimuzejkoper.si\/en\/wp-json\/wp\/v2\/media?parent=761"}],"wp:term":[{"taxonomy":"product_brand","embeddable":true,"href":"https:\/\/pokrajinskimuzejkoper.si\/en\/wp-json\/wp\/v2\/product_brand?post=761"},{"taxonomy":"product_cat","embeddable":true,"href":"https:\/\/pokrajinskimuzejkoper.si\/en\/wp-json\/wp\/v2\/product_cat?post=761"},{"taxonomy":"product_tag","embeddable":true,"href":"https:\/\/pokrajinskimuzejkoper.si\/en\/wp-json\/wp\/v2\/product_tag?post=761"}],"curies":[{"name":"wp","href":"https:\/\/api.w.org\/{rel}","templated":true}]}}