{"id":753,"date":"2025-12-09T09:28:29","date_gmt":"2025-12-09T08:28:29","guid":{"rendered":"https:\/\/pmk.click.si\/product\/fugiat\/"},"modified":"2025-12-10T14:32:43","modified_gmt":"2025-12-10T13:32:43","slug":"mazilo-za-ustnice","status":"publish","type":"product","link":"https:\/\/pokrajinskimuzejkoper.si\/en\/product\/mazilo-za-ustnice\/","title":{"rendered":"Lip balm"},"content":{"rendered":"<p>Moja NaraVa - Natural lip balm with lavender and organic beeswax.<\/p>\n<p class=\"translation-block\"><strong>Ingredients:<\/strong>\u00a0organic beeswax, almond oil, lavender essential oil<\/p>\n<ul>\n<li>Organic beeswax gives lips softness, moisture, elasticity and has an anti-inflammatory effect<\/li>\n<li>Almond oil contains vitamins A, B and E, so it thoroughly nourishes the lips and prevents them from drying out.<\/li>\n<li>Lavender essential oil protects lips, hydrates them, softens them and restores their softness<\/li>\n<\/ul>\n<p>Quantity: 5 ml<\/p>","protected":false},"excerpt":{"rendered":"<p>Moja NaraVa &#8211; naravno mazilo za ustnice s sivko in ekolo\u0161kim \u010debeljim voskom. Sestavine:\u00a0ekolo\u0161ki \u010debelji vosek, mandljevo olje, eteri\u010dno olje sivke ekolo\u0161ki \u010debelji vosek ustnicam daje mehkobo, vlago, elasti\u010dnost in deluje protivnetno mandljevo olje vsebuje vitamine A, B in E, zato ustnice temeljito nahrani ter prepre\u010duje njihovo izsu\u0161itev eteri\u010dno olje sivke \u0161\u010diti ustnice, jih hidrira, [&hellip;]<\/p>\n","protected":false},"featured_media":1114,"template":"","meta":{"_acf_changed":false,"inline_featured_image":false,"_monsterinsights_skip_tracking":false,"_monsterinsights_sitenote_active":false,"_monsterinsights_sitenote_note":"","_monsterinsights_sitenote_category":0},"product_brand":[],"product_cat":[15],"product_tag":[],"class_list":{"0":"post-753","1":"product","2":"type-product","3":"status-publish","4":"has-post-thumbnail","6":"product_cat-spominki","8":"first","9":"instock","10":"taxable","11":"shipping-taxable","12":"purchasable","13":"product-type-simple"},"acf":[],"aioseo_notices":[],"_links":{"self":[{"href":"https:\/\/pokrajinskimuzejkoper.si\/en\/wp-json\/wp\/v2\/product\/753","targetHints":{"allow":["GET"]}}],"collection":[{"href":"https:\/\/pokrajinskimuzejkoper.si\/en\/wp-json\/wp\/v2\/product"}],"about":[{"href":"https:\/\/pokrajinskimuzejkoper.si\/en\/wp-json\/wp\/v2\/types\/product"}],"wp:featuredmedia":[{"embeddable":true,"href":"https:\/\/pokrajinskimuzejkoper.si\/en\/wp-json\/wp\/v2\/media\/1114"}],"wp:attachment":[{"href":"https:\/\/pokrajinskimuzejkoper.si\/en\/wp-json\/wp\/v2\/media?parent=753"}],"wp:term":[{"taxonomy":"product_brand","embeddable":true,"href":"https:\/\/pokrajinskimuzejkoper.si\/en\/wp-json\/wp\/v2\/product_brand?post=753"},{"taxonomy":"product_cat","embeddable":true,"href":"https:\/\/pokrajinskimuzejkoper.si\/en\/wp-json\/wp\/v2\/product_cat?post=753"},{"taxonomy":"product_tag","embeddable":true,"href":"https:\/\/pokrajinskimuzejkoper.si\/en\/wp-json\/wp\/v2\/product_tag?post=753"}],"curies":[{"name":"wp","href":"https:\/\/api.w.org\/{rel}","templated":true}]}}