{"id":493,"date":"2025-12-04T15:53:05","date_gmt":"2025-12-04T14:53:05","guid":{"rendered":"https:\/\/pmk.click.si\/?page_id=493"},"modified":"2026-01-06T14:52:33","modified_gmt":"2026-01-06T13:52:33","slug":"cenik-uporabe-prostorov-javne-kulturne-infrastrukture","status":"publish","type":"page","link":"https:\/\/pokrajinskimuzejkoper.si\/en\/informacije\/cenik-uporabe-prostorov-javne-kulturne-infrastrukture\/","title":{"rendered":"Price list for the use of public cultural infrastructure facilities"},"content":{"rendered":"<div data-elementor-type=\"wp-page\" data-elementor-id=\"493\" class=\"elementor elementor-493\" data-elementor-post-type=\"page\">\n\t\t\t\t<div class=\"elementor-element elementor-element-721ec79 e-flex e-con-boxed e-con e-parent\" data-id=\"721ec79\" data-element_type=\"container\" data-e-type=\"container\" data-settings=\"{&quot;background_background&quot;:&quot;classic&quot;}\">\n\t\t\t\t\t<div class=\"e-con-inner\">\n\t\t\t\t<div class=\"elementor-element elementor-element-21dbd9b elementor-widget elementor-widget-heading\" data-id=\"21dbd9b\" data-element_type=\"widget\" data-e-type=\"widget\" data-widget_type=\"heading.default\">\n\t\t\t\t\t<h1 class=\"elementor-heading-title elementor-size-default\">Price list for the use of public cultural infrastructure facilities<\/h1>\t\t\t\t<\/div>\n\t\t\t\t\t<\/div>\n\t\t\t\t<\/div>\n\t\t<div class=\"elementor-element elementor-element-0612ebc e-flex e-con-boxed e-con e-parent\" data-id=\"0612ebc\" data-element_type=\"container\" data-e-type=\"container\" data-settings=\"{&quot;background_background&quot;:&quot;gradient&quot;}\">\n\t\t\t\t\t<div class=\"e-con-inner\">\n\t\t\t\t<div class=\"elementor-element elementor-element-b8582ef elementor-widget elementor-widget-eael-breadcrumbs\" data-id=\"b8582ef\" data-element_type=\"widget\" data-e-type=\"widget\" data-widget_type=\"eael-breadcrumbs.default\">\n\t\t\t\t<div class=\"elementor-widget-container\">\n\t\t\t\t\t\t\t<div class=\"eael-breadcrumbs\">\n\t\t\t<div class=\"eael-breadcrumbs__content\"><a href=\"https:\/\/pokrajinskimuzejkoper.si\/en\">Home<\/a> <span class=\"eael-breadcrumb-separator\"><svg aria-hidden=\"true\" class=\"e-font-icon-svg e-fas-angle-right\" viewbox=\"0 0 256 512\" xmlns=\"http:\/\/www.w3.org\/2000\/svg\"><path d=\"M224.3 273l-136 136c-9.4 9.4-24.6 9.4-33.9 0l-22.6-22.6c-9.4-9.4-9.4-24.6 0-33.9l96.4-96.4-96.4-96.4c-9.4-9.4-9.4-24.6 0-33.9L54.3 103c9.4-9.4 24.6-9.4 33.9 0l136 136c9.5 9.4 9.5 24.6.1 34z\"><\/path><\/svg><\/span> <span class = \"eael-current\">Page<\/span><\/div>\t\t<\/div>\n\t\t\t\t\t\t<\/div>\n\t\t\t\t<\/div>\n\t\t\t\t<div class=\"elementor-element elementor-element-0d4eb56 elementor-share-buttons--view-icon elementor-share-buttons--shape-circle elementor-share-buttons--color-custom elementor-share-buttons--skin-gradient elementor-grid-0 elementor-widget elementor-widget-share-buttons\" data-id=\"0d4eb56\" data-element_type=\"widget\" data-e-type=\"widget\" data-widget_type=\"share-buttons.default\">\n\t\t\t\t\t\t\t<div class=\"elementor-grid\" role=\"list\">\n\t\t\t\t\t\t\t\t<div class=\"elementor-grid-item\" role=\"listitem\">\n\t\t\t\t\t\t<div class=\"elementor-share-btn elementor-share-btn_facebook\" role=\"button\" tabindex=\"0\" aria-label=\"Share on facebook\" data-no-translation-aria-label=\"\">\n\t\t\t\t\t\t\t\t\t\t\t\t\t\t\t<span class=\"elementor-share-btn__icon\">\n\t\t\t\t\t\t\t\t<svg aria-hidden=\"true\" class=\"e-font-icon-svg e-fab-facebook\" viewbox=\"0 0 512 512\" xmlns=\"http:\/\/www.w3.org\/2000\/svg\"><path d=\"M504 256C504 119 393 8 256 8S8 119 8 256c0 123.78 90.69 226.38 209.25 245V327.69h-63V256h63v-54.64c0-62.15 37-96.48 93.67-96.48 27.14 0 55.52 4.84 55.52 4.84v61h-31.28c-30.8 0-40.41 19.12-40.41 38.73V256h68.78l-11 71.69h-57.78V501C413.31 482.38 504 379.78 504 256z\"><\/path><\/svg>\t\t\t\t\t\t\t<\/span>\n\t\t\t\t\t\t\t\t\t\t\t\t\t\t\t\t\t\t\t\t<\/div>\n\t\t\t\t\t<\/div>\n\t\t\t\t\t\t\t\t\t<div class=\"elementor-grid-item\" role=\"listitem\">\n\t\t\t\t\t\t<div class=\"elementor-share-btn elementor-share-btn_x-twitter\" role=\"button\" tabindex=\"0\" aria-label=\"Share on x-twitter\" data-no-translation-aria-label=\"\">\n\t\t\t\t\t\t\t\t\t\t\t\t\t\t\t<span class=\"elementor-share-btn__icon\">\n\t\t\t\t\t\t\t\t<svg aria-hidden=\"true\" class=\"e-font-icon-svg e-fab-x-twitter\" viewbox=\"0 0 512 512\" xmlns=\"http:\/\/www.w3.org\/2000\/svg\"><path d=\"M389.2 48h70.6L305.6 224.2 487 464H345L233.7 318.6 106.5 464H35.8L200.7 275.5 26.8 48H172.4L272.9 180.9 389.2 48zM364.4 421.8h39.1L151.1 88h-42L364.4 421.8z\"><\/path><\/svg>\t\t\t\t\t\t\t<\/span>\n\t\t\t\t\t\t\t\t\t\t\t\t\t\t\t\t\t\t\t\t<\/div>\n\t\t\t\t\t<\/div>\n\t\t\t\t\t\t\t\t\t<div class=\"elementor-grid-item\" role=\"listitem\">\n\t\t\t\t\t\t<div class=\"elementor-share-btn elementor-share-btn_linkedin\" role=\"button\" tabindex=\"0\" aria-label=\"Share on linkedin\" data-no-translation-aria-label=\"\">\n\t\t\t\t\t\t\t\t\t\t\t\t\t\t\t<span class=\"elementor-share-btn__icon\">\n\t\t\t\t\t\t\t\t<svg aria-hidden=\"true\" class=\"e-font-icon-svg e-fab-linkedin\" viewbox=\"0 0 448 512\" xmlns=\"http:\/\/www.w3.org\/2000\/svg\"><path d=\"M416 32H31.9C14.3 32 0 46.5 0 64.3v383.4C0 465.5 14.3 480 31.9 480H416c17.6 0 32-14.5 32-32.3V64.3c0-17.8-14.4-32.3-32-32.3zM135.4 416H69V202.2h66.5V416zm-33.2-243c-21.3 0-38.5-17.3-38.5-38.5S80.9 96 102.2 96c21.2 0 38.5 17.3 38.5 38.5 0 21.3-17.2 38.5-38.5 38.5zm282.1 243h-66.4V312c0-24.8-.5-56.7-34.5-56.7-34.6 0-39.9 27-39.9 54.9V416h-66.4V202.2h63.7v29.2h.9c8.9-16.8 30.6-34.5 62.9-34.5 67.2 0 79.7 44.3 79.7 101.9V416z\"><\/path><\/svg>\t\t\t\t\t\t\t<\/span>\n\t\t\t\t\t\t\t\t\t\t\t\t\t\t\t\t\t\t\t\t<\/div>\n\t\t\t\t\t<\/div>\n\t\t\t\t\t\t\t\t\t<div class=\"elementor-grid-item\" role=\"listitem\">\n\t\t\t\t\t\t<div class=\"elementor-share-btn elementor-share-btn_email\" role=\"button\" tabindex=\"0\" aria-label=\"Share on email\" data-no-translation-aria-label=\"\">\n\t\t\t\t\t\t\t\t\t\t\t\t\t\t\t<span class=\"elementor-share-btn__icon\">\n\t\t\t\t\t\t\t\t<svg aria-hidden=\"true\" class=\"e-font-icon-svg e-fas-envelope\" viewbox=\"0 0 512 512\" xmlns=\"http:\/\/www.w3.org\/2000\/svg\"><path d=\"M502.3 190.8c3.9-3.1 9.7-.2 9.7 4.7V400c0 26.5-21.5 48-48 48H48c-26.5 0-48-21.5-48-48V195.6c0-5 5.7-7.8 9.7-4.7 22.4 17.4 52.1 39.5 154.1 113.6 21.1 15.4 56.7 47.8 92.2 47.6 35.7.3 72-32.8 92.3-47.6 102-74.1 131.6-96.3 154-113.7zM256 320c23.2.4 56.6-29.2 73.4-41.4 132.7-96.3 142.8-104.7 173.4-128.7 5.8-4.5 9.2-11.5 9.2-18.9v-19c0-26.5-21.5-48-48-48H48C21.5 64 0 85.5 0 112v19c0 7.4 3.4 14.3 9.2 18.9 30.6 23.9 40.7 32.4 173.4 128.7 16.8 12.2 50.2 41.8 73.4 41.4z\"><\/path><\/svg>\t\t\t\t\t\t\t<\/span>\n\t\t\t\t\t\t\t\t\t\t\t\t\t\t\t\t\t\t\t\t<\/div>\n\t\t\t\t\t<\/div>\n\t\t\t\t\t\t<\/div>\n\t\t\t\t\t\t<\/div>\n\t\t\t\t\t<\/div>\n\t\t\t\t<\/div>\n\t\t<div class=\"elementor-element elementor-element-1eeb1b5 e-flex e-con-boxed e-con e-parent\" data-id=\"1eeb1b5\" data-element_type=\"container\" data-e-type=\"container\">\n\t\t\t\t\t<div class=\"e-con-inner\">\n\t\t\t\t<div class=\"elementor-element elementor-element-62f8975 elementor-widget elementor-widget-text-editor\" data-id=\"62f8975\" data-element_type=\"widget\" data-e-type=\"widget\" data-widget_type=\"text-editor.default\">\n\t\t\t\t\t\t\t\t\t<p><strong>OBRA\u010cUN DEJANSKIH DODATNIH STRO\u0160KOV UPORABE PRI VKLJU\u010cEVANJU DOGODKOV\u00a0 V PROSTORE JAVNE KULTURNE INFRASTRUKTURE<\/strong><\/p><p>Pokrajinski muzej Koper v skladu z Zakonom o uresni\u010devanju javnega interesa za kulturo (ZUJIK), omogo\u010da uporabo prostorov za izvedbo javnih kulturnih programov in kulturnih projektov.<\/p><p>Javni zavodi, javni skladi ali javne agencije s podro\u010dja kulture ali drugi kulturni izvajalci lahko prostore Pokrajinskega muzeja Koper uporabljajo za izvajanje javnih kulturnih programov ali kulturnih projektov na podlagi sklenjene pogodbe. Pri tem so dol\u017eni poravnati nadomestilo v vi\u0161ini dejanskih dodatnih stro\u0161kov, ki so z uporabo prostorov nastali.<\/p><p>Skladno s 2. \u010dlenom Zakona o uresni\u010devanju javnega interesa za kulturo (ZUJIK) imajo posamezni izrazi v skladu s tem zakonom slede\u010di pomen;<\/p><ul><li>javni interes na podro\u010dju kulture je interes za ustvarjanje, posredovanje in varovanje kulturnih dobrin na dr\u017eavni in lokalnih ravneh, ki se uresni\u010duje z zagotavljanjem pogojev zanje (v nadaljnjem besedilu: javni interes za kulturo);<\/li><li>kulturna dobrina je kulturni proizvod ali storitev, ki je namenjena zadovoljevanju \u010dlovekovih potreb na podro\u010dju kulture;<\/li><li>javna kulturna dobrina je tista kulturna dobrina, ki jo v javnem interesu zagotavlja dr\u017eava oziroma lokalna skupnost kot javno slu\u017ebo oziroma v obliki podpore posami\u010dnim kulturnim projektom;<\/li><li>javni kulturni program je kulturna dejavnost izvajalcev, ki niso javni zavodi, pa jo dr\u017eava oziroma lokalna skupnost zagotavlja\/financira na primerljiv na\u010din kot javne zavode;<\/li><li>kulturni projekt je posami\u010dna aktivnost kulturnih izvajalcev (izdaja knjige, obnova kulturnega spomenika, gledali\u0161ka predstava, koncert, \u0161tipendija ipd.), ki jo financira dr\u017eava oziroma lokalna skupnost;<\/li><\/ul><p>Zara\u010dunajo se naslednji dodatni stro\u0161ki:<\/p><ul><li>Stro\u0161ki \u010di\u0161\u010denja;<\/li><li>Stro\u0161ki dodatne kurjave ali posebnega hlajenja;<\/li><li>Stro\u0161ki elektri\u010dne energije za potrebe prireditve;<\/li><li>Stro\u0161ki vode, ki nastanejo pri posamezni prireditvi;<\/li><li>Stro\u0161ki uporabnine opreme za izvedbo posamezne prireditve;<\/li><li>Stro\u0161ki infrastrukture za izvedbo posamezne prireditve;<\/li><li>Posebni stro\u0161ki za odpravo zaradi dogodka povzro\u010dene \u0161kode na opremi\u00a0 ali prostorih;<\/li><li>Drugi variabilni stro\u0161ki , ki nastanejo zaradi izvedbe prireditve ( kot so stro\u0161ki prodaje kart, karti\u010dne provizije, stro\u0161ki posebne promocije, stro\u0161ki drugih storitev, \u010de se zanje dogovorita\u00a0 naro\u010dnik in izvajalec).<\/li><\/ul><p>Muzej pripravi in omogo\u010di dostop do projekcijskega izra\u010duna posamezne uporabe. V dogovoru z ob\u010dino-ustanoviteljico in izkazanim javnim interesom lahko muzej zagotovi prostore z zni\u017eano uporabnino ali brezpla\u010dno, o \u010demer odlo\u010da direktor na podlagi pripravljenih sodil.<\/p><p><strong>INFORMATIVNI IZRA\u010cUN OBRA\u010cUNANIH DEJANSKIH DODATNIH STRO\u0160KOV PRI UPORABI PROSTOROV POKRAJINSKEGA MUZEJA KOPER V SKLADU Z 75. \u010cLENOM ZAKONA O URESNI\u010cEVANJU JAVNEGA INTERESA ZA KULTURO (ZUJIK)<\/strong><\/p><table border=\"0\" cellspacing=\"0\" cellpadding=\"0\"><tbody><tr><td valign=\"bottom\" width=\"83%\"><p><strong>PROSTORI ZA IZVEDBO KUTURNIH PROGRAMOV<\/strong><\/p><\/td><td valign=\"bottom\" width=\"16%\"><p align=\"right\"><strong>DEJANSKI DODATNI STRO\u0160KI ZA DOGODEK<\/strong><\/p><\/td><\/tr><tr><td valign=\"bottom\" nowrap=\"nowrap\" width=\"83%\">GLAVNA DVORANA<\/td><td valign=\"bottom\" nowrap=\"nowrap\" width=\"16%\"><p align=\"right\">259,10<\/p><\/td><\/tr><tr><td valign=\"bottom\" nowrap=\"nowrap\" width=\"83%\">ATRIJ<\/td><td valign=\"bottom\" nowrap=\"nowrap\" width=\"16%\"><p align=\"right\">101,00<\/p><\/td><\/tr><tr><td valign=\"bottom\" nowrap=\"nowrap\" width=\"83%\">VRTOVA PALA\u010cE<\/td><td valign=\"bottom\" nowrap=\"nowrap\" width=\"16%\"><p align=\"right\">240,20<\/p><\/td><\/tr><tr><td valign=\"bottom\" nowrap=\"nowrap\" width=\"83%\">ETNOLOGIJA GRAM\u0160IJEV TRG\u00a0 4 KOPER<\/td><td valign=\"bottom\" nowrap=\"nowrap\" width=\"16%\"><p align=\"right\">272,40<\/p><\/td><\/tr><tr><td valign=\"bottom\" nowrap=\"nowrap\" width=\"83%\">GALERIJA KIDRI\u010cEVA 23\/A KOPER<\/td><td valign=\"bottom\" nowrap=\"nowrap\" width=\"16%\"><p align=\"right\">126,40<\/p><\/td><\/tr><tr><td valign=\"bottom\" nowrap=\"nowrap\" width=\"83%\">\u00a0<\/td><td valign=\"bottom\" nowrap=\"nowrap\" width=\"16%\">\u00a0<\/td><\/tr><tr><td valign=\"bottom\" width=\"83%\"><p><strong>PROSTORI ZA POMO\u017dNE DEJAVNOSTI OB IZVEDBI KUTURNIH PROGRAMOV<\/strong><\/p><\/td><td valign=\"bottom\" width=\"16%\"><p align=\"right\"><strong>DEJANSKI STRO\u0160KI NA URO<\/strong><\/p><\/td><\/tr><tr><td valign=\"bottom\" nowrap=\"nowrap\" width=\"83%\">GLAVNA DVORANA -uporaba stranskega prostora, up. Za druge namene, pogostitve<\/td><td valign=\"bottom\" nowrap=\"nowrap\" width=\"16%\"><p align=\"right\">43,20<\/p><\/td><\/tr><tr><td valign=\"bottom\" nowrap=\"nowrap\" width=\"83%\">ATRIJ- uporaba stranskega prostora, up. Za druge namene, pogostitve<\/td><td valign=\"bottom\" nowrap=\"nowrap\" width=\"16%\"><p align=\"right\">43,20<\/p><\/td><\/tr><tr><td valign=\"bottom\" nowrap=\"nowrap\" width=\"83%\">ZGORNJI VRT &#8211; uporaba garderobe, uporaba za druge namene<\/td><td valign=\"bottom\" nowrap=\"nowrap\" width=\"16%\"><p align=\"right\">26,80<\/p><\/td><\/tr><tr><td valign=\"bottom\" nowrap=\"nowrap\" width=\"83%\">ETNOLOGIJA GRAM\u0160IJEV TRG 4 &#8211; uporaba za druge namene<\/td><td valign=\"bottom\" nowrap=\"nowrap\" width=\"16%\"><p align=\"right\">60,00<\/p><\/td><\/tr><tr><td valign=\"bottom\" nowrap=\"nowrap\" width=\"83%\">LAPIDARIJ &#8211; najem ozvo\u010denja<\/td><td valign=\"bottom\" nowrap=\"nowrap\" width=\"16%\"><p align=\"right\">8,00<\/p><\/td><\/tr><tr><td valign=\"bottom\" nowrap=\"nowrap\" width=\"83%\">GALERIJA KIDRI\u010cEVA ULICA 23\/A KOPER- uporaba za druge namene<\/td><td valign=\"bottom\" nowrap=\"nowrap\" width=\"16%\"><p align=\"right\">30,00<\/p><\/td><\/tr><tr><td valign=\"bottom\" nowrap=\"nowrap\" width=\"83%\">\u00a0<\/td><td valign=\"bottom\" nowrap=\"nowrap\" width=\"16%\">\u00a0<\/td><\/tr><tr><td valign=\"bottom\" nowrap=\"nowrap\" width=\"83%\"><p><strong>STRO\u0160KI OSEBJA<\/strong><\/p><\/td><td valign=\"bottom\" nowrap=\"nowrap\" width=\"16%\"><p align=\"center\"><strong>\u00a0<\/strong><\/p><\/td><\/tr><tr><td valign=\"bottom\" nowrap=\"nowrap\" width=\"83%\">No\u010dno delo<\/td><td valign=\"bottom\" nowrap=\"nowrap\" width=\"16%\"><p align=\"right\">40% osnove<\/p><\/td><\/tr><tr><td valign=\"bottom\" nowrap=\"nowrap\" width=\"83%\">Nedeljsko delo<\/td><td valign=\"bottom\" nowrap=\"nowrap\" width=\"16%\"><p align=\"right\">90% osnove<\/p><\/td><\/tr><tr><td valign=\"bottom\" nowrap=\"nowrap\" width=\"83%\">Prazni\u010dno delo<\/td><td valign=\"bottom\" nowrap=\"nowrap\" width=\"16%\"><p align=\"right\">120% osnove<\/p><\/td><\/tr><\/tbody><\/table><p><em>*Obra\u010dunani so dejanski dodatni stro\u0161ki, ki nastanejo pri uporabi prostora v\u00a0 1 uri in vklju\u010dujejo elektri\u010dno energijo, vodo, odvoz smeti, ogrevanje\/hlajenje, \u010distila wc papir, brisa\u010de\u2026..<\/em><\/p><p><em>**Dodatni stro\u0161ki sobotnega, nedeljskega ali prazni\u010dnega dela se obra\u010dunajo po urnih postavkah\u00a0 zaposlenih v muzeju.<\/em><\/p><p><em>Pokrajinski muzej Koper je atipi\u010dni zavezanec za DDV. Cene ne izkazujejo DDV-ja\u00a0 in predstavljajo bruto cene storitve.<\/em><\/p>\t\t\t\t\t\t\t\t<\/div>\n\t\t<div class=\"elementor-element elementor-element-e28450b e-con-full e-flex e-con e-child\" data-id=\"e28450b\" data-element_type=\"container\" data-e-type=\"container\">\n\t\t\t\t<div class=\"elementor-element elementor-element-0fdfa45 elementor-align-left elementor-widget elementor-widget-button\" data-id=\"0fdfa45\" data-element_type=\"widget\" data-e-type=\"widget\" data-widget_type=\"button.default\">\n\t\t\t\t\t\t\t\t\t\t<a class=\"elementor-button elementor-button-link elementor-size-sm\" href=\"\/wp-content\/uploads\/2025\/12\/Cenik_SLO_23.9.2024.pdf\" target=\"_blank\">\n\t\t\t\t\t\t<span class=\"elementor-button-content-wrapper\">\n\t\t\t\t\t\t<span class=\"elementor-button-icon\">\n\t\t\t\t<svg aria-hidden=\"true\" class=\"e-font-icon-svg e-fas-file-pdf\" viewbox=\"0 0 384 512\" xmlns=\"http:\/\/www.w3.org\/2000\/svg\"><path d=\"M181.9 256.1c-5-16-4.9-46.9-2-46.9 8.4 0 7.6 36.9 2 46.9zm-1.7 47.2c-7.7 20.2-17.3 43.3-28.4 62.7 18.3-7 39-17.2 62.9-21.9-12.7-9.6-24.9-23.4-34.5-40.8zM86.1 428.1c0 .8 13.2-5.4 34.9-40.2-6.7 6.3-29.1 24.5-34.9 40.2zM248 160h136v328c0 13.3-10.7 24-24 24H24c-13.3 0-24-10.7-24-24V24C0 10.7 10.7 0 24 0h200v136c0 13.2 10.8 24 24 24zm-8 171.8c-20-12.2-33.3-29-42.7-53.8 4.5-18.5 11.6-46.6 6.2-64.2-4.7-29.4-42.4-26.5-47.8-6.8-5 18.3-.4 44.1 8.1 77-11.6 27.6-28.7 64.6-40.8 85.8-.1 0-.1.1-.2.1-27.1 13.9-73.6 44.5-54.5 68 5.6 6.9 16 10 21.5 10 17.9 0 35.7-18 61.1-61.8 25.8-8.5 54.1-19.1 79-23.2 21.7 11.8 47.1 19.5 64 19.5 29.2 0 31.2-32 19.7-43.4-13.9-13.6-54.3-9.7-73.6-7.2zM377 105L279 7c-4.5-4.5-10.6-7-17-7h-6v128h128v-6.1c0-6.3-2.5-12.4-7-16.9zm-74.1 255.3c4.1-2.7-2.5-11.9-42.8-9 37.1 15.8 42.8 9 42.8 9z\"><\/path><\/svg>\t\t\t<\/span>\n\t\t\t\t\t\t\t\t\t<span class=\"elementor-button-text\">Cenik SLO<\/span>\n\t\t\t\t\t<\/span>\n\t\t\t\t\t<\/a>\n\t\t\t\t\t\t\t\t<\/div>\n\t\t\t\t<div class=\"elementor-element elementor-element-27bdfb9 elementor-align-left elementor-widget elementor-widget-button\" data-id=\"27bdfb9\" data-element_type=\"widget\" data-e-type=\"widget\" data-widget_type=\"button.default\">\n\t\t\t\t\t\t\t\t\t\t<a class=\"elementor-button elementor-button-link elementor-size-sm\" href=\"\/wp-content\/uploads\/2025\/12\/Cenik_IT_23.9.2024.pdf\" target=\"_blank\">\n\t\t\t\t\t\t<span class=\"elementor-button-content-wrapper\">\n\t\t\t\t\t\t<span class=\"elementor-button-icon\">\n\t\t\t\t<svg aria-hidden=\"true\" class=\"e-font-icon-svg e-fas-file-pdf\" viewbox=\"0 0 384 512\" xmlns=\"http:\/\/www.w3.org\/2000\/svg\"><path d=\"M181.9 256.1c-5-16-4.9-46.9-2-46.9 8.4 0 7.6 36.9 2 46.9zm-1.7 47.2c-7.7 20.2-17.3 43.3-28.4 62.7 18.3-7 39-17.2 62.9-21.9-12.7-9.6-24.9-23.4-34.5-40.8zM86.1 428.1c0 .8 13.2-5.4 34.9-40.2-6.7 6.3-29.1 24.5-34.9 40.2zM248 160h136v328c0 13.3-10.7 24-24 24H24c-13.3 0-24-10.7-24-24V24C0 10.7 10.7 0 24 0h200v136c0 13.2 10.8 24 24 24zm-8 171.8c-20-12.2-33.3-29-42.7-53.8 4.5-18.5 11.6-46.6 6.2-64.2-4.7-29.4-42.4-26.5-47.8-6.8-5 18.3-.4 44.1 8.1 77-11.6 27.6-28.7 64.6-40.8 85.8-.1 0-.1.1-.2.1-27.1 13.9-73.6 44.5-54.5 68 5.6 6.9 16 10 21.5 10 17.9 0 35.7-18 61.1-61.8 25.8-8.5 54.1-19.1 79-23.2 21.7 11.8 47.1 19.5 64 19.5 29.2 0 31.2-32 19.7-43.4-13.9-13.6-54.3-9.7-73.6-7.2zM377 105L279 7c-4.5-4.5-10.6-7-17-7h-6v128h128v-6.1c0-6.3-2.5-12.4-7-16.9zm-74.1 255.3c4.1-2.7-2.5-11.9-42.8-9 37.1 15.8 42.8 9 42.8 9z\"><\/path><\/svg>\t\t\t<\/span>\n\t\t\t\t\t\t\t\t\t<span class=\"elementor-button-text\">Cenik IT<\/span>\n\t\t\t\t\t<\/span>\n\t\t\t\t\t<\/a>\n\t\t\t\t\t\t\t\t<\/div>\n\t\t\t\t<\/div>\n\t\t\t\t\t<\/div>\n\t\t\t\t<\/div>\n\t\t\t\t<\/div>","protected":false},"excerpt":{"rendered":"<p>Cenik uporabe prostorov javne kulturne infrastrukture Domov Stran OBRA\u010cUN DEJANSKIH DODATNIH STRO\u0160KOV UPORABE PRI VKLJU\u010cEVANJU DOGODKOV\u00a0 V PROSTORE JAVNE KULTURNE INFRASTRUKTURE Pokrajinski muzej Koper v skladu z Zakonom o uresni\u010devanju javnega interesa za kulturo (ZUJIK), omogo\u010da uporabo prostorov za izvedbo javnih kulturnih programov in kulturnih projektov. Javni zavodi, javni skladi ali javne agencije s podro\u010dja [&hellip;]<\/p>\n","protected":false},"author":1,"featured_media":0,"parent":81,"menu_order":0,"comment_status":"closed","ping_status":"closed","template":"","meta":{"_acf_changed":false,"inline_featured_image":false,"_monsterinsights_skip_tracking":false,"_monsterinsights_sitenote_active":false,"_monsterinsights_sitenote_note":"","_monsterinsights_sitenote_category":0,"footnotes":""},"class_list":["post-493","page","type-page","status-publish","hentry"],"acf":[],"aioseo_notices":[],"_links":{"self":[{"href":"https:\/\/pokrajinskimuzejkoper.si\/en\/wp-json\/wp\/v2\/pages\/493","targetHints":{"allow":["GET"]}}],"collection":[{"href":"https:\/\/pokrajinskimuzejkoper.si\/en\/wp-json\/wp\/v2\/pages"}],"about":[{"href":"https:\/\/pokrajinskimuzejkoper.si\/en\/wp-json\/wp\/v2\/types\/page"}],"author":[{"embeddable":true,"href":"https:\/\/pokrajinskimuzejkoper.si\/en\/wp-json\/wp\/v2\/users\/1"}],"replies":[{"embeddable":true,"href":"https:\/\/pokrajinskimuzejkoper.si\/en\/wp-json\/wp\/v2\/comments?post=493"}],"version-history":[{"count":26,"href":"https:\/\/pokrajinskimuzejkoper.si\/en\/wp-json\/wp\/v2\/pages\/493\/revisions"}],"predecessor-version":[{"id":2248,"href":"https:\/\/pokrajinskimuzejkoper.si\/en\/wp-json\/wp\/v2\/pages\/493\/revisions\/2248"}],"up":[{"embeddable":true,"href":"https:\/\/pokrajinskimuzejkoper.si\/en\/wp-json\/wp\/v2\/pages\/81"}],"wp:attachment":[{"href":"https:\/\/pokrajinskimuzejkoper.si\/en\/wp-json\/wp\/v2\/media?parent=493"}],"curies":[{"name":"wp","href":"https:\/\/api.w.org\/{rel}","templated":true}]}}