{"id":480,"date":"2025-12-04T14:48:13","date_gmt":"2025-12-04T13:48:13","guid":{"rendered":"https:\/\/pmk.click.si\/?page_id=480"},"modified":"2026-01-06T15:03:13","modified_gmt":"2026-01-06T14:03:13","slug":"cenik-vstopnic-in-vodstev","status":"publish","type":"page","link":"https:\/\/pokrajinskimuzejkoper.si\/en\/informacije\/cenik-vstopnic-in-vodstev\/","title":{"rendered":"Ticket pricelist"},"content":{"rendered":"<div data-elementor-type=\"wp-page\" data-elementor-id=\"480\" class=\"elementor elementor-480\" data-elementor-post-type=\"page\">\n\t\t\t\t<div class=\"elementor-element elementor-element-2d36d26 e-flex e-con-boxed e-con e-parent\" data-id=\"2d36d26\" data-element_type=\"container\" data-e-type=\"container\" data-settings=\"{&quot;background_background&quot;:&quot;classic&quot;}\">\n\t\t\t\t\t<div class=\"e-con-inner\">\n\t\t\t\t<div class=\"elementor-element elementor-element-cb5aa25 elementor-widget elementor-widget-heading\" data-id=\"cb5aa25\" data-element_type=\"widget\" data-e-type=\"widget\" data-widget_type=\"heading.default\">\n\t\t\t\t\t<h1 class=\"elementor-heading-title elementor-size-default\">Ticket pricelist<\/h1>\t\t\t\t<\/div>\n\t\t\t\t\t<\/div>\n\t\t\t\t<\/div>\n\t\t<div class=\"elementor-element elementor-element-b5b1a59 e-flex e-con-boxed e-con e-parent\" data-id=\"b5b1a59\" data-element_type=\"container\" data-e-type=\"container\" data-settings=\"{&quot;background_background&quot;:&quot;gradient&quot;}\">\n\t\t\t\t\t<div class=\"e-con-inner\">\n\t\t\t\t<div class=\"elementor-element elementor-element-d8c23dd elementor-widget elementor-widget-eael-breadcrumbs\" data-id=\"d8c23dd\" data-element_type=\"widget\" data-e-type=\"widget\" data-widget_type=\"eael-breadcrumbs.default\">\n\t\t\t\t<div class=\"elementor-widget-container\">\n\t\t\t\t\t\t\t<div class=\"eael-breadcrumbs\">\n\t\t\t<div class=\"eael-breadcrumbs__content\"><a href=\"https:\/\/pokrajinskimuzejkoper.si\/en\">Home<\/a> <span class=\"eael-breadcrumb-separator\"><svg aria-hidden=\"true\" class=\"e-font-icon-svg e-fas-angle-right\" viewbox=\"0 0 256 512\" xmlns=\"http:\/\/www.w3.org\/2000\/svg\"><path d=\"M224.3 273l-136 136c-9.4 9.4-24.6 9.4-33.9 0l-22.6-22.6c-9.4-9.4-9.4-24.6 0-33.9l96.4-96.4-96.4-96.4c-9.4-9.4-9.4-24.6 0-33.9L54.3 103c9.4-9.4 24.6-9.4 33.9 0l136 136c9.5 9.4 9.5 24.6.1 34z\"><\/path><\/svg><\/span> <span class = \"eael-current\">Page<\/span><\/div>\t\t<\/div>\n\t\t\t\t\t\t<\/div>\n\t\t\t\t<\/div>\n\t\t\t\t<div class=\"elementor-element elementor-element-5b25886 elementor-share-buttons--view-icon elementor-share-buttons--shape-circle elementor-share-buttons--color-custom elementor-share-buttons--skin-gradient elementor-grid-0 elementor-widget elementor-widget-share-buttons\" data-id=\"5b25886\" data-element_type=\"widget\" data-e-type=\"widget\" data-widget_type=\"share-buttons.default\">\n\t\t\t\t\t\t\t<div class=\"elementor-grid\" role=\"list\">\n\t\t\t\t\t\t\t\t<div class=\"elementor-grid-item\" role=\"listitem\">\n\t\t\t\t\t\t<div class=\"elementor-share-btn elementor-share-btn_facebook\" role=\"button\" tabindex=\"0\" aria-label=\"Share on facebook\" data-no-translation-aria-label=\"\">\n\t\t\t\t\t\t\t\t\t\t\t\t\t\t\t<span class=\"elementor-share-btn__icon\">\n\t\t\t\t\t\t\t\t<svg aria-hidden=\"true\" class=\"e-font-icon-svg e-fab-facebook\" viewbox=\"0 0 512 512\" xmlns=\"http:\/\/www.w3.org\/2000\/svg\"><path d=\"M504 256C504 119 393 8 256 8S8 119 8 256c0 123.78 90.69 226.38 209.25 245V327.69h-63V256h63v-54.64c0-62.15 37-96.48 93.67-96.48 27.14 0 55.52 4.84 55.52 4.84v61h-31.28c-30.8 0-40.41 19.12-40.41 38.73V256h68.78l-11 71.69h-57.78V501C413.31 482.38 504 379.78 504 256z\"><\/path><\/svg>\t\t\t\t\t\t\t<\/span>\n\t\t\t\t\t\t\t\t\t\t\t\t\t\t\t\t\t\t\t\t<\/div>\n\t\t\t\t\t<\/div>\n\t\t\t\t\t\t\t\t\t<div class=\"elementor-grid-item\" role=\"listitem\">\n\t\t\t\t\t\t<div class=\"elementor-share-btn elementor-share-btn_x-twitter\" role=\"button\" tabindex=\"0\" aria-label=\"Share on x-twitter\" data-no-translation-aria-label=\"\">\n\t\t\t\t\t\t\t\t\t\t\t\t\t\t\t<span class=\"elementor-share-btn__icon\">\n\t\t\t\t\t\t\t\t<svg aria-hidden=\"true\" class=\"e-font-icon-svg e-fab-x-twitter\" viewbox=\"0 0 512 512\" xmlns=\"http:\/\/www.w3.org\/2000\/svg\"><path d=\"M389.2 48h70.6L305.6 224.2 487 464H345L233.7 318.6 106.5 464H35.8L200.7 275.5 26.8 48H172.4L272.9 180.9 389.2 48zM364.4 421.8h39.1L151.1 88h-42L364.4 421.8z\"><\/path><\/svg>\t\t\t\t\t\t\t<\/span>\n\t\t\t\t\t\t\t\t\t\t\t\t\t\t\t\t\t\t\t\t<\/div>\n\t\t\t\t\t<\/div>\n\t\t\t\t\t\t\t\t\t<div class=\"elementor-grid-item\" role=\"listitem\">\n\t\t\t\t\t\t<div class=\"elementor-share-btn elementor-share-btn_linkedin\" role=\"button\" tabindex=\"0\" aria-label=\"Share on linkedin\" data-no-translation-aria-label=\"\">\n\t\t\t\t\t\t\t\t\t\t\t\t\t\t\t<span class=\"elementor-share-btn__icon\">\n\t\t\t\t\t\t\t\t<svg aria-hidden=\"true\" class=\"e-font-icon-svg e-fab-linkedin\" viewbox=\"0 0 448 512\" xmlns=\"http:\/\/www.w3.org\/2000\/svg\"><path d=\"M416 32H31.9C14.3 32 0 46.5 0 64.3v383.4C0 465.5 14.3 480 31.9 480H416c17.6 0 32-14.5 32-32.3V64.3c0-17.8-14.4-32.3-32-32.3zM135.4 416H69V202.2h66.5V416zm-33.2-243c-21.3 0-38.5-17.3-38.5-38.5S80.9 96 102.2 96c21.2 0 38.5 17.3 38.5 38.5 0 21.3-17.2 38.5-38.5 38.5zm282.1 243h-66.4V312c0-24.8-.5-56.7-34.5-56.7-34.6 0-39.9 27-39.9 54.9V416h-66.4V202.2h63.7v29.2h.9c8.9-16.8 30.6-34.5 62.9-34.5 67.2 0 79.7 44.3 79.7 101.9V416z\"><\/path><\/svg>\t\t\t\t\t\t\t<\/span>\n\t\t\t\t\t\t\t\t\t\t\t\t\t\t\t\t\t\t\t\t<\/div>\n\t\t\t\t\t<\/div>\n\t\t\t\t\t\t\t\t\t<div class=\"elementor-grid-item\" role=\"listitem\">\n\t\t\t\t\t\t<div class=\"elementor-share-btn elementor-share-btn_email\" role=\"button\" tabindex=\"0\" aria-label=\"Share on email\" data-no-translation-aria-label=\"\">\n\t\t\t\t\t\t\t\t\t\t\t\t\t\t\t<span class=\"elementor-share-btn__icon\">\n\t\t\t\t\t\t\t\t<svg aria-hidden=\"true\" class=\"e-font-icon-svg e-fas-envelope\" viewbox=\"0 0 512 512\" xmlns=\"http:\/\/www.w3.org\/2000\/svg\"><path d=\"M502.3 190.8c3.9-3.1 9.7-.2 9.7 4.7V400c0 26.5-21.5 48-48 48H48c-26.5 0-48-21.5-48-48V195.6c0-5 5.7-7.8 9.7-4.7 22.4 17.4 52.1 39.5 154.1 113.6 21.1 15.4 56.7 47.8 92.2 47.6 35.7.3 72-32.8 92.3-47.6 102-74.1 131.6-96.3 154-113.7zM256 320c23.2.4 56.6-29.2 73.4-41.4 132.7-96.3 142.8-104.7 173.4-128.7 5.8-4.5 9.2-11.5 9.2-18.9v-19c0-26.5-21.5-48-48-48H48C21.5 64 0 85.5 0 112v19c0 7.4 3.4 14.3 9.2 18.9 30.6 23.9 40.7 32.4 173.4 128.7 16.8 12.2 50.2 41.8 73.4 41.4z\"><\/path><\/svg>\t\t\t\t\t\t\t<\/span>\n\t\t\t\t\t\t\t\t\t\t\t\t\t\t\t\t\t\t\t\t<\/div>\n\t\t\t\t\t<\/div>\n\t\t\t\t\t\t<\/div>\n\t\t\t\t\t\t<\/div>\n\t\t\t\t\t<\/div>\n\t\t\t\t<\/div>\n\t\t<div class=\"elementor-element elementor-element-1fc60cf e-flex e-con-boxed e-con e-parent\" data-id=\"1fc60cf\" data-element_type=\"container\" data-e-type=\"container\">\n\t\t\t\t\t<div class=\"e-con-inner\">\n\t\t\t\t<div class=\"elementor-element elementor-element-6dcb35c elementor-widget elementor-widget-heading\" data-id=\"6dcb35c\" data-element_type=\"widget\" data-e-type=\"widget\" data-widget_type=\"heading.default\">\n\t\t\t\t\t<h2 class=\"elementor-heading-title elementor-size-default\">General pricelist<\/h2>\t\t\t\t<\/div>\n\t\t\t\t<div class=\"elementor-element elementor-element-2cd22ab elementor-widget elementor-widget-text-editor\" data-id=\"2cd22ab\" data-element_type=\"widget\" data-e-type=\"widget\" data-widget_type=\"text-editor.default\">\n\t\t\t\t\t\t\t\t\t<table class=\"tabela\" border=\"1\" cellspacing=\"2\" cellpadding=\"0\">\n<tbody>\n<tr>\n<td class=\"first\" valign=\"bottom\">\n<p class=\"plain\"><strong>CATEGORY<\/strong><\/p>\n<\/td>\n<td class=\"plain\" valign=\"bottom\">\n<p class=\"plain\" align=\"center\"><strong>Price in \u20ac<\/strong><\/p>\n<\/td>\n<\/tr>\n<tr>\n<td>\n<p class=\"plain\">COMMON ENTRY FOR ALL VENUES (valid 2 days)<\/p>\n<\/td>\n<td class=\"plain\" valign=\"bottom\">\n<p class=\"plain\" align=\"center\">9,00<\/p>\n<\/td>\n<\/tr>\n<tr>\n<td>\n<p class=\"plain\">PALACE BELGRAMONI TACCO<\/p>\n<\/td>\n<td class=\"plain\" valign=\"bottom\">\n<p class=\"plain\" align=\"center\">8,00<\/p>\n<\/td>\n<\/tr>\n<tr>\n<td>\n<p class=\"plain\">ETHNOLOGICAL COLLECTION<\/p>\n<\/td>\n<td class=\"plain\" valign=\"bottom\">\n<p class=\"plain\" align=\"center\">5,00<\/p>\n<\/td>\n<\/tr>\n<tr>\n<td>\n<p class=\"plain\">MUSEUM GALLERY<\/p>\n<\/td>\n<td class=\"plain\" valign=\"bottom\">\n<p class=\"plain\" align=\"center\">FREE<\/p>\n<\/td>\n<\/tr>\n<tr>\n<td>\n<p class=\"plain\">CHILDREN from 7 to 14 years, STUDENTS, PENSIONERS<\/p>\n<\/td>\n<td class=\"plain\" valign=\"bottom\">\n<p class=\"plain\" align=\"center\">50%<\/p>\n<\/td>\n<\/tr>\n<tr>\n<td>FAMILY (parents-children, until 4 people)<\/td>\n<td class=\"plain\" valign=\"bottom\">\n<p class=\"plain\" align=\"center\">14,00<\/p>\n<\/td>\n<\/tr>\n<tr>\n<td>MUSEUMS WITHOUT BORDERS -&nbsp;<a href=\"http:\/\/www.muzejibrezmeja.eu\/\" target=\"_blank\" rel=\"noopener\">www.muzejibrezmeja.eu<\/a><\/td>\n<td class=\"plain\" valign=\"bottom\">\n<p class=\"plain\" align=\"center\">1,00<\/p>\n<\/td>\n<\/tr>\n<tr>\n<td>YEARLY ENTRY<\/td>\n<td class=\"plain\" valign=\"bottom\">\n<p class=\"plain\" align=\"center\">10,00<\/p>\n<\/td>\n<\/tr>\n<tr>\n<td>\n<p class=\"plain\">YEARLY ENTRY WITH KOPER CARD COUPON<\/p>\n<\/td>\n<td class=\"plain\" valign=\"bottom\">\n<p class=\"plain\" align=\"center\">1,00<\/p>\n<\/td>\n<\/tr>\n<tr>\n<td>\n<p class=\"plain\">GUIDING FOR GROUPS<\/p>\n<\/td>\n<td class=\"plain\" valign=\"bottom\">\n<p class=\"plain\" align=\"center\">50,00<\/p>\n<\/td>\n<\/tr>\n<tr>\n<td>\n<p class=\"plain\">ADDITIONAL FEE FOR ADMISION OUT OF OPENING HOURS<\/p>\n<\/td>\n<td class=\"plain\" valign=\"bottom\">\n<p class=\"plain\" align=\"center\">40,00<\/p>\n<\/td>\n<\/tr>\n<tr>\n<td>\n<p class=\"plain translation-block\">Children up to 5 years.\nMembers of the SMD, ICOM.\nUnemployed.\nDifferently able persons.\nFor all on 8th Feb., 15th May, 18th of May, the 3rd Saturday of June and 3rd December and every first Sunday in the month.<\/p>\n<\/td>\n<td class=\"plain\" valign=\"bottom\">\n<p class=\"plain\" align=\"center\">FREE<\/p>\n<\/td>\n<\/tr>\n<\/tbody>\n<\/table>\t\t\t\t\t\t\t\t<\/div>\n\t\t\t\t\t<\/div>\n\t\t\t\t<\/div>\n\t\t<div class=\"elementor-element elementor-element-e24b70a e-flex e-con-boxed e-con e-parent\" data-id=\"e24b70a\" data-element_type=\"container\" data-e-type=\"container\" id=\"cenik-pedagoskih-dejavnosti\">\n\t\t\t\t\t<div class=\"e-con-inner\">\n\t\t\t\t<div class=\"elementor-element elementor-element-27a0e10 elementor-widget-divider--view-line elementor-widget elementor-widget-divider\" data-id=\"27a0e10\" data-element_type=\"widget\" data-e-type=\"widget\" data-widget_type=\"divider.default\">\n\t\t\t\t\t\t\t<div class=\"elementor-divider\">\n\t\t\t<span class=\"elementor-divider-separator\">\n\t\t\t\t\t\t<\/span>\n\t\t<\/div>\n\t\t\t\t\t\t<\/div>\n\t\t\t\t<div class=\"elementor-element elementor-element-3438cf3 elementor-widget elementor-widget-heading\" data-id=\"3438cf3\" data-element_type=\"widget\" data-e-type=\"widget\" data-widget_type=\"heading.default\">\n\t\t\t\t\t<h2 class=\"elementor-heading-title elementor-size-default\">Pricelist for educational activities<\/h2>\t\t\t\t<\/div>\n\t\t\t\t<div class=\"elementor-element elementor-element-0d26a23 elementor-widget elementor-widget-text-editor\" data-id=\"0d26a23\" data-element_type=\"widget\" data-e-type=\"widget\" data-widget_type=\"text-editor.default\">\n\t\t\t\t\t\t\t\t\t<table class=\"tabela\" border=\"1\" cellspacing=\"2\" cellpadding=\"0\"><tbody><tr><td><p class=\"plain\"><strong>CATEGORY<\/strong><\/p><\/td><td><p class=\"plain\" align=\"center\"><strong>Price in \u20ac<\/strong><\/p><\/td><td><p class=\"plain\" align=\"center\"><strong>With discount<\/strong><br \/>(1 x per school year as part of the curriculum for schools in the municipalities of Ilirska Bistrica, Hrpelje-Kozina, Diva\u010da, Koper, Izola, Piran)<\/p><\/td><\/tr><tr><td><p class=\"plain\">CHILDREN UNDER 6 YEARS<br \/>JUST ENTRY<\/p><\/td><td><p class=\"plain\" align=\"center\">FREE<\/p><\/td><td><p class=\"plain\" align=\"center\">FREE<\/p><\/td><\/tr><tr><td><p class=\"plain\">OTROCI OD 6 LET<br \/>JUST ENTRY<\/p><\/td><td><p class=\"plain\" align=\"center\">1,50<\/p><\/td><td><p class=\"plain\" align=\"center\">FREE<\/p><\/td><\/tr><tr><td><p class=\"plain\">GUIDANCE FOR CHILDREN<\/p><\/td><td><p class=\"plain\" align=\"center\">4,00<\/p><\/td><td><p class=\"plain\" align=\"center\">2,00<\/p><\/td><\/tr><tr><td>WORKSHOP up to 2 h<\/td><td><p class=\"plain\" align=\"center\">4,00<\/p><\/td><td><p class=\"plain\" align=\"center\">2,00<\/p><\/td><\/tr><tr><td>WORKSHOP longer than 2 h<\/td><td><p class=\"plain\" align=\"center\">6,00<\/p><\/td><td><p class=\"plain\" align=\"center\">3,00<\/p><\/td><\/tr><tr><td>ONLINE WORKSHOP up to 1 h<\/td><td><p class=\"plain\" align=\"center\">1,00<\/p><\/td><td><p class=\"plain\" align=\"center\">1,00\u00a0(minimum 10 participants)<\/p><\/td><\/tr><tr><td>ONLINE WORKSHOP up to 2 h<\/td><td align=\"center\">2,00<\/td><td align=\"center\">2,00\u00a0(minimum 10 participants)<\/td><\/tr><tr><td>MUSEUM SUITCASE<\/td><td><p class=\"plain\" align=\"center\">1,00<br \/>+ travel expenses<\/p><\/td><td><p class=\"plain\" align=\"center\">1,00<\/p><\/td><\/tr><\/tbody><\/table><p><em>Pedagogical activities are carried out in groups after prior reservation of an appointment.<\/em><\/p><p><em>Admission is free for participants in guided tours for children and educational workshops.<\/em><\/p>\t\t\t\t\t\t\t\t<\/div>\n\t\t\t\t\t<\/div>\n\t\t\t\t<\/div>\n\t\t\t\t<\/div>","protected":false},"excerpt":{"rendered":"<p>Cenik vstopnic in vodstev Domov Stran Splo\u0161ni cenik KATEGORIJA Cena v \u20ac SKUPNA VSTOPNICA (velja 2 dni) 9,00 PALA\u010cA BELGRAMONI TACCO 8,00 ETNOLO\u0160KA ZBIRKA 5,00 MUZEJSKA GALERIJA BREZPLA\u010cNO OTROCI od 7 do 14 let, DIJAKI, \u0160TUDENTI, UPOKOJENCI 50% DRU\u017dINA (star\u0161i-otroci, do skupno 4 ljudi) 14,00 MUZEJI BREZ MEJA &#8211;&nbsp;www.muzejibrezmeja.eu 1,00 LETNA VSTOPNICA 10,00 LETNA VSTOPNICA [&hellip;]<\/p>\n","protected":false},"author":1,"featured_media":0,"parent":81,"menu_order":0,"comment_status":"closed","ping_status":"closed","template":"","meta":{"_acf_changed":false,"inline_featured_image":false,"_monsterinsights_skip_tracking":false,"_monsterinsights_sitenote_active":false,"_monsterinsights_sitenote_note":"","_monsterinsights_sitenote_category":0,"footnotes":""},"class_list":["post-480","page","type-page","status-publish","hentry"],"acf":[],"aioseo_notices":[],"_links":{"self":[{"href":"https:\/\/pokrajinskimuzejkoper.si\/en\/wp-json\/wp\/v2\/pages\/480","targetHints":{"allow":["GET"]}}],"collection":[{"href":"https:\/\/pokrajinskimuzejkoper.si\/en\/wp-json\/wp\/v2\/pages"}],"about":[{"href":"https:\/\/pokrajinskimuzejkoper.si\/en\/wp-json\/wp\/v2\/types\/page"}],"author":[{"embeddable":true,"href":"https:\/\/pokrajinskimuzejkoper.si\/en\/wp-json\/wp\/v2\/users\/1"}],"replies":[{"embeddable":true,"href":"https:\/\/pokrajinskimuzejkoper.si\/en\/wp-json\/wp\/v2\/comments?post=480"}],"version-history":[{"count":41,"href":"https:\/\/pokrajinskimuzejkoper.si\/en\/wp-json\/wp\/v2\/pages\/480\/revisions"}],"predecessor-version":[{"id":2254,"href":"https:\/\/pokrajinskimuzejkoper.si\/en\/wp-json\/wp\/v2\/pages\/480\/revisions\/2254"}],"up":[{"embeddable":true,"href":"https:\/\/pokrajinskimuzejkoper.si\/en\/wp-json\/wp\/v2\/pages\/81"}],"wp:attachment":[{"href":"https:\/\/pokrajinskimuzejkoper.si\/en\/wp-json\/wp\/v2\/media?parent=480"}],"curies":[{"name":"wp","href":"https:\/\/api.w.org\/{rel}","templated":true}]}}