{"id":1485,"date":"2025-12-15T14:26:58","date_gmt":"2025-12-15T13:26:58","guid":{"rendered":"https:\/\/pmk.click.si\/?page_id=1485"},"modified":"2026-03-26T10:55:25","modified_gmt":"2026-03-26T09:55:25","slug":"eu-projekti","status":"publish","type":"page","link":"https:\/\/pokrajinskimuzejkoper.si\/en\/informacije\/eu-projekti\/","title":{"rendered":"EU projects"},"content":{"rendered":"<div data-elementor-type=\"wp-page\" data-elementor-id=\"1485\" class=\"elementor elementor-1485\" data-elementor-post-type=\"page\">\n\t\t\t\t<div class=\"elementor-element elementor-element-bda2db7 e-flex e-con-boxed e-con e-parent\" data-id=\"bda2db7\" data-element_type=\"container\" data-e-type=\"container\" data-settings=\"{&quot;background_background&quot;:&quot;classic&quot;}\">\n\t\t\t\t\t<div class=\"e-con-inner\">\n\t\t\t\t<div class=\"elementor-element elementor-element-709a2e6 elementor-widget elementor-widget-heading\" data-id=\"709a2e6\" data-element_type=\"widget\" data-e-type=\"widget\" data-widget_type=\"heading.default\">\n\t\t\t\t\t<h1 class=\"elementor-heading-title elementor-size-default\">EU projects<\/h1>\t\t\t\t<\/div>\n\t\t\t\t\t<\/div>\n\t\t\t\t<\/div>\n\t\t<div class=\"elementor-element elementor-element-3b0bd63 e-flex e-con-boxed e-con e-parent\" data-id=\"3b0bd63\" data-element_type=\"container\" data-e-type=\"container\" data-settings=\"{&quot;background_background&quot;:&quot;gradient&quot;}\">\n\t\t\t\t\t<div class=\"e-con-inner\">\n\t\t\t\t<div class=\"elementor-element elementor-element-af7cde3 elementor-widget elementor-widget-eael-breadcrumbs\" data-id=\"af7cde3\" data-element_type=\"widget\" data-e-type=\"widget\" data-widget_type=\"eael-breadcrumbs.default\">\n\t\t\t\t<div class=\"elementor-widget-container\">\n\t\t\t\t\t\t\t<div class=\"eael-breadcrumbs\">\n\t\t\t<div class=\"eael-breadcrumbs__content\"><a href=\"https:\/\/pokrajinskimuzejkoper.si\/en\">Home<\/a> <span class=\"eael-breadcrumb-separator\"><svg aria-hidden=\"true\" class=\"e-font-icon-svg e-fas-angle-right\" viewbox=\"0 0 256 512\" xmlns=\"http:\/\/www.w3.org\/2000\/svg\"><path d=\"M224.3 273l-136 136c-9.4 9.4-24.6 9.4-33.9 0l-22.6-22.6c-9.4-9.4-9.4-24.6 0-33.9l96.4-96.4-96.4-96.4c-9.4-9.4-9.4-24.6 0-33.9L54.3 103c9.4-9.4 24.6-9.4 33.9 0l136 136c9.5 9.4 9.5 24.6.1 34z\"><\/path><\/svg><\/span> <span class = \"eael-current\">Page<\/span><\/div>\t\t<\/div>\n\t\t\t\t\t\t<\/div>\n\t\t\t\t<\/div>\n\t\t\t\t<div class=\"elementor-element elementor-element-d3895e8 elementor-share-buttons--view-icon elementor-share-buttons--shape-circle elementor-share-buttons--color-custom elementor-share-buttons--skin-gradient elementor-grid-0 elementor-widget elementor-widget-share-buttons\" data-id=\"d3895e8\" data-element_type=\"widget\" data-e-type=\"widget\" data-widget_type=\"share-buttons.default\">\n\t\t\t\t\t\t\t<div class=\"elementor-grid\" role=\"list\">\n\t\t\t\t\t\t\t\t<div class=\"elementor-grid-item\" role=\"listitem\">\n\t\t\t\t\t\t<div class=\"elementor-share-btn elementor-share-btn_facebook\" role=\"button\" tabindex=\"0\" aria-label=\"Share on facebook\">\n\t\t\t\t\t\t\t\t\t\t\t\t\t\t\t<span class=\"elementor-share-btn__icon\">\n\t\t\t\t\t\t\t\t<svg aria-hidden=\"true\" class=\"e-font-icon-svg e-fab-facebook\" viewbox=\"0 0 512 512\" xmlns=\"http:\/\/www.w3.org\/2000\/svg\"><path d=\"M504 256C504 119 393 8 256 8S8 119 8 256c0 123.78 90.69 226.38 209.25 245V327.69h-63V256h63v-54.64c0-62.15 37-96.48 93.67-96.48 27.14 0 55.52 4.84 55.52 4.84v61h-31.28c-30.8 0-40.41 19.12-40.41 38.73V256h68.78l-11 71.69h-57.78V501C413.31 482.38 504 379.78 504 256z\"><\/path><\/svg>\t\t\t\t\t\t\t<\/span>\n\t\t\t\t\t\t\t\t\t\t\t\t\t\t\t\t\t\t\t\t<\/div>\n\t\t\t\t\t<\/div>\n\t\t\t\t\t\t\t\t\t<div class=\"elementor-grid-item\" role=\"listitem\">\n\t\t\t\t\t\t<div class=\"elementor-share-btn elementor-share-btn_x-twitter\" role=\"button\" tabindex=\"0\" aria-label=\"Share on x-twitter\">\n\t\t\t\t\t\t\t\t\t\t\t\t\t\t\t<span class=\"elementor-share-btn__icon\">\n\t\t\t\t\t\t\t\t<svg aria-hidden=\"true\" class=\"e-font-icon-svg e-fab-x-twitter\" viewbox=\"0 0 512 512\" xmlns=\"http:\/\/www.w3.org\/2000\/svg\"><path d=\"M389.2 48h70.6L305.6 224.2 487 464H345L233.7 318.6 106.5 464H35.8L200.7 275.5 26.8 48H172.4L272.9 180.9 389.2 48zM364.4 421.8h39.1L151.1 88h-42L364.4 421.8z\"><\/path><\/svg>\t\t\t\t\t\t\t<\/span>\n\t\t\t\t\t\t\t\t\t\t\t\t\t\t\t\t\t\t\t\t<\/div>\n\t\t\t\t\t<\/div>\n\t\t\t\t\t\t\t\t\t<div class=\"elementor-grid-item\" role=\"listitem\">\n\t\t\t\t\t\t<div class=\"elementor-share-btn elementor-share-btn_linkedin\" role=\"button\" tabindex=\"0\" aria-label=\"Share on linkedin\">\n\t\t\t\t\t\t\t\t\t\t\t\t\t\t\t<span class=\"elementor-share-btn__icon\">\n\t\t\t\t\t\t\t\t<svg aria-hidden=\"true\" class=\"e-font-icon-svg e-fab-linkedin\" viewbox=\"0 0 448 512\" xmlns=\"http:\/\/www.w3.org\/2000\/svg\"><path d=\"M416 32H31.9C14.3 32 0 46.5 0 64.3v383.4C0 465.5 14.3 480 31.9 480H416c17.6 0 32-14.5 32-32.3V64.3c0-17.8-14.4-32.3-32-32.3zM135.4 416H69V202.2h66.5V416zm-33.2-243c-21.3 0-38.5-17.3-38.5-38.5S80.9 96 102.2 96c21.2 0 38.5 17.3 38.5 38.5 0 21.3-17.2 38.5-38.5 38.5zm282.1 243h-66.4V312c0-24.8-.5-56.7-34.5-56.7-34.6 0-39.9 27-39.9 54.9V416h-66.4V202.2h63.7v29.2h.9c8.9-16.8 30.6-34.5 62.9-34.5 67.2 0 79.7 44.3 79.7 101.9V416z\"><\/path><\/svg>\t\t\t\t\t\t\t<\/span>\n\t\t\t\t\t\t\t\t\t\t\t\t\t\t\t\t\t\t\t\t<\/div>\n\t\t\t\t\t<\/div>\n\t\t\t\t\t\t\t\t\t<div class=\"elementor-grid-item\" role=\"listitem\">\n\t\t\t\t\t\t<div class=\"elementor-share-btn elementor-share-btn_email\" role=\"button\" tabindex=\"0\" aria-label=\"Share on email\">\n\t\t\t\t\t\t\t\t\t\t\t\t\t\t\t<span class=\"elementor-share-btn__icon\">\n\t\t\t\t\t\t\t\t<svg aria-hidden=\"true\" class=\"e-font-icon-svg e-fas-envelope\" viewbox=\"0 0 512 512\" xmlns=\"http:\/\/www.w3.org\/2000\/svg\"><path d=\"M502.3 190.8c3.9-3.1 9.7-.2 9.7 4.7V400c0 26.5-21.5 48-48 48H48c-26.5 0-48-21.5-48-48V195.6c0-5 5.7-7.8 9.7-4.7 22.4 17.4 52.1 39.5 154.1 113.6 21.1 15.4 56.7 47.8 92.2 47.6 35.7.3 72-32.8 92.3-47.6 102-74.1 131.6-96.3 154-113.7zM256 320c23.2.4 56.6-29.2 73.4-41.4 132.7-96.3 142.8-104.7 173.4-128.7 5.8-4.5 9.2-11.5 9.2-18.9v-19c0-26.5-21.5-48-48-48H48C21.5 64 0 85.5 0 112v19c0 7.4 3.4 14.3 9.2 18.9 30.6 23.9 40.7 32.4 173.4 128.7 16.8 12.2 50.2 41.8 73.4 41.4z\"><\/path><\/svg>\t\t\t\t\t\t\t<\/span>\n\t\t\t\t\t\t\t\t\t\t\t\t\t\t\t\t\t\t\t\t<\/div>\n\t\t\t\t\t<\/div>\n\t\t\t\t\t\t<\/div>\n\t\t\t\t\t\t<\/div>\n\t\t\t\t\t<\/div>\n\t\t\t\t<\/div>\n\t\t<div class=\"elementor-element elementor-element-7ab4fd0 e-flex e-con-boxed e-con e-parent\" data-id=\"7ab4fd0\" data-element_type=\"container\" data-e-type=\"container\">\n\t\t\t\t\t<div class=\"e-con-inner\">\n\t\t\t\t<div class=\"elementor-element elementor-element-ad46be5 elementor-widget elementor-widget-heading\" data-id=\"ad46be5\" data-element_type=\"widget\" data-e-type=\"widget\" data-widget_type=\"heading.default\">\n\t\t\t\t\t<h2 class=\"elementor-heading-title elementor-size-default\">Terra Gothica Incognita<\/h2>\t\t\t\t<\/div>\n\t\t\t\t<div class=\"elementor-element elementor-element-8f19011 elementor-widget elementor-widget-text-editor\" data-id=\"8f19011\" data-element_type=\"widget\" data-e-type=\"widget\" data-widget_type=\"text-editor.default\">\n\t\t\t\t\t\t\t\t\t<p><img decoding=\"async\" class=\"size-medium wp-image-12747 alignnone\" src=\"https:\/\/www.rrc-kp.si\/wp-content\/uploads\/2024\/11\/LOGO-JPG-Terra-Gothica-Incognita-300x121.jpg\" sizes=\"(max-width: 300px) 100vw, 300px\" srcset=\"https:\/\/www.rrc-kp.si\/wp-content\/uploads\/2024\/11\/LOGO-JPG-Terra-Gothica-Incognita-300x121.jpg 300w, https:\/\/www.rrc-kp.si\/wp-content\/uploads\/2024\/11\/LOGO-JPG-Terra-Gothica-Incognita-1024x414.jpg 1024w, https:\/\/www.rrc-kp.si\/wp-content\/uploads\/2024\/11\/LOGO-JPG-Terra-Gothica-Incognita-768x310.jpg 768w, https:\/\/www.rrc-kp.si\/wp-content\/uploads\/2024\/11\/LOGO-JPG-Terra-Gothica-Incognita.jpg 1074w\" alt=\"\" width=\"300\" height=\"121\" \/><\/p><article id=\"post-107870\" class=\"main-content post-107870 cofinanced_project type-cofinanced_project status-publish has-post-thumbnail hentry financing_source-interreg-slovenija-hrvaska area-kultura area-turizem\"><div class=\"entry-content no-break\"><div><p>Glavni cilj projekta je ohranjanje skupne kulturne dedi\u0161\u010dine pred pozabo in propadanjem ter njena trajnostna turisti\u010dna valorizacija. Projekt spodbuja razvoj \u010dezmejne kulturno-turisti\u010dne destinacije in oblikovanje inovativnih skupnih produktov. Poseben poudarek je namenjen uvajanju sodobnih pristopov interpretacije dedi\u0161\u010dine in u\u010dinkoviti promociji, s ciljem ozave\u0161\u010danja lokalnega prebivalstva o njenem pomenu in potencialu ter krepitvi skupne kulturne identitete \u010dezmejnega prostora.<\/p><p>Interreg projekt <em>Terra Gothica Incognita<\/em> prina\u0161a izjemno prilo\u017enost za celovito ohranjanje in promocijo bogate kulturne dedi\u0161\u010dine gradu Prem ter njegove \u0161ir\u0161e okolice. S \u0161tevilnimi na\u010drtovanimi aktivnostmi projekt prispeva k o\u017eivljanju srednjeve\u0161ke zgodovine, nadgradnji turisti\u010dne ponudbe ter krepitvi \u010dezmejnega sodelovanja med Slovenijo in Hrva\u0161ko, hkrati pa pove\u010duje prepoznavnost lokalne dedi\u0161\u010dine v \u0161ir\u0161em prostoru.<\/p><p>Ena izmed klju\u010dnih aktivnosti projekta je posodobitev stalne razstave na gradu Prem, ki bo tematsko osredoto\u010dena na obdobje srednjega veka. Razstava bo na sodoben in obiskovalcem prijazen na\u010din predstavila zgodovino in razvoj gradu Prem ter ga umestila v \u0161ir\u0161i kontekst regionalne dedi\u0161\u010dine. Vklju\u010dena bo tudi predstavitev drugih pomembnih gradov in dvorcev iz okolice, kar bo obiskovalcem omogo\u010dilo celovit vpogled v zgodovinsko podobo prostora. Posebna pozornost bo namenjena tudi arheolo\u0161ki dedi\u0161\u010dini Ilirskobistri\u0161kega obmo\u010dja.<\/p><p>Pomemben del projekta predstavlja priprava novega vodnika po gradu in stalni razstavi. Vodnik bo obiskovalce sistemati\u010dno vodil skozi razstavne vsebine in izbrane eksponate ter jim na razumljiv in privla\u010den na\u010din pribli\u017eal \u017eivljenje v srednjem veku ter vlogo gradu Prem v tem obdobju.<\/p><p>Projekt dopolnjuje tudi bogat spremljevalni program. Med drugim bosta na gradu Prem organizirana dva srednjeve\u0161ka dneva, ki bosta obiskovalcem ponudila edinstveno prilo\u017enost za do\u017eivetje avtenti\u010dnega srednjeve\u0161kega vzdu\u0161ja. Program bo vklju\u010deval delavnice, uprizoritve vite\u0161kih bojev, srednjeve\u0161ko glasbo, kulinariko in druge interaktivne vsebine, ki bodo spodbujale aktivno sodelovanje in poglobljeno do\u017eivljanje dedi\u0161\u010dine.<\/p><p><strong><br \/>Projektni partnerji<\/strong><\/p><p><strong>Vodilni projektni partner:<\/strong><\/p><ul><li>Ob\u010dina Kastav<\/li><\/ul><p><strong><br \/>Projektni partnerji:<\/strong><\/p><ul><li>Koper Regional Museum<\/li><li>Mestna ob\u010dina Koper<\/li><li>RRC Koper<\/li><li>Povjesni i pomorski muzej Istre<\/li><li>Udruga hrvatskih putni\u010dkih agencija<\/li><\/ul><p><strong><br \/>Financiranje in trajanje projekta<\/strong><\/p><p>Projekt je sofinanciran v okviru Programa Interreg Slovenija\u2013Hrva\u0161ka VI-A 2021\u20132027.<\/p><p><strong><br \/>Trajanje projekta:<\/strong><\/p><ol><li>9. 2024 \u2013 28. 2. 2027<\/li><\/ol><p><strong><br \/>Vrednost projekta:<\/strong><\/p><ul><li>Skupna vrednost projekta: 2.433.073,77 EUR<\/li><li>Vrednost projekta Pokrajinskega muzeja Koper: 305.734,40 EUR<\/li><li>Dele\u017e lastnega vlo\u017eka Ob\u010dine Ilirska Bistrica: 20 %<\/li><\/ul><p>\u00a0<\/p><p><strong>Povezave<\/strong>\u00a0<\/p><p><a href=\"http:\/\/www.si-hr.eu\/2127\/sl\/\" target=\"_blank\" rel=\"noopener\">Povezava na spletno stran projekta.\u00a0<\/a><\/p><p><a href=\"http:\/\/www.si-hr.eu\/si2\/\" target=\"_blank\" rel=\"noopener\">Povezava na spletno stran programa Interreg SI-HR.\u00a0<\/a><\/p><\/div><\/div><\/article>\t\t\t\t\t\t\t\t<\/div>\n\t\t\t\t<div class=\"elementor-element elementor-element-f075233 elementor-widget-divider--view-line elementor-widget elementor-widget-divider\" data-id=\"f075233\" data-element_type=\"widget\" data-e-type=\"widget\" data-widget_type=\"divider.default\">\n\t\t\t\t\t\t\t<div class=\"elementor-divider\">\n\t\t\t<span class=\"elementor-divider-separator\">\n\t\t\t\t\t\t<\/span>\n\t\t<\/div>\n\t\t\t\t\t\t<\/div>\n\t\t\t\t<div class=\"elementor-element elementor-element-42f4043 elementor-widget elementor-widget-heading\" data-id=\"42f4043\" data-element_type=\"widget\" data-e-type=\"widget\" data-widget_type=\"heading.default\">\n\t\t\t\t\t<h2 class=\"elementor-heading-title elementor-size-default\">LAS Istre<\/h2>\t\t\t\t<\/div>\n\t\t\t\t<div class=\"elementor-element elementor-element-dea7ea2 elementor-widget elementor-widget-text-editor\" data-id=\"dea7ea2\" data-element_type=\"widget\" data-e-type=\"widget\" data-widget_type=\"text-editor.default\">\n\t\t\t\t\t\t\t\t\t<p>Na podlagi Uredbe o izvajanju lokalnega razvoja, ki ga vodi skupnost, v programskem obdobju 2014-2020, Ur.l. \u0161t. 42, 16.6.2015 in javnega poziva za vzpostavitev LAS Istre z dne 14.7.2015, se je dne 18.9.2015 ustanovila LAS Istre (Lokalna akcijska skupina za obmo\u010dje ob\u010din Ankaran, Izola, Koper in Piran), ki v novem programskem obdobju vklju\u010duje tudi biv\u0161i OAS Ribi\u010d (Obalno akcijsko skupino Ribi\u010d)<\/p><p>Ministrstvo za kmetijstvo, gozdarstvo in prehrano je 25.10. 2016 izdalo odlo\u010dbo \u0161t. 33151-32\/2015\/44 o potrditvi LAS Istre, ki jo je do 1. 5. 2018 zastopal vodilni partner Regionalni razvojni center Koper in Strategije lokalnega razvoja, ki jo je LAS predlo\u017eil 29.1.2016. Od 1. 5. 2018 je Sredi\u0161\u010de Rotunda, Koper, so. p. na podlagi odlo\u010dbe \u0161t. 33151-32\/2015\/66 postalo vodilni partner Las Istre. S tem datumom je Sredi\u0161\u010de Rotunda prevzelo naloge prej\u0161njega vodilnega partnerja.<\/p><p>LAS Istre je javno-zasebno partnerstvo, sklenjeno z namenom skupnega nastopa pri uresni\u010devanju Strategije lokalnega razvoja danega obmo\u010dja in pridobivanje sredstev iz treh EU skladov; EKSRP (Evropski kmetijski sklad za razvoj pode\u017eelja), ESRR (Evropski sklad za regionalni razvoj) in ESRP (Evropski sklad za ribi\u0161tvo in pomorstvo).<\/p><p>Pokrajinski muzej Koper sodeluje v LAS Istre pri ovrednotenju in usposobitvi Arheolo\u0161kega Parka Ka\u0161telir nad Kortami.<\/p>\t\t\t\t\t\t\t\t<\/div>\n\t\t\t\t<div class=\"elementor-element elementor-element-89a60f4 elementor-widget elementor-widget-image\" data-id=\"89a60f4\" data-element_type=\"widget\" data-e-type=\"widget\" data-widget_type=\"image.default\">\n\t\t\t\t\t\t\t\t\t\t\t\t\t\t\t<img fetchpriority=\"high\" decoding=\"async\" width=\"501\" height=\"392\" src=\"https:\/\/pokrajinskimuzejkoper.si\/wp-content\/uploads\/2025\/12\/las-istre.jpg\" class=\"attachment-large size-large wp-image-1487\" alt=\"\" srcset=\"https:\/\/pokrajinskimuzejkoper.si\/wp-content\/uploads\/2025\/12\/las-istre.jpg 501w, https:\/\/pokrajinskimuzejkoper.si\/wp-content\/uploads\/2025\/12\/las-istre-300x235.jpg 300w\" sizes=\"(max-width: 501px) 100vw, 501px\" \/>\t\t\t\t\t\t\t\t\t\t\t\t\t\t\t<\/div>\n\t\t\t\t\t<\/div>\n\t\t\t\t<\/div>\n\t\t\t\t<\/div>","protected":false},"excerpt":{"rendered":"<p>EU projekti Domov Stran Terra Gothica Incognita Glavni cilj projekta je ohranjanje skupne kulturne dedi\u0161\u010dine pred pozabo in propadanjem ter njena trajnostna turisti\u010dna valorizacija. Projekt spodbuja razvoj \u010dezmejne kulturno-turisti\u010dne destinacije in oblikovanje inovativnih skupnih produktov. Poseben poudarek je namenjen uvajanju sodobnih pristopov interpretacije dedi\u0161\u010dine in u\u010dinkoviti promociji, s ciljem ozave\u0161\u010danja lokalnega prebivalstva o njenem pomenu [&hellip;]<\/p>\n","protected":false},"author":1,"featured_media":0,"parent":81,"menu_order":0,"comment_status":"closed","ping_status":"closed","template":"","meta":{"_acf_changed":false,"inline_featured_image":false,"_monsterinsights_skip_tracking":false,"_monsterinsights_sitenote_active":false,"_monsterinsights_sitenote_note":"","_monsterinsights_sitenote_category":0,"footnotes":""},"class_list":["post-1485","page","type-page","status-publish","hentry"],"acf":[],"aioseo_notices":[],"_links":{"self":[{"href":"https:\/\/pokrajinskimuzejkoper.si\/en\/wp-json\/wp\/v2\/pages\/1485","targetHints":{"allow":["GET"]}}],"collection":[{"href":"https:\/\/pokrajinskimuzejkoper.si\/en\/wp-json\/wp\/v2\/pages"}],"about":[{"href":"https:\/\/pokrajinskimuzejkoper.si\/en\/wp-json\/wp\/v2\/types\/page"}],"author":[{"embeddable":true,"href":"https:\/\/pokrajinskimuzejkoper.si\/en\/wp-json\/wp\/v2\/users\/1"}],"replies":[{"embeddable":true,"href":"https:\/\/pokrajinskimuzejkoper.si\/en\/wp-json\/wp\/v2\/comments?post=1485"}],"version-history":[{"count":32,"href":"https:\/\/pokrajinskimuzejkoper.si\/en\/wp-json\/wp\/v2\/pages\/1485\/revisions"}],"predecessor-version":[{"id":2528,"href":"https:\/\/pokrajinskimuzejkoper.si\/en\/wp-json\/wp\/v2\/pages\/1485\/revisions\/2528"}],"up":[{"embeddable":true,"href":"https:\/\/pokrajinskimuzejkoper.si\/en\/wp-json\/wp\/v2\/pages\/81"}],"wp:attachment":[{"href":"https:\/\/pokrajinskimuzejkoper.si\/en\/wp-json\/wp\/v2\/media?parent=1485"}],"curies":[{"name":"wp","href":"https:\/\/api.w.org\/{rel}","templated":true}]}}