{"id":14,"date":"2025-12-01T12:09:48","date_gmt":"2025-12-01T12:09:48","guid":{"rendered":"https:\/\/pmk.click.si\/my-account\/"},"modified":"2026-01-09T10:51:53","modified_gmt":"2026-01-09T09:51:53","slug":"moj-racun","status":"publish","type":"page","link":"https:\/\/pokrajinskimuzejkoper.si\/en\/moj-racun\/","title":{"rendered":"My account"},"content":{"rendered":"<div data-elementor-type=\"wp-page\" data-elementor-id=\"14\" class=\"elementor elementor-14\" data-elementor-post-type=\"page\">\n\t\t\t\t<div class=\"elementor-element elementor-element-2fe13219 e-flex e-con-boxed e-con e-parent\" data-id=\"2fe13219\" data-element_type=\"container\" data-e-type=\"container\">\n\t\t\t\t\t<div class=\"e-con-inner\">\n\t\t\t\t<div class=\"elementor-element elementor-element-bf5aec6 e-my-account-tabs-vertical elementor-widget elementor-widget-woocommerce-my-account\" data-id=\"bf5aec6\" data-element_type=\"widget\" data-e-type=\"widget\" data-widget_type=\"woocommerce-my-account.default\">\n\t\t\t\t\t<div class=\"e-my-account-tab e-my-account-tab__\">\t\t\t<div class=\"woocommerce\"><\/div>\t\t<\/div>\n\t\t\t\t\t\t<\/div>\n\t\t\t\t\t<\/div>\n\t\t\t\t<\/div>\n\t\t\t\t<\/div>","protected":false},"excerpt":{"rendered":"<p>Dashboard Orders Downloads Addresses Account Details Logout \u017divijo omnia8 (niste omnia8? Odjava) V va\u0161i nadzorni plo\u0161\u010di ra\u010duna si lahko ogledate nedavna naro\u010dila, upravljate va\u0161e pla\u010dni\u0161ke in dostavne naslove ter urejate va\u0161e geslo in podatke ra\u010duna.<\/p>","protected":false},"author":1,"featured_media":0,"parent":0,"menu_order":0,"comment_status":"closed","ping_status":"closed","template":"","meta":{"_acf_changed":false,"inline_featured_image":false,"_monsterinsights_skip_tracking":false,"_monsterinsights_sitenote_active":false,"_monsterinsights_sitenote_note":"","_monsterinsights_sitenote_category":0,"footnotes":""},"class_list":["post-14","page","type-page","status-publish","hentry"],"acf":[],"aioseo_notices":[],"_links":{"self":[{"href":"https:\/\/pokrajinskimuzejkoper.si\/en\/wp-json\/wp\/v2\/pages\/14","targetHints":{"allow":["GET"]}}],"collection":[{"href":"https:\/\/pokrajinskimuzejkoper.si\/en\/wp-json\/wp\/v2\/pages"}],"about":[{"href":"https:\/\/pokrajinskimuzejkoper.si\/en\/wp-json\/wp\/v2\/types\/page"}],"author":[{"embeddable":true,"href":"https:\/\/pokrajinskimuzejkoper.si\/en\/wp-json\/wp\/v2\/users\/1"}],"replies":[{"embeddable":true,"href":"https:\/\/pokrajinskimuzejkoper.si\/en\/wp-json\/wp\/v2\/comments?post=14"}],"version-history":[{"count":7,"href":"https:\/\/pokrajinskimuzejkoper.si\/en\/wp-json\/wp\/v2\/pages\/14\/revisions"}],"predecessor-version":[{"id":2309,"href":"https:\/\/pokrajinskimuzejkoper.si\/en\/wp-json\/wp\/v2\/pages\/14\/revisions\/2309"}],"wp:attachment":[{"href":"https:\/\/pokrajinskimuzejkoper.si\/en\/wp-json\/wp\/v2\/media?parent=14"}],"curies":[{"name":"wp","href":"https:\/\/api.w.org\/{rel}","templated":true}]}}